{"id":1615,"date":"2023-09-06T18:40:44","date_gmt":"2023-09-06T16:40:44","guid":{"rendered":"https:\/\/www.tailoredperfumes.com\/talento\/"},"modified":"2023-12-15T11:03:21","modified_gmt":"2023-12-15T10:03:21","slug":"talento","status":"publish","type":"page","link":"https:\/\/www.tailoredperfumes.com\/es\/talento\/","title":{"rendered":"TALENTO"},"content":{"rendered":"<section class=\"l-section wpb_row us_custom_755f54c6 has_text_color us_animate_this height_huge width_full with_img\"><div class=\"l-section-img\" role=\"img\" data-img-width=\"2560\" data-img-height=\"1260\" style=\"background-image: url(https:\/\/www.tailoredperfumes.com\/wp-content\/uploads\/2023\/11\/fondo2-scaled.jpg);background-repeat: no-repeat;\"><\/div><div class=\"l-section-h i-cf\"><div class=\"g-cols vc_row via_flex valign_top type_default stacking_default\"><div class=\"vc_col-sm-12 wpb_column vc_column_container\"><div class=\"vc_column-inner\"><div class=\"wpb_wrapper\"><div class=\"w-separator size_custom\" style=\"height:20vh\"><\/div><div class=\"w-separator size_custom\" style=\"height:20vh\"><\/div><div class=\"g-cols wpb_row via_flex valign_middle type_default stacking_default\"><div class=\"vc_col-sm-12 wpb_column vc_column_container\"><div class=\"vc_column-inner us_custom_f8d5593d\"><div class=\"wpb_wrapper\"><div class=\"wpb_text_column us_custom_4fb8af78\"><div class=\"wpb_wrapper\"><h1 style=\"text-align: center;\">CULTIVAMOS<br \/>\n<em>LA EXCELENCIA<\/em><\/h1>\n<\/div><\/div><\/div><\/div><\/div><\/div><div class=\"w-separator size_custom\" style=\"height:20px\"><\/div><div class=\"g-cols wpb_row us_custom_693f4b1f via_flex valign_middle type_default stacking_default\"><div class=\"vc_col-sm-12 wpb_column vc_column_container\"><div class=\"vc_column-inner\"><div class=\"wpb_wrapper\"><div class=\"w-text us_custom_3b90d396 hide_on_mobiles\"><span url class=\"w-text-h\"><span class=\"w-text-value\">Comprometidos con la calidad, el crecimiento y la integridad.<\/span><\/span><\/div><div class=\"wpb_text_column us_custom_37ac0de4 hide_on_default hide_on_laptops hide_on_tablets\"><div class=\"wpb_wrapper\"><p style=\"text-align: center;\">Comprometidos con la calidad, el crecimiento y la integridad.<\/p>\n<\/div><\/div><\/div><\/div><\/div><\/div><div class=\"w-separator size_custom\" style=\"height:10vh\"><\/div><\/div><\/div><\/div><\/div><\/div><\/section><section class=\"l-section wpb_row us_custom_46611adf height_huge\"><div class=\"l-section-h i-cf\"><div class=\"g-cols vc_row via_flex valign_middle type_default stacking_default\"><div class=\"vc_col-sm-6 wpb_column vc_column_container\"><div class=\"vc_column-inner us_custom_965e6ee3 us_animate_this\"><div class=\"wpb_wrapper\"><div class=\"w-text us_custom_5d6d44d7\"><span url class=\"w-text-h\"><span class=\"w-text-value\">NUESTRO EQUIPO<\/span><\/span><\/div><div class=\"w-separator size_small\"><\/div><div class=\"wpb_text_column\"><div class=\"wpb_wrapper\"><h2 style=\"text-align: left;\">SOMOS<br \/>\nTAILORED PERFUMES<\/h2>\n<\/div><\/div><div class=\"w-separator size_small\"><\/div><div class=\"wpb_text_column\"><div class=\"wpb_wrapper\"><p>Un equipo multidisciplinar y comprometido que comparte una visi\u00f3n colectiva: crear emoci\u00f3n.<\/p>\n<p>En Tailored Perfumes, el rendimiento y el talento van de la mano. La confianza en las capacidades de nuestro equipo y la diversi\u00f3n como fuente de inspiraci\u00f3n nos permiten superar retos sin l\u00edmites. Buscamos la excelencia en todo lo que emprendemos, con una sensibilidad por la belleza y la moda que nos distingue. Un equipo con talento, actitud y determinaci\u00f3n, dispuesto a marcar la diferencia y a disfrutar del camino.<\/p>\n<\/div><\/div><\/div><\/div><\/div><div class=\"vc_col-sm-6 wpb_column vc_column_container  has_bg_color\"><div class=\"vc_column-inner us_custom_497f6ffe us_animate_this\"><div class=\"wpb_wrapper\"><div class=\"w-separator us_custom_6fcbfd5f size_huge\"><\/div><\/div><\/div><\/div><\/div><\/div><\/section><section class=\"l-section wpb_row height_medium\"><div class=\"l-section-h i-cf\"><div class=\"g-cols vc_row via_flex valign_top type_default stacking_default\"><div class=\"vc_col-sm-12 wpb_column vc_column_container\"><div class=\"vc_column-inner\"><div class=\"wpb_wrapper\"><div class=\"w-text us_custom_c7ea7611\"><span url class=\"w-text-h\"><span class=\"w-text-value\">QUE DICEN DE NOSOTROS<\/span><\/span><\/div><div class=\"w-separator size_small\"><\/div><div class=\"g-cols wpb_row us_custom_25d08cf5 via_flex valign_top type_default stacking_default\"><div class=\"vc_col-sm-12 wpb_column vc_column_container\"><div class=\"vc_column-inner\"><div class=\"wpb_wrapper\"><div class=\"w-grid us_custom_cf54ae85 type_carousel layout_379 valign_center\" id=\"us_grid_1\" style=\"--gap:1.5rem;\"><style>.layout_379 .w-grid-item-h{}.layout_379 .usg_post_content_1{font-size:25px!important;line-height:1.5!important;letter-spacing:1px!important;font-family:\"Worldwide\"!important}.layout_379 .usg_post_custom_field_1{font-size:15px!important;line-height:1.5!important;letter-spacing:1px!important;font-family:\"FuturaLTPro-Book\"!important;margin-bottom:0!important}.layout_379 .usg_post_custom_field_2{color:#1a1a1a!important;font-size:2rem!important}@media (min-width:1025px) and (max-width:1380px){.layout_379 .usg_post_content_1{font-size:25px!important;line-height:1.5!important;letter-spacing:1px!important;font-family:\"Worldwide\"!important}.layout_379 .usg_post_custom_field_2{color:#1a1a1a!important;font-size:2rem!important}}@media (min-width:601px) and (max-width:1024px){.layout_379 .usg_post_content_1{font-size:25px!important;line-height:1.5!important;letter-spacing:1px!important;font-family:\"Worldwide\"!important}.layout_379 .usg_post_custom_field_2{color:#1a1a1a!important;font-size:2rem!important}}@media (max-width:600px){.layout_379 .usg_post_content_1{font-size:20px!important;line-height:1.5!important;letter-spacing:1px!important;font-family:\"Worldwide\"!important}.layout_379 .usg_post_custom_field_2{color:#1a1a1a!important;font-size:2rem!important}}<\/style><div class=\"w-grid-list owl-carousel navstyle_circle navpos_outside autoheight\">\t<article class=\"w-grid-item post-1696 us_testimonial type-us_testimonial status-publish hentry us_testimonial_category-testimonios-es\" data-id=\"1696\">\r\n\t\t<div class=\"w-grid-item-h\">\r\n\t\t\t\t\t\t<div class=\"w-html usg_html_1\"><br><br><\/div><div class=\"w-hwrapper usg_hwrapper_1 align_center valign_top\" style=\"--hwrapper-gap:1.20rem\"><div class=\"w-post-elm post_custom_field usg_post_custom_field_2 has_text_color type_text  color_link_inherit\"><i class=\"fas fa-quote-left\"><\/i><span class=\"w-post-elm-value\"><\/span><\/div><div class=\"w-vwrapper usg_vwrapper_1 align_left valign_top\"><div class=\"w-post-elm post_content usg_post_content_1\"><p>TRABAJAR PARA CREAR SUE\u00d1OS A BASE DE PERFUMES QUE CUENTAN HISTORIAS.<br \/>\nTRABAJO EN EQUIPO Y EL COMPA\u00d1ERISMO POR ENCIMA DE TODO.<\/p>\n<\/div><div class=\"w-post-elm post_custom_field usg_post_custom_field_1 type_text us_testimonial_author\"><span class=\"w-post-elm-value\">EVA MONTERO<\/span><\/div><div class=\"w-html usg_html_2\"><br><br><\/div><\/div><\/div>\t\t<\/div>\r\n\t<\/article>\r\n\t<article class=\"w-grid-item post-1694 us_testimonial type-us_testimonial status-publish hentry us_testimonial_category-testimonios-es\" data-id=\"1694\">\r\n\t\t<div class=\"w-grid-item-h\">\r\n\t\t\t\t\t\t<div class=\"w-html usg_html_1\"><br><br><\/div><div class=\"w-hwrapper usg_hwrapper_1 align_center valign_top\" style=\"--hwrapper-gap:1.20rem\"><div class=\"w-post-elm post_custom_field usg_post_custom_field_2 has_text_color type_text  color_link_inherit\"><i class=\"fas fa-quote-left\"><\/i><span class=\"w-post-elm-value\"><\/span><\/div><div class=\"w-vwrapper usg_vwrapper_1 align_left valign_top\"><div class=\"w-post-elm post_content usg_post_content_1\"><p>ME MOTIVA LA PASI\u00d3N QUE SIENTO POR LOS PRODUCTOS, MI COMPROMISO TOTAL CON EL PROYECTO Y MI D\u00cdA A D\u00cdA EN UN ENTORNO DE TRABAJO EXCEPCIONAL.<\/p>\n<\/div><div class=\"w-post-elm post_custom_field usg_post_custom_field_1 type_text us_testimonial_author\"><span class=\"w-post-elm-value\">MARTA DE PABLO<\/span><\/div><div class=\"w-html usg_html_2\"><br><br><\/div><\/div><\/div>\t\t<\/div>\r\n\t<\/article>\r\n\t<article class=\"w-grid-item post-1692 us_testimonial type-us_testimonial status-publish hentry us_testimonial_category-testimonios-es\" data-id=\"1692\">\r\n\t\t<div class=\"w-grid-item-h\">\r\n\t\t\t\t\t\t<div class=\"w-html usg_html_1\"><br><br><\/div><div class=\"w-hwrapper usg_hwrapper_1 align_center valign_top\" style=\"--hwrapper-gap:1.20rem\"><div class=\"w-post-elm post_custom_field usg_post_custom_field_2 has_text_color type_text  color_link_inherit\"><i class=\"fas fa-quote-left\"><\/i><span class=\"w-post-elm-value\"><\/span><\/div><div class=\"w-vwrapper usg_vwrapper_1 align_left valign_top\"><div class=\"w-post-elm post_content usg_post_content_1\"><p>TRABAJAR CON MARCAS TOP Y MUY RECONOCIDAS INTERNACIONALMENTE.<\/p>\n<\/div><div class=\"w-post-elm post_custom_field usg_post_custom_field_1 type_text us_testimonial_author\"><span class=\"w-post-elm-value\">ANNA ESPA\u00d1OL<\/span><\/div><div class=\"w-html usg_html_2\"><br><br><\/div><\/div><\/div>\t\t<\/div>\r\n\t<\/article>\r\n\t<article class=\"w-grid-item post-1686 us_testimonial type-us_testimonial status-publish hentry us_testimonial_category-testimonios-es\" data-id=\"1686\">\r\n\t\t<div class=\"w-grid-item-h\">\r\n\t\t\t\t\t\t<div class=\"w-html usg_html_1\"><br><br><\/div><div class=\"w-hwrapper usg_hwrapper_1 align_center valign_top\" style=\"--hwrapper-gap:1.20rem\"><div class=\"w-post-elm post_custom_field usg_post_custom_field_2 has_text_color type_text  color_link_inherit\"><i class=\"fas fa-quote-left\"><\/i><span class=\"w-post-elm-value\"><\/span><\/div><div class=\"w-vwrapper usg_vwrapper_1 align_left valign_top\"><div class=\"w-post-elm post_content usg_post_content_1\"><p>EL EQUIPO Y LA CONTINUA B\u00daSQUEDA DE INNOVACI\u00d3N.<\/p>\n<\/div><div class=\"w-post-elm post_custom_field usg_post_custom_field_1 type_text us_testimonial_author\"><span class=\"w-post-elm-value\">PAU MART\u00cdNEZ<\/span><\/div><div class=\"w-html usg_html_2\"><br><br><\/div><\/div><\/div>\t\t<\/div>\r\n\t<\/article>\r\n\t<article class=\"w-grid-item post-1688 us_testimonial type-us_testimonial status-publish hentry us_testimonial_category-testimonios-es\" data-id=\"1688\">\r\n\t\t<div class=\"w-grid-item-h\">\r\n\t\t\t\t\t\t<div class=\"w-html usg_html_1\"><br><br><\/div><div class=\"w-hwrapper usg_hwrapper_1 align_center valign_top\" style=\"--hwrapper-gap:1.20rem\"><div class=\"w-post-elm post_custom_field usg_post_custom_field_2 has_text_color type_text  color_link_inherit\"><i class=\"fas fa-quote-left\"><\/i><span class=\"w-post-elm-value\"><\/span><\/div><div class=\"w-vwrapper usg_vwrapper_1 align_left valign_top\"><div class=\"w-post-elm post_content usg_post_content_1\"><p>CADA PROYECTO ES \u00daNICO Y LE DAMOS TODO EL MIMO QUE MERECE.<\/p>\n<\/div><div class=\"w-post-elm post_custom_field usg_post_custom_field_1 type_text us_testimonial_author\"><span class=\"w-post-elm-value\">CRISTINA ROD\u00c9S<\/span><\/div><div class=\"w-html usg_html_2\"><br><br><\/div><\/div><\/div>\t\t<\/div>\r\n\t<\/article>\r\n<\/div><div class=\"g-preloader type_1\">\r\n\t<div><\/div>\r\n<\/div>\r\n\t<div class=\"w-grid-json hidden\" onclick='return {&quot;action&quot;:&quot;us_ajax_grid&quot;,&quot;ajax_url&quot;:&quot;https:\\\/\\\/www.tailoredperfumes.com\\\/wp-admin\\\/admin-ajax.php&quot;,&quot;infinite_scroll&quot;:0,&quot;max_num_pages&quot;:1,&quot;pagination&quot;:&quot;none&quot;,&quot;permalink_url&quot;:&quot;https:\\\/\\\/www.tailoredperfumes.com\\\/es\\\/wp-json\\\/wp\\\/v2\\\/pages\\\/1615\\\/&quot;,&quot;template_vars&quot;:{&quot;columns&quot;:&quot;1&quot;,&quot;exclude_items&quot;:&quot;none&quot;,&quot;img_size&quot;:&quot;default&quot;,&quot;ignore_items_size&quot;:0,&quot;items_layout&quot;:&quot;379&quot;,&quot;items_offset&quot;:&quot;1&quot;,&quot;load_animation&quot;:&quot;none&quot;,&quot;overriding_link&quot;:&quot;%7B%22url%22%3A%22%22%7D&quot;,&quot;post_id&quot;:0,&quot;query_args&quot;:{&quot;post_type&quot;:[&quot;us_testimonial&quot;],&quot;tax_query&quot;:[{&quot;taxonomy&quot;:&quot;us_testimonial_category&quot;,&quot;field&quot;:&quot;slug&quot;,&quot;terms&quot;:[&quot;testimonios&quot;]}],&quot;post_status&quot;:[&quot;publish&quot;],&quot;posts_per_page&quot;:&quot;10&quot;},&quot;orderby_query_args&quot;:{&quot;orderby&quot;:{&quot;date&quot;:&quot;DESC&quot;}},&quot;type&quot;:&quot;carousel&quot;,&quot;us_grid_ajax_index&quot;:1,&quot;us_grid_filter_params&quot;:null,&quot;us_grid_index&quot;:1,&quot;_us_grid_post_type&quot;:&quot;us_testimonial&quot;,&quot;page_args&quot;:[],&quot;lang&quot;:&quot;es&quot;},&quot;carousel_settings&quot;:{&quot;autoHeight&quot;:1,&quot;autoplay&quot;:1,&quot;carousel_fade&quot;:0,&quot;center&quot;:0,&quot;dots&quot;:0,&quot;items&quot;:&quot;1&quot;,&quot;loop&quot;:true,&quot;nav&quot;:0,&quot;slideby&quot;:&quot;1&quot;,&quot;smooth_play&quot;:0,&quot;speed&quot;:250,&quot;timeout&quot;:3000,&quot;transition&quot;:&quot;&quot;,&quot;aria_labels&quot;:{&quot;prev&quot;:&quot;Anterior&quot;,&quot;next&quot;:&quot;Siguiente&quot;}},&quot;carousel_breakpoints&quot;:{&quot;0&quot;:{&quot;autoHeight&quot;:1,&quot;autoplay&quot;:1,&quot;autoplayHoverPause&quot;:1,&quot;items&quot;:1,&quot;loop&quot;:true,&quot;stagePadding&quot;:0},&quot;601&quot;:{&quot;autoHeight&quot;:1,&quot;autoplay&quot;:1,&quot;autoplayHoverPause&quot;:1,&quot;items&quot;:1,&quot;loop&quot;:true,&quot;stagePadding&quot;:0},&quot;1025&quot;:{&quot;autoHeight&quot;:1,&quot;autoplay&quot;:1,&quot;autoplayHoverPause&quot;:1,&quot;items&quot;:1,&quot;loop&quot;:true,&quot;stagePadding&quot;:0},&quot;1381&quot;:{&quot;items&quot;:1,&quot;stagePadding&quot;:0}}}'><\/div>\r\n\t<\/div><\/div><\/div><\/div><\/div><\/div><\/div><\/div><\/div><\/div><\/section><section class=\"l-section wpb_row us_custom_693f4b1f height_large\"><div class=\"l-section-overlay\" style=\"background:#f7f7f7\"><\/div><div class=\"l-section-h i-cf\"><div class=\"g-cols vc_row via_flex valign_middle type_default stacking_default\"><div class=\"vc_col-sm-6 wpb_column vc_column_container  has_bg_color\"><div class=\"vc_column-inner us_custom_102645de us_animate_this\"><div class=\"wpb_wrapper\"><div class=\"w-separator us_custom_6fcbfd5f size_huge\"><\/div><\/div><\/div><\/div><div class=\"vc_col-sm-6 wpb_column vc_column_container\"><div class=\"vc_column-inner us_custom_d53706dc us_animate_this\"><div class=\"wpb_wrapper\"><div class=\"w-separator hide_on_default hide_on_laptops hide_on_tablets size_custom\" style=\"height:30px\"><\/div><div class=\"w-text us_custom_5d6d44d7\"><span url class=\"w-text-h\"><span class=\"w-text-value\">HABLEMOS DE<\/span><\/span><\/div><div class=\"w-separator size_small\"><\/div><div class=\"wpb_text_column\"><div class=\"wpb_wrapper\"><h2 style=\"text-align: left;\">CARRERAS<\/h2>\n<\/div><\/div><div class=\"w-separator size_small\"><\/div><div class=\"wpb_text_column\"><div class=\"wpb_wrapper\"><p>Somos una empresa en constante crecimiento, que busca siempre el rendimiento m\u00e1s avanzado e innovador. No tenemos miedo de aprender, por eso buscamos profesionales que tengan las mismas ganas de crecer.<\/p>\n<p>Si te gusta trabajar en equipo, en un ambiente din\u00e1mico, divertido y comprometido, queremos conocerte. Env\u00edanos un correo y nos pondremos en contacto contigo.<\/p>\n<\/div><\/div><div class=\"w-separator size_small\"><\/div><div class=\"w-separator size_small\"><\/div><div class=\"w-text us_custom_086870f8 icon_atright\"><a href=\"https:\/\/www.tailoredperfumes.com\/contact\/\" class=\"w-text-h\"><span class=\"w-text-value\">ENVIAR CURRICULUM<\/span><i class=\"fal fa-arrow-right\"><\/i><\/a><\/div><\/div><\/div><\/div><\/div><\/div><\/section><section class=\"l-section wpb_row us_custom_89187e46 height_medium\"><div class=\"l-section-h i-cf\"><div class=\"g-cols vc_row via_flex valign_top type_default stacking_default\"><div class=\"vc_col-sm-12 wpb_column vc_column_container\"><div class=\"vc_column-inner\"><div class=\"wpb_wrapper\"><div class=\"w-separator size_large\"><\/div><div class=\"wpb_text_column\"><div class=\"wpb_wrapper\"><h2 style=\"text-align: right;\">VISITA NUESTRO<br \/>\nPERFIL DE <em>LINKEDIN<\/em><\/h2>\n<\/div><\/div><div class=\"w-separator size_small\"><\/div><div class=\"wpb_text_column\"><div class=\"wpb_wrapper\"><p style=\"text-align: right;\">En nuestro perfil de LinkedIn, compartimos nuestras \u00faltimas noticias y consejos sobre el mundo de las fragancias.<br \/>\n\u00a1S\u00edguenos para descubrir m\u00e1s!<\/p>\n<\/div><\/div><div class=\"w-separator size_large\"><\/div><div class=\"w-html\"><div class=\"tagembed-container\" style=\" width:100%;height:100%;overflow: auto;\"><div class=\"tagembed-socialwall\" data-wall-id=\"128739\" view-url=\"https:\/\/widget.tagembed.com\/128739\">  <\/div> <script src=\"\/\/widget.tagembed.com\/embed.min.js\" type=\"text\/javascript\"><\/script><\/div><\/div><div class=\"w-separator size_small\"><\/div><div class=\"w-btn-wrapper align_center\"><a class=\"w-btn us-btn-style_1\" target=\"_blank\" href=\"https:\/\/www.linkedin.com\/company\/tailoredperfumes\/?lipi=urn:li:page:d_flagship3_search_srp_all;NUiX97hIS9iv5v3oDRS+uA==\"><span class=\"w-btn-label\">VER PERFIL LINKEDIN<\/span><\/a><\/div><div class=\"w-separator hide_on_default hide_on_laptops hide_on_tablets size_large\"><\/div><\/div><\/div><\/div><\/div><\/div><\/section><section class=\"l-section wpb_row height_medium\"><div class=\"l-section-h i-cf\"><div class=\"g-cols vc_row via_flex valign_top type_default stacking_default\"><div class=\"vc_col-sm-12 wpb_column vc_column_container\"><div class=\"vc_column-inner\"><div class=\"wpb_wrapper\"><\/div><\/div><\/div><\/div><\/div><\/section>\n","protected":false},"excerpt":{"rendered":"CADA PROYECTO ES \u00daNICO Y LE DAMOS TODO EL MIMO QUE MERECE.","protected":false},"author":1,"featured_media":0,"parent":0,"menu_order":0,"comment_status":"closed","ping_status":"closed","template":"","meta":{"footnotes":""},"class_list":["post-1615","page","type-page","status-publish","hentry"],"_links":{"self":[{"href":"https:\/\/www.tailoredperfumes.com\/es\/wp-json\/wp\/v2\/pages\/1615"}],"collection":[{"href":"https:\/\/www.tailoredperfumes.com\/es\/wp-json\/wp\/v2\/pages"}],"about":[{"href":"https:\/\/www.tailoredperfumes.com\/es\/wp-json\/wp\/v2\/types\/page"}],"author":[{"embeddable":true,"href":"https:\/\/www.tailoredperfumes.com\/es\/wp-json\/wp\/v2\/users\/1"}],"replies":[{"embeddable":true,"href":"https:\/\/www.tailoredperfumes.com\/es\/wp-json\/wp\/v2\/comments?post=1615"}],"version-history":[{"count":13,"href":"https:\/\/www.tailoredperfumes.com\/es\/wp-json\/wp\/v2\/pages\/1615\/revisions"}],"predecessor-version":[{"id":2162,"href":"https:\/\/www.tailoredperfumes.com\/es\/wp-json\/wp\/v2\/pages\/1615\/revisions\/2162"}],"wp:attachment":[{"href":"https:\/\/www.tailoredperfumes.com\/es\/wp-json\/wp\/v2\/media?parent=1615"}],"curies":[{"name":"wp","href":"https:\/\/api.w.org\/{rel}","templated":true}]}}