{"id":1621,"date":"2023-09-06T18:40:27","date_gmt":"2023-09-06T16:40:27","guid":{"rendered":"https:\/\/www.tailoredperfumes.com\/sobre-nosotros\/"},"modified":"2024-01-12T12:19:49","modified_gmt":"2024-01-12T11:19:49","slug":"sobre-nosotros","status":"publish","type":"page","link":"https:\/\/www.tailoredperfumes.com\/es\/sobre-nosotros\/","title":{"rendered":"SOBRE NOSOTROS"},"content":{"rendered":"<section class=\"l-section wpb_row us_custom_755f54c6 has_text_color us_animate_this hide_on_default hide_on_laptops hide_on_tablets height_medium width_full with_img\"><div class=\"l-section-img\" role=\"img\" data-img-width=\"1170\" data-img-height=\"2532\" style=\"background-image: url(https:\/\/www.tailoredperfumes.com\/wp-content\/uploads\/2023\/12\/bodegon.jpg);background-repeat: no-repeat;\"><\/div><div class=\"l-section-overlay\" style=\"background:var(--color-header-top-transparent-bg)\"><\/div><div class=\"l-section-h i-cf\"><div class=\"g-cols vc_row via_flex valign_top type_default stacking_default\"><div class=\"vc_col-sm-12 wpb_column vc_column_container\"><div class=\"vc_column-inner\"><div class=\"wpb_wrapper\"><div class=\"w-separator size_custom\" style=\"height:20vh\"><\/div><div class=\"w-separator size_custom\" style=\"height:20vh\"><\/div><div class=\"g-cols wpb_row via_flex valign_middle type_default stacking_default\"><div class=\"vc_col-sm-12 wpb_column vc_column_container\"><div class=\"vc_column-inner us_custom_f8d5593d\"><div class=\"wpb_wrapper\"><div class=\"wpb_text_column us_custom_cdec492e\"><div class=\"wpb_wrapper\"><h1 style=\"text-align: center;\">CRECEMOS<br \/>\nSUPERANDO<em> RETOS<\/em><\/h1>\n<\/div><\/div><\/div><\/div><\/div><\/div><div class=\"w-separator size_custom\" style=\"height:20px\"><\/div><div class=\"g-cols wpb_row via_flex valign_middle type_default stacking_default\"><div class=\"vc_col-sm-12 wpb_column vc_column_container\"><div class=\"vc_column-inner\"><div class=\"wpb_wrapper\"><div class=\"wpb_text_column us_custom_6eff2b48\"><div class=\"wpb_wrapper\"><p>Creando productos altamente deseados que generan un impacto.<\/p>\n<\/div><\/div><\/div><\/div><\/div><\/div><div class=\"w-separator size_custom\" style=\"height:10vh\"><\/div><\/div><\/div><\/div><\/div><\/div><\/section><section class=\"l-section wpb_row us_custom_755f54c6 has_text_color us_animate_this hide_on_mobiles height_huge width_full with_img\"><div class=\"l-section-img\" role=\"img\" data-img-width=\"2560\" data-img-height=\"1260\" style=\"background-image: url(https:\/\/www.tailoredperfumes.com\/wp-content\/uploads\/2023\/11\/FONDO3-scaled.jpg);background-repeat: no-repeat;\"><\/div><div class=\"l-section-overlay\" style=\"background:var(--color-header-top-transparent-bg)\"><\/div><div class=\"l-section-h i-cf\"><div class=\"g-cols vc_row via_flex valign_top type_default stacking_default\"><div class=\"vc_col-sm-12 wpb_column vc_column_container\"><div class=\"vc_column-inner\"><div class=\"wpb_wrapper\"><div class=\"w-separator size_custom\" style=\"height:20vh\"><\/div><div class=\"w-separator size_custom\" style=\"height:20vh\"><\/div><div class=\"g-cols wpb_row via_flex valign_middle type_default stacking_default\"><div class=\"vc_col-sm-12 wpb_column vc_column_container\"><div class=\"vc_column-inner us_custom_f8d5593d\"><div class=\"wpb_wrapper\"><div class=\"wpb_text_column us_custom_cdec492e\"><div class=\"wpb_wrapper\"><h1 style=\"text-align: center;\">CRECEMOS<br \/>\nSUPERANDO<em> RETOS<\/em><\/h1>\n<\/div><\/div><\/div><\/div><\/div><\/div><div class=\"w-separator size_custom\" style=\"height:20px\"><\/div><div class=\"g-cols wpb_row via_flex valign_middle type_default stacking_default\"><div class=\"vc_col-sm-12 wpb_column vc_column_container\"><div class=\"vc_column-inner\"><div class=\"wpb_wrapper\"><div class=\"w-text us_custom_3b90d396\"><span url class=\"w-text-h\"><span class=\"w-text-value\">Creando productos altamente deseados que generan un impacto.<\/span><\/span><\/div><\/div><\/div><\/div><\/div><div class=\"w-separator size_custom\" style=\"height:10vh\"><\/div><\/div><\/div><\/div><\/div><\/div><\/section><section class=\"l-section wpb_row us_custom_19737bc8 height_medium\"><div class=\"l-section-h i-cf\"><div class=\"g-cols vc_row via_flex valign_middle type_default stacking_default\"><div class=\"vc_col-sm-6 wpb_column vc_column_container  hide_on_mobiles has_bg_color\"><div class=\"vc_column-inner us_custom_a6cb6123 us_animate_this\"><div class=\"wpb_wrapper\"><div class=\"w-separator size_huge\"><\/div><div class=\"w-separator size_large\"><\/div><div class=\"w-separator size_large\"><\/div><\/div><\/div><\/div><div class=\"vc_col-sm-6 wpb_column vc_column_container\"><div class=\"vc_column-inner us_custom_5aeccaed us_animate_this\"><div class=\"wpb_wrapper\"><div class=\"w-separator size_huge\"><\/div><div class=\"w-text us_custom_5d6d44d7\"><span url class=\"w-text-h\"><span class=\"w-text-value\">NUESTRA MISI\u00d3N<\/span><\/span><\/div><div class=\"w-separator size_small\"><\/div><div class=\"wpb_text_column\"><div class=\"wpb_wrapper\"><h2>CREAMOS FRAGANCIAS PARA EL FUTURO<\/h2>\n<\/div><\/div><div class=\"w-separator size_small\"><\/div><div class=\"wpb_text_column\"><div class=\"wpb_wrapper\"><p>Nuestro objetivo es crear productos altamente deseables y memorables con experiencias que transformen el d\u00eda a d\u00eda. Tailored Perfumes ha sido pionero en una nueva generaci\u00f3n de productos destinados a desafiar la industria de la perfumer\u00eda.<\/p>\n<p>Un enfoque que ha conseguido un rendimiento de venta excepcional en numerosos pa\u00edses y ha obtenido varios premios de dise\u00f1o de la industria.<\/p>\n<\/div><\/div><div class=\"w-separator size_huge\"><\/div><\/div><\/div><\/div><\/div><\/div><\/section><section class=\"l-section wpb_row height_medium\"><div class=\"l-section-h i-cf\"><div class=\"g-cols vc_row via_flex valign_top type_default stacking_default\"><div class=\"vc_col-sm-3 wpb_column vc_column_container\"><div class=\"vc_column-inner\"><div class=\"wpb_wrapper\"><\/div><\/div><\/div><div class=\"vc_col-sm-6 wpb_column vc_column_container\"><div class=\"vc_column-inner\"><div class=\"wpb_wrapper\"><div class=\"w-text us_custom_c7ea7611\"><span url class=\"w-text-h\"><span class=\"w-text-value\">EMPRESA TOTALMENTE INTEGRADA<\/span><\/span><\/div><div class=\"w-separator size_small\"><\/div><h2 class=\"w-text us_custom_eb849559\"><span url class=\"w-text-h\"><span class=\"w-text-value\">NUESTRO ENFOQUE<\/span><\/span><\/h2><div class=\"wpb_text_column\"><div class=\"wpb_wrapper\"><p style=\"text-align: center;\">Garantizamos un cuidado excepcional en todas las etapas de cada<br \/>\nproyecto, desde la concepci\u00f3n inicial hasta que llega<br \/>\na las manos de nuestros consumidores.<\/p>\n<\/div><\/div><\/div><\/div><\/div><div class=\"vc_col-sm-3 wpb_column vc_column_container\"><div class=\"vc_column-inner\"><div class=\"wpb_wrapper\"><\/div><\/div><\/div><\/div><\/div><\/section><section class=\"l-section wpb_row height_auto\"><div class=\"l-section-h i-cf\"><div class=\"g-cols vc_row via_flex valign_middle type_default stacking_default\"><div class=\"vc_col-sm-6 wpb_column vc_column_container  has_bg_color stretched\"><div class=\"vc_column-inner us_custom_83ef9683 us_animate_this\"><div class=\"wpb_wrapper\"><\/div><\/div><\/div><div class=\"vc_col-sm-6 wpb_column vc_column_container\"><div class=\"vc_column-inner us_custom_6c753450 us_animate_this\"><div class=\"wpb_wrapper\"><h4 class=\"w-text\"><span url class=\"w-text-h\"><span class=\"w-text-value\">CONCEPTO &amp; DISE\u00d1O<\/span><\/span><\/h4><div class=\"wpb_text_column\"><div class=\"wpb_wrapper\"><p>Junto a expertos en tendencias e insights de consumidores, anticipamos y creamos arquetipos de consumidores con deseos y necesidades. No se trata de un producto, sino de un sue\u00f1o que queremos ofrecer a nuestro consumidor.<br \/>\nDamos vida a estos sue\u00f1os con nuestros dise\u00f1adores internos y colaborando con las mejores agencias del sector: combinamos rapidez, creatividad, atenci\u00f3n al detalle y excelencia.<\/p>\n<\/div><\/div><\/div><\/div><\/div><\/div><\/div><\/section><section class=\"l-section wpb_row height_auto\"><div class=\"l-section-h i-cf\"><div class=\"g-cols vc_row via_flex valign_middle type_default reversed stacking_default\"><div class=\"vc_col-sm-6 wpb_column vc_column_container\"><div class=\"vc_column-inner us_custom_98ad0217 us_animate_this\"><div class=\"wpb_wrapper\"><h4 class=\"w-text us_custom_f03ee871\"><span url class=\"w-text-h\"><span class=\"w-text-value\">INGENIER\u00cdA &amp; DESARROLLO DE PRODUCTOS<\/span><\/span><\/h4><div class=\"wpb_text_column\"><div class=\"wpb_wrapper\"><p style=\"text-align: right;\">Nuestro equipo interno de ingenier\u00eda y desarrollo de productos trabaja con software 3D avanzado para visualizar y perfeccionar conceptos de dise\u00f1o con alta precisi\u00f3n. A trav\u00e9s de prototipado y pruebas rigurosas, garantizamos que nuestros proyectos sean tanto factibles como de la m\u00e1s alta calidad, cumpliendo con nuestros estrictos est\u00e1ndares de control de calidad y rendimiento.<\/p>\n<\/div><\/div><\/div><\/div><\/div><div class=\"vc_col-sm-6 wpb_column vc_column_container  has_bg_color stretched\"><div class=\"vc_column-inner us_custom_e27461e2 us_animate_this\"><div class=\"wpb_wrapper\"><\/div><\/div><\/div><\/div><\/div><\/section><section class=\"l-section wpb_row height_auto\"><div class=\"l-section-h i-cf\"><div class=\"g-cols vc_row via_flex valign_middle type_default stacking_default\"><div class=\"vc_col-sm-6 wpb_column vc_column_container  has_bg_color stretched\"><div class=\"vc_column-inner us_custom_4354b4e5 us_animate_this\"><div class=\"wpb_wrapper\"><\/div><\/div><\/div><div class=\"vc_col-sm-6 wpb_column vc_column_container\"><div class=\"vc_column-inner us_custom_68139eed us_animate_this\"><div class=\"wpb_wrapper\"><h4 class=\"w-text\"><span url class=\"w-text-h\"><span class=\"w-text-value\">F\u00c1BRICA &amp; INSTALACIONES<\/span><\/span><\/h4><div class=\"wpb_text_column\"><div class=\"wpb_wrapper\"><p>Nuestra f\u00e1brica est\u00e1 ubicada en Barcelona y cuenta con m\u00e1quinas de llenado totalmente autom\u00e1ticas y control de calidad integrado en las l\u00edneas de producci\u00f3n, adem\u00e1s de dos centros de distribuci\u00f3n.<br \/>\nNuestras instalaciones son respetuosas con el medio ambiente y cumplen con las regulaciones ISO.<\/p>\n<\/div><\/div><\/div><\/div><\/div><\/div><\/div><\/section><section class=\"l-section wpb_row height_auto\"><div class=\"l-section-h i-cf\"><div class=\"g-cols vc_row via_flex valign_middle type_default reversed stacking_default\"><div class=\"vc_col-sm-6 wpb_column vc_column_container\"><div class=\"vc_column-inner us_custom_98ad0217 us_animate_this\"><div class=\"wpb_wrapper\"><h4 class=\"w-text us_custom_f03ee871\"><span url class=\"w-text-h\"><span class=\"w-text-value\">DESARROLLO DE MARCA &amp; MARKETING<\/span><\/span><\/h4><div class=\"wpb_text_column\"><div class=\"wpb_wrapper\"><p style=\"text-align: right;\">Nuestro contenido de marketing no trata solo de atraer, sino de conectar. Conectar con los consumidores implica comprender su estilo de vida. Por eso, nuestro contenido de marketing est\u00e1 dise\u00f1ado para crear una conexi\u00f3n profunda, llegando a audiencias de todo el mundo a trav\u00e9s de campa\u00f1as, plataformas digitales, iniciativas de prensa y puntos de venta.<\/p>\n<\/div><\/div><\/div><\/div><\/div><div class=\"vc_col-sm-6 wpb_column vc_column_container  has_bg_color stretched\"><div class=\"vc_column-inner us_custom_2923f54b us_animate_this\"><div class=\"wpb_wrapper\"><\/div><\/div><\/div><\/div><\/div><\/section><section class=\"l-section wpb_row height_auto\"><div class=\"l-section-h i-cf\"><div class=\"g-cols vc_row via_flex valign_middle type_default stacking_default\"><div class=\"vc_col-sm-6 wpb_column vc_column_container  has_bg_color stretched\"><div class=\"vc_column-inner us_custom_38c78567 us_animate_this\"><div class=\"wpb_wrapper\"><\/div><\/div><\/div><div class=\"vc_col-sm-6 wpb_column vc_column_container\"><div class=\"vc_column-inner us_custom_68139eed us_animate_this\"><div class=\"wpb_wrapper\"><h4 class=\"w-text\"><span url class=\"w-text-h\"><span class=\"w-text-value\">LABORATORIO<\/span><\/span><\/h4><div class=\"wpb_text_column\"><div class=\"wpb_wrapper\"><p>Colaboramos con las mejores casas de perfumer\u00eda y perfumistas de renombre mundial para crear composiciones de fragancias \u00fanicas para nuestros proyectos. Realizamos constantes evaluaciones internas, pruebas regulatorias y desarrollamos f\u00f3rmulas certificadas con nuestro departamento de I+D.<\/p>\n<\/div><\/div><\/div><\/div><\/div><\/div><\/div><\/section><section class=\"l-section wpb_row height_auto\"><div class=\"l-section-h i-cf\"><div class=\"g-cols vc_row via_flex valign_middle type_default reversed stacking_default\"><div class=\"vc_col-sm-6 wpb_column vc_column_container\"><div class=\"vc_column-inner us_custom_98ad0217 us_animate_this\"><div class=\"wpb_wrapper\"><h4 class=\"w-text us_custom_f03ee871\"><span url class=\"w-text-h\"><span class=\"w-text-value\">DISTRIBUCI\u00d3N<\/span><\/span><\/h4><div class=\"wpb_text_column\"><div class=\"wpb_wrapper\"><p style=\"text-align: right;\">Con sede en Espa\u00f1a, la compa\u00f1\u00eda cuenta con una red de distribuci\u00f3n global, vendiendo en m\u00e1s de 100 pa\u00edses y llegando a m\u00e1s de 30.000 puntos de venta, donde presentamos nuestro portafolio de marcas globales. Desde grandes almacenes hasta cadenas de mercado masivo, desarrollamos estrategias para aumentar la imagen de la marca y maximizar su potencial.<\/p>\n<\/div><\/div><\/div><\/div><\/div><div class=\"vc_col-sm-6 wpb_column vc_column_container  has_bg_color stretched\"><div class=\"vc_column-inner us_custom_da519c41 us_animate_this\"><div class=\"wpb_wrapper\"><\/div><\/div><\/div><\/div><\/div><\/section><section class=\"l-section wpb_row height_large\"><div class=\"l-section-h i-cf\"><div class=\"g-cols vc_row via_flex valign_top type_default stacking_default\"><div class=\"vc_col-sm-12 wpb_column vc_column_container\"><div class=\"vc_column-inner\"><div class=\"wpb_wrapper\"><div class=\"w-btn-wrapper align_center\"><a class=\"w-btn us-btn-style_1\" href=\"https:\/\/www.tailoredperfumes.com\/es\/contacto\/\"><span class=\"w-btn-label\">CONT\u00c1CTANOS<\/span><\/a><\/div><\/div><\/div><\/div><\/div><\/div><\/section><section class=\"l-section wpb_row height_medium\"><div class=\"l-section-overlay\" style=\"background:#cccac3\"><\/div><div class=\"l-section-h i-cf\"><div class=\"g-cols vc_row via_flex valign_top type_default stacking_default\"><div class=\"vc_col-sm-2 wpb_column vc_column_container\"><div class=\"vc_column-inner\"><div class=\"wpb_wrapper\"><\/div><\/div><\/div><div class=\"vc_col-sm-8 wpb_column vc_column_container\"><div class=\"vc_column-inner us_custom_693f4b1f\"><div class=\"wpb_wrapper\"><div class=\"w-text us_custom_c7ea7611\"><span url class=\"w-text-h\"><span class=\"w-text-value\">PREMIOS Y DISTINCIONES<\/span><\/span><\/div><div class=\"w-separator size_small\"><\/div><h2 class=\"w-text us_custom_508d3c26\"><span url class=\"w-text-h\"><span class=\"w-text-value\">RECONOCIMIENTOS EN LA INDUSTRIA EN DISE\u00d1O E INNOVACI\u00d3N<\/span><\/span><\/h2><\/div><\/div><\/div><div class=\"vc_col-sm-2 wpb_column vc_column_container\"><div class=\"vc_column-inner\"><div class=\"wpb_wrapper\"><\/div><\/div><\/div><div class=\"vc_col-sm-12 wpb_column vc_column_container\"><div class=\"vc_column-inner\"><div class=\"wpb_wrapper\"><div class=\"w-separator size_small with_line width_default thick_1 style_solid color_text align_center\"><div class=\"w-separator-h\"><\/div><\/div><div class=\"g-cols wpb_row via_flex valign_top type_default stacking_default\"><div class=\"vc_col-sm-7 wpb_column vc_column_container\"><div class=\"vc_column-inner\"><div class=\"wpb_wrapper\"><div class=\"wpb_text_column\"><div class=\"wpb_wrapper\"><h5>COSMOPOLITAN BEAUTY AWARD|GOLD SEDUCTION WOMEN\u2019SECRET<\/h5>\n<\/div><\/div><\/div><\/div><\/div><div class=\"vc_col-sm-5 wpb_column vc_column_container\"><div class=\"vc_column-inner\"><div class=\"wpb_wrapper\"><div class=\"wpb_text_column us_custom_d8d93378\"><div class=\"wpb_wrapper\"><p style=\"text-align: right;\">COSMOPOLITAN BEAUTY AWARDS (HUNGARY)\u00a0\u00a0\u00a0\u00a0\u00a0\u00a0\u00a0 2023<\/p>\n<\/div><\/div><\/div><\/div><\/div><\/div><div class=\"w-separator size_small with_line width_default thick_1 style_solid color_text align_center\"><div class=\"w-separator-h\"><\/div><\/div><div class=\"g-cols wpb_row via_flex valign_top type_default stacking_default\"><div class=\"vc_col-sm-7 wpb_column vc_column_container\"><div class=\"vc_column-inner\"><div class=\"wpb_wrapper\"><div class=\"wpb_text_column\"><div class=\"wpb_wrapper\"><h5>WINNER CERTIFICATE IN PACKAGING INNOVATION|PEPE JEANS BRIGHT<\/h5>\n<\/div><\/div><\/div><\/div><\/div><div class=\"vc_col-sm-5 wpb_column vc_column_container\"><div class=\"vc_column-inner\"><div class=\"wpb_wrapper\"><div class=\"wpb_text_column us_custom_b885f9de\"><div class=\"wpb_wrapper\"><p style=\"text-align: right;\">PCD INNOVATION AWARDS 2023 (PARIS) \u00a0\u00a0\u00a0\u00a0\u00a0\u00a0 2023<\/p>\n<\/div><\/div><\/div><\/div><\/div><\/div><div class=\"w-separator size_small with_line width_default thick_1 style_solid color_text align_center\"><div class=\"w-separator-h\"><\/div><\/div><div class=\"g-cols wpb_row via_flex valign_top type_default stacking_default\"><div class=\"vc_col-sm-7 wpb_column vc_column_container\"><div class=\"vc_column-inner\"><div class=\"wpb_wrapper\"><div class=\"wpb_text_column\"><div class=\"wpb_wrapper\"><h5>BEST MASCULINE FRAGRANCE|PEPE JEANS COCKTAIL FOR HIM<\/h5>\n<\/div><\/div><\/div><\/div><\/div><div class=\"vc_col-sm-5 wpb_column vc_column_container\"><div class=\"vc_column-inner\"><div class=\"wpb_wrapper\"><div class=\"wpb_text_column us_custom_d8d93378\"><div class=\"wpb_wrapper\"><p style=\"text-align: right;\">GLAMOUR GLAMMIES 2023 (HUNGARY) \u00a0\u00a0\u00a0\u00a0\u00a0\u00a0 2023<\/p>\n<\/div><\/div><\/div><\/div><\/div><\/div><div class=\"w-separator size_small with_line width_default thick_1 style_solid color_text align_center\"><div class=\"w-separator-h\"><\/div><\/div><div class=\"g-cols wpb_row via_flex valign_top type_default stacking_default\"><div class=\"vc_col-sm-7 wpb_column vc_column_container\"><div class=\"vc_column-inner\"><div class=\"wpb_wrapper\"><div class=\"wpb_text_column\"><div class=\"wpb_wrapper\"><h5>BEST WOMEN\u2019S LIFESTYLE FRAGRANCE|INTIMATE WOMEN\u2019SECRET<\/h5>\n<\/div><\/div><\/div><\/div><\/div><div class=\"vc_col-sm-5 wpb_column vc_column_container\"><div class=\"vc_column-inner\"><div class=\"wpb_wrapper\"><div class=\"wpb_text_column us_custom_d8d93378\"><div class=\"wpb_wrapper\"><p style=\"text-align: right;\">ACADEMIA DEL PERFUME (SPAIN) \u00a0\u00a0\u00a0\u00a0\u00a0\u00a0 2021<\/p>\n<\/div><\/div><\/div><\/div><\/div><\/div><div class=\"w-separator size_small with_line width_default thick_1 style_solid color_text align_center\"><div class=\"w-separator-h\"><\/div><\/div><div class=\"g-cols wpb_row via_flex valign_top type_default stacking_default\"><div class=\"vc_col-sm-7 wpb_column vc_column_container\"><div class=\"vc_column-inner\"><div class=\"wpb_wrapper\"><div class=\"wpb_text_column\"><div class=\"wpb_wrapper\"><h5>BEST FEMININE PRODUCT DESIGN|PEPE JEANS LIFE IS NOW<\/h5>\n<\/div><\/div><\/div><\/div><\/div><div class=\"vc_col-sm-5 wpb_column vc_column_container\"><div class=\"vc_column-inner\"><div class=\"wpb_wrapper\"><div class=\"wpb_text_column us_custom_d8d93378\"><div class=\"wpb_wrapper\"><p style=\"text-align: right;\">PENTAWARDS SILVER (UK) \u00a0\u00a0\u00a0\u00a0\u00a0\u00a0 2019<\/p>\n<\/div><\/div><\/div><\/div><\/div><\/div><div class=\"w-separator size_small with_line width_default thick_1 style_solid color_text align_center\"><div class=\"w-separator-h\"><\/div><\/div><div class=\"g-cols wpb_row via_flex valign_top type_default stacking_default\"><div class=\"vc_col-sm-7 wpb_column vc_column_container\"><div class=\"vc_column-inner\"><div class=\"wpb_wrapper\"><div class=\"wpb_text_column\"><div class=\"wpb_wrapper\"><h5>BEST MASCULINE PRODUCT DESIGN|PEPE JEANS LIFE IS NOW<\/h5>\n<\/div><\/div><\/div><\/div><\/div><div class=\"vc_col-sm-5 wpb_column vc_column_container\"><div class=\"vc_column-inner\"><div class=\"wpb_wrapper\"><div class=\"wpb_text_column us_custom_d8d93378\"><div class=\"wpb_wrapper\"><p style=\"text-align: right;\">PENTAWARDS SILVER (UK) \u00a0\u00a0\u00a0\u00a0\u00a0\u00a0 2019<\/p>\n<\/div><\/div><\/div><\/div><\/div><\/div><div class=\"w-separator size_small with_line width_default thick_1 style_solid color_text align_center\"><div class=\"w-separator-h\"><\/div><\/div><div class=\"g-cols wpb_row via_flex valign_top type_default stacking_default\"><div class=\"vc_col-sm-7 wpb_column vc_column_container\"><div class=\"vc_column-inner\"><div class=\"wpb_wrapper\"><div class=\"wpb_text_column\"><div class=\"wpb_wrapper\"><h5>BEST NEW FEMININE FRAGRANCE|PEPE JEANS LIFE IS NOW<\/h5>\n<\/div><\/div><\/div><\/div><\/div><div class=\"vc_col-sm-5 wpb_column vc_column_container\"><div class=\"vc_column-inner\"><div class=\"wpb_wrapper\"><div class=\"wpb_text_column us_custom_d8d93378\"><div class=\"wpb_wrapper\"><p style=\"text-align: right;\">BEAUTY GLOBAL AWARDS (DUBAI) \u00a0\u00a0\u00a0\u00a0\u00a0\u00a0 2019<\/p>\n<\/div><\/div><\/div><\/div><\/div><\/div><\/div><\/div><\/div><\/div><\/div><\/section><section class=\"l-section wpb_row height_large\"><div class=\"l-section-h i-cf\"><div class=\"g-cols vc_row via_flex valign_top type_default stacking_default\"><div class=\"vc_col-sm-12 wpb_column vc_column_container\"><div class=\"vc_column-inner\"><div class=\"wpb_wrapper\"><div class=\"w-btn-wrapper align_center\"><a class=\"w-btn us-btn-style_1\" href=\"https:\/\/www.tailoredperfumes.com\/es\/nuestras-marcas\/\"><span class=\"w-btn-label\">NUESTRAS MARCAS<\/span><\/a><\/div><div class=\"w-separator hide_on_default hide_on_laptops hide_on_tablets size_medium\"><\/div><\/div><\/div><\/div><\/div><\/div><\/section>\n","protected":false},"excerpt":{"rendered":"CRECEMOS SUPERANDO RETOS Creando productos altamente deseados que generan un impacto. CRECEMOS SUPERANDO RETOS Creando productos altamente deseados que generan un impacto.NUESTRA MISI\u00d3NCREAMOS FRAGANCIAS PARA EL FUTURO Nuestro objetivo es crear productos altamente deseables y memorables con experiencias que transformen el d\u00eda a d\u00eda. Tailored Perfumes ha sido pionero en una nueva generaci\u00f3n de productos...","protected":false},"author":1,"featured_media":0,"parent":0,"menu_order":0,"comment_status":"closed","ping_status":"closed","template":"","meta":{"footnotes":""},"class_list":["post-1621","page","type-page","status-publish","hentry"],"_links":{"self":[{"href":"https:\/\/www.tailoredperfumes.com\/es\/wp-json\/wp\/v2\/pages\/1621"}],"collection":[{"href":"https:\/\/www.tailoredperfumes.com\/es\/wp-json\/wp\/v2\/pages"}],"about":[{"href":"https:\/\/www.tailoredperfumes.com\/es\/wp-json\/wp\/v2\/types\/page"}],"author":[{"embeddable":true,"href":"https:\/\/www.tailoredperfumes.com\/es\/wp-json\/wp\/v2\/users\/1"}],"replies":[{"embeddable":true,"href":"https:\/\/www.tailoredperfumes.com\/es\/wp-json\/wp\/v2\/comments?post=1621"}],"version-history":[{"count":24,"href":"https:\/\/www.tailoredperfumes.com\/es\/wp-json\/wp\/v2\/pages\/1621\/revisions"}],"predecessor-version":[{"id":2215,"href":"https:\/\/www.tailoredperfumes.com\/es\/wp-json\/wp\/v2\/pages\/1621\/revisions\/2215"}],"wp:attachment":[{"href":"https:\/\/www.tailoredperfumes.com\/es\/wp-json\/wp\/v2\/media?parent=1621"}],"curies":[{"name":"wp","href":"https:\/\/api.w.org\/{rel}","templated":true}]}}