{"id":1635,"date":"2023-10-06T07:29:29","date_gmt":"2023-10-06T05:29:29","guid":{"rendered":"https:\/\/www.tailoredperfumes.com\/compromisos\/"},"modified":"2023-12-15T09:20:21","modified_gmt":"2023-12-15T08:20:21","slug":"compromisos","status":"publish","type":"page","link":"https:\/\/www.tailoredperfumes.com\/es\/compromisos\/","title":{"rendered":"COMPROMISOS"},"content":{"rendered":"<section class=\"l-section wpb_row us_custom_92fa26d6 us_animate_this height_medium\"><div class=\"l-section-h i-cf\"><div class=\"g-cols vc_row via_flex valign_top type_default stacking_default\"><div class=\"vc_col-sm-12 wpb_column vc_column_container\"><div class=\"vc_column-inner\"><div class=\"wpb_wrapper\"><div class=\"w-separator size_small\"><\/div><div class=\"w-separator size_small\"><\/div><div class=\"w-separator size_medium\"><\/div><div class=\"g-cols wpb_row via_flex valign_middle type_default stacking_default\"><div class=\"vc_col-sm-12 wpb_column vc_column_container\"><div class=\"vc_column-inner\"><div class=\"wpb_wrapper\"><div class=\"wpb_text_column hide_on_mobiles\"><div class=\"wpb_wrapper\"><h2 style=\"text-align: center;\"><em>COMPROMISOS<\/em> :<\/h2>\n<\/div><\/div><div class=\"wpb_text_column hide_on_default hide_on_laptops hide_on_tablets\"><div class=\"wpb_wrapper\"><h3 style=\"text-align: center;\"><em>COMPROMISOS<\/em> :<\/h3>\n<\/div><\/div><div class=\"w-separator size_custom\" style=\"height:10px\"><\/div><div class=\"wpb_text_column\"><div class=\"wpb_wrapper\"><h1 style=\"text-align: center;\">UN PASO M\u00c1S<\/h1>\n<\/div><\/div><div class=\"w-separator size_small\"><\/div><div class=\"w-text us_custom_17e976bd\"><span url class=\"w-text-h\"><span class=\"w-text-value\">para dejar un mundo mejor a generaciones futuras.<\/span><\/span><\/div><\/div><\/div><\/div><\/div><div class=\"w-separator size_small\"><\/div><div class=\"w-separator hide_on_default hide_on_laptops hide_on_tablets size_large\"><\/div><div class=\"wpb_text_column\"><div class=\"wpb_wrapper\"><p style=\"text-align: center;\">En Tailored Perfumes, tenemos cuidado en cada aspecto del proceso: nos preocupamos por c\u00f3mo obtenemos los recursos, por la calidad de nuestros productos, por las emisiones de nuestras instalaciones, por el bienestar de nuestro equipo y nos preocupamos por nuestro impacto en el planeta. Con compromisos conscientes, esperamos generar un impacto positivo y duradero.<\/p>\n<\/div><\/div><\/div><\/div><\/div><\/div><\/div><\/section><section class=\"l-section wpb_row height_small\"><div class=\"l-section-h i-cf\"><div class=\"g-cols vc_row via_flex valign_top type_default stacking_default\"><div class=\"vc_col-sm-4 wpb_column vc_column_container\"><div class=\"vc_column-inner\"><div class=\"wpb_wrapper\"><div class=\"w-image has_ratio align_center\"><div url class=\"w-image-h\"><div style=\"padding-bottom:75%\"><\/div><img loading=\"lazy\" decoding=\"async\" width=\"734\" height=\"550\" src=\"https:\/\/www.tailoredperfumes.com\/wp-content\/uploads\/2023\/11\/vete.jpg\" class=\"attachment-full size-full\" alt=\"\" srcset=\"https:\/\/www.tailoredperfumes.com\/wp-content\/uploads\/2023\/11\/vete.jpg 734w, https:\/\/www.tailoredperfumes.com\/wp-content\/uploads\/2023\/11\/vete-300x225.jpg 300w, https:\/\/www.tailoredperfumes.com\/wp-content\/uploads\/2023\/11\/vete-534x400.jpg 534w\" sizes=\"(max-width: 734px) 100vw, 734px\" \/><\/div><\/div><div class=\"w-separator size_small\"><\/div><div class=\"w-separator hide_on_default hide_on_laptops hide_on_tablets size_medium\"><\/div><div class=\"wpb_text_column\"><div class=\"wpb_wrapper\"><h4 style=\"text-align: center;\">FORMULACI\u00d3N &amp;<br \/>\nSUMINISTRO \u00c9TICO<\/h4>\n<\/div><\/div><div class=\"w-separator size_small\"><\/div><div class=\"wpb_text_column\"><div class=\"wpb_wrapper\"><p style=\"text-align: center;\">Obtenemos ingredientes de la m\u00e1s alta calidad, que garantizan una fragancia premium y pr\u00e1cticas de extracci\u00f3n \u00e9ticas. Priorizamos mejorar la trazabilidad y el uso de materias primas certificadas. Nuestras f\u00f3rmulas est\u00e1n restringidas para garantizar una calidad segura y certificada.<\/p>\n<\/div><\/div><div class=\"w-separator hide_on_default hide_on_laptops hide_on_tablets size_medium\"><\/div><\/div><\/div><\/div><div class=\"vc_col-sm-4 wpb_column vc_column_container\"><div class=\"vc_column-inner\"><div class=\"wpb_wrapper\"><div class=\"w-image has_ratio align_center\"><div url class=\"w-image-h\"><div style=\"padding-bottom:75%\"><\/div><img loading=\"lazy\" decoding=\"async\" width=\"800\" height=\"583\" src=\"https:\/\/www.tailoredperfumes.com\/wp-content\/uploads\/2023\/11\/b2.jpg\" class=\"attachment-full size-full\" alt=\"\" srcset=\"https:\/\/www.tailoredperfumes.com\/wp-content\/uploads\/2023\/11\/b2.jpg 800w, https:\/\/www.tailoredperfumes.com\/wp-content\/uploads\/2023\/11\/b2-300x219.jpg 300w, https:\/\/www.tailoredperfumes.com\/wp-content\/uploads\/2023\/11\/b2-549x400.jpg 549w\" sizes=\"(max-width: 800px) 100vw, 800px\" \/><\/div><\/div><div class=\"w-separator size_small\"><\/div><div class=\"w-separator hide_on_default hide_on_laptops hide_on_tablets size_medium\"><\/div><div class=\"wpb_text_column\"><div class=\"wpb_wrapper\"><h4 style=\"text-align: center;\">GESTI\u00d3N DE PRODUCTO<\/h4>\n<\/div><\/div><div class=\"w-separator size_small\"><\/div><div class=\"wpb_text_column\"><div class=\"wpb_wrapper\"><p style=\"text-align: center;\">Innovando en soluciones de packaging para reducir los residuos. Promovemos activamente la econom\u00eda circular, dando importancia a los principios de fin de vida \u00fatil en nuestros envases trabajando sistem\u00e1ticamente con materiales reciclados y reciclables.<\/p>\n<\/div><\/div><div class=\"w-separator hide_on_default hide_on_laptops hide_on_tablets size_medium\"><\/div><\/div><\/div><\/div><div class=\"vc_col-sm-4 wpb_column vc_column_container\"><div class=\"vc_column-inner\"><div class=\"wpb_wrapper\"><div class=\"w-image has_ratio align_center\"><div url class=\"w-image-h\"><div style=\"padding-bottom:75%\"><\/div><img loading=\"lazy\" decoding=\"async\" width=\"800\" height=\"583\" src=\"https:\/\/www.tailoredperfumes.com\/wp-content\/uploads\/2023\/11\/b3.jpg\" class=\"attachment-full size-full\" alt=\"\" srcset=\"https:\/\/www.tailoredperfumes.com\/wp-content\/uploads\/2023\/11\/b3.jpg 800w, https:\/\/www.tailoredperfumes.com\/wp-content\/uploads\/2023\/11\/b3-300x219.jpg 300w, https:\/\/www.tailoredperfumes.com\/wp-content\/uploads\/2023\/11\/b3-549x400.jpg 549w\" sizes=\"(max-width: 800px) 100vw, 800px\" \/><\/div><\/div><div class=\"w-separator size_small\"><\/div><div class=\"w-separator hide_on_default hide_on_laptops hide_on_tablets size_medium\"><\/div><div class=\"wpb_text_column\"><div class=\"wpb_wrapper\"><h4 style=\"text-align: center;\">ACCI\u00d3N SOCIAL<\/h4>\n<\/div><\/div><div class=\"w-separator size_small\"><\/div><div class=\"wpb_text_column\"><div class=\"wpb_wrapper\"><p style=\"text-align: center;\">Colaboramos con la Fundaci\u00f3n Nuria Garc\u00eda, dedicada desde 2012 a mejorar las condiciones de vida de miles de ni\u00f1os, contribuyendo a proyectos de salud, educaci\u00f3n, nutrici\u00f3n, as\u00ed como de integraci\u00f3n social en todo el mundo.<\/p>\n<\/div><\/div><\/div><\/div><\/div><\/div><\/div><\/section><section class=\"l-section wpb_row height_small\"><div class=\"l-section-h i-cf\"><div class=\"g-cols vc_row via_flex valign_top type_default stacking_default\"><div class=\"vc_col-sm-2 wpb_column vc_column_container\"><div class=\"vc_column-inner\"><div class=\"wpb_wrapper\"><\/div><\/div><\/div><div class=\"vc_col-sm-4 wpb_column vc_column_container\"><div class=\"vc_column-inner\"><div class=\"wpb_wrapper\"><div class=\"w-image has_ratio align_center\"><div url class=\"w-image-h\"><div style=\"padding-bottom:75%\"><\/div><img loading=\"lazy\" decoding=\"async\" width=\"800\" height=\"583\" src=\"https:\/\/www.tailoredperfumes.com\/wp-content\/uploads\/2023\/11\/b4.jpg\" class=\"attachment-full size-full\" alt=\"\" srcset=\"https:\/\/www.tailoredperfumes.com\/wp-content\/uploads\/2023\/11\/b4.jpg 800w, https:\/\/www.tailoredperfumes.com\/wp-content\/uploads\/2023\/11\/b4-300x219.jpg 300w, https:\/\/www.tailoredperfumes.com\/wp-content\/uploads\/2023\/11\/b4-549x400.jpg 549w\" sizes=\"(max-width: 800px) 100vw, 800px\" \/><\/div><\/div><div class=\"w-separator size_small\"><\/div><div class=\"w-separator hide_on_default hide_on_laptops hide_on_tablets size_medium\"><\/div><div class=\"wpb_text_column\"><div class=\"wpb_wrapper\"><h4 style=\"text-align: center;\">PRODUCCI\u00d3N<br \/>\nRESPONSABLE<\/h4>\n<\/div><\/div><div class=\"w-separator size_small\"><\/div><div class=\"wpb_text_column\"><div class=\"wpb_wrapper\"><p style=\"text-align: center;\">Buscamos reducir los residuos en toda la cadena de producci\u00f3n, las emisiones de las f\u00e1bricas, el consumo de agua y mejorar la eficiencia energ\u00e9tica. Conformidad con (ISO- 14001 \/ ISO22716) AUDITOR\u00cdA SOCIAL (SMETA) HECHO EN EUROPA Y SEGURO PARA EL MEDIO AMBIENTE<\/p>\n<\/div><\/div><div class=\"w-separator hide_on_default hide_on_laptops hide_on_tablets size_medium\"><\/div><\/div><\/div><\/div><div class=\"vc_col-sm-4 wpb_column vc_column_container\"><div class=\"vc_column-inner\"><div class=\"wpb_wrapper\"><div class=\"w-image has_ratio align_center\"><div url class=\"w-image-h\"><div style=\"padding-bottom:75%\"><\/div><img loading=\"lazy\" decoding=\"async\" width=\"730\" height=\"550\" src=\"https:\/\/www.tailoredperfumes.com\/wp-content\/uploads\/2023\/11\/manos.jpg\" class=\"attachment-full size-full\" alt=\"\" srcset=\"https:\/\/www.tailoredperfumes.com\/wp-content\/uploads\/2023\/11\/manos.jpg 730w, https:\/\/www.tailoredperfumes.com\/wp-content\/uploads\/2023\/11\/manos-300x226.jpg 300w, https:\/\/www.tailoredperfumes.com\/wp-content\/uploads\/2023\/11\/manos-531x400.jpg 531w\" sizes=\"(max-width: 730px) 100vw, 730px\" \/><\/div><\/div><div class=\"w-separator size_small\"><\/div><div class=\"w-separator hide_on_default hide_on_laptops hide_on_tablets size_medium\"><\/div><div class=\"wpb_text_column\"><div class=\"wpb_wrapper\"><h4 style=\"text-align: center;\">RESPETO E IGUALDAD<\/h4>\n<\/div><\/div><div class=\"w-separator size_small\"><\/div><div class=\"wpb_text_column\"><div class=\"wpb_wrapper\"><p style=\"text-align: center;\">Cuidamos nuestras pr\u00e1cticas empresariales y nuestra relaci\u00f3n con nuestras marcas y nuestros proveedores. Nuestra empresa est\u00e1 firmemente comprometida con fomentar un entorno de respeto e igualdad, procurando que todos los compa\u00f1eros de trabajo y clientes sean tratados con dignidad y equidad.<\/p>\n<\/div><\/div><\/div><\/div><\/div><div class=\"vc_col-sm-2 wpb_column vc_column_container\"><div class=\"vc_column-inner\"><div class=\"wpb_wrapper\"><\/div><\/div><\/div><\/div><\/div><\/section><section class=\"l-section wpb_row height_small\"><div class=\"l-section-h i-cf\"><div class=\"g-cols vc_row via_flex valign_top type_default stacking_default\"><div class=\"vc_col-sm-12 wpb_column vc_column_container\"><div class=\"vc_column-inner\"><div class=\"wpb_wrapper\"><div class=\"w-separator size_huge\"><\/div><\/div><\/div><\/div><\/div><\/div><\/section><section class=\"l-section wpb_row us_custom_6985308a height_large\"><div class=\"l-section-h i-cf\"><div class=\"g-cols vc_row via_flex valign_middle type_default stacking_default\"><div class=\"vc_col-sm-6 wpb_column vc_column_container  stretched\"><div class=\"vc_column-inner us_custom_3d32b995 us_animate_this\"><div class=\"wpb_wrapper\"><div class=\"w-video align_none ratio_16x9\"><div class=\"w-video-h\"><video  preload=\"auto\" playsinline controls autoplay loop muted><source type=\"video\/mp4\" src=\"https:\/\/www.tailoredperfumes.com\/wp-content\/uploads\/2023\/11\/Bright_ProductReveal_Text.mp4\" \/><\/video><\/div><div class=\"w-video-icon\" style=\"font-size:1.5rem;background:rgba(0,0,0,0.5);color:#fff\"><\/div><\/div><\/div><\/div><\/div><div class=\"vc_col-sm-6 wpb_column vc_column_container\"><div class=\"vc_column-inner us_custom_8f7b07a9 us_animate_this\"><div class=\"wpb_wrapper\"><div class=\"w-text us_custom_5d6d44d7\"><span url class=\"w-text-h\"><span class=\"w-text-value\">GESTI\u00d3N DE PRODUCTO \u00b7 ESTUDIO DE CASO<\/span><\/span><\/div><div class=\"w-separator size_small\"><\/div><h3 class=\"w-text\"><span url class=\"w-text-h\"><span class=\"w-text-value\">GANADOR DEL PREMIO A LA INNOVACI\u00d3N PCD PARIS 2023 |<br \/>\nPEPE JEANS BRIGHT<\/span><\/span><\/h3><div class=\"wpb_text_column\"><div class=\"wpb_wrapper\"><p>La fragancia femenina Pepe Jeans Bright presenta un innovador sistema de recarga del frasco con un tap\u00f3n roscado que puede reutilizarse infinitas veces, lo que permite reducir significativamente los residuos de materiales. Un sistema que garantiza la mejor calidad y conservaci\u00f3n de la fragancia, ofreciendo al mismo tiempo un producto responsable con el medio ambiente, fabricado con materiales reciclados y reciclables.<\/p>\n<\/div><\/div><div class=\"w-separator size_small\"><\/div><div class=\"w-btn-wrapper align_left\"><a class=\"w-btn us-btn-style_1\" href=\"http:\/\/www.pepejeansperfumes.com\/p\/3\"><span class=\"w-btn-label\">DESCUBRE BRIGHT<\/span><\/a><\/div><\/div><\/div><\/div><\/div><\/div><\/section><section class=\"l-section wpb_row us_custom_46611adf height_huge\"><div class=\"l-section-h i-cf\"><div class=\"g-cols vc_row via_flex valign_middle type_default stacking_default\"><div class=\"vc_col-sm-6 wpb_column vc_column_container\"><div class=\"vc_column-inner us_custom_965e6ee3 us_animate_this\"><div class=\"wpb_wrapper\"><div class=\"w-text us_custom_5d6d44d7\"><span url class=\"w-text-h\"><span class=\"w-text-value\">ACCI\u00d3N SOCIAL \u00b7 ESTUDIO DE CASO<\/span><\/span><\/div><div class=\"w-separator size_small\"><\/div><div class=\"w-image hide_on_default hide_on_laptops hide_on_tablets align_center\"><div url class=\"w-image-h\"><img loading=\"lazy\" decoding=\"async\" width=\"998\" height=\"600\" src=\"https:\/\/www.tailoredperfumes.com\/wp-content\/uploads\/2023\/11\/b6.jpg\" class=\"attachment-large size-large\" alt=\"\" srcset=\"https:\/\/www.tailoredperfumes.com\/wp-content\/uploads\/2023\/11\/b6.jpg 998w, https:\/\/www.tailoredperfumes.com\/wp-content\/uploads\/2023\/11\/b6-300x180.jpg 300w, https:\/\/www.tailoredperfumes.com\/wp-content\/uploads\/2023\/11\/b6-600x361.jpg 600w\" sizes=\"(max-width: 998px) 100vw, 998px\" \/><\/div><\/div><div class=\"w-separator hide_on_default hide_on_laptops hide_on_tablets size_large\"><\/div><div class=\"wpb_text_column\"><div class=\"wpb_wrapper\"><h3 style=\"text-align: left;\">FUNDACI\u00d3N NURIA GARCIA<br \/>\nY TAILORED PERFUMES<\/h3>\n<\/div><\/div><div class=\"w-separator size_small\"><\/div><div class=\"wpb_text_column\"><div class=\"wpb_wrapper\"><p>El principal socio de la fundaci\u00f3n es Babies Uganda, una ONG con sede en Uganda que ayuda a unos 10.000 ni\u00f1os cada a\u00f1o con dos orfanatos, una escuela primaria y elemental a la que asisten 600 ni\u00f1os, un internado para ni\u00f1os con discapacidad visual (CEVIC), una cl\u00ednica dental, una cl\u00ednica de atenci\u00f3n primaria y maternidad, y dos escuelas en la isla de Zinga. Gracias a la colaboraci\u00f3n de Tailored Perfumes, se cubrir\u00e1 la totalidad del coste del internado CEVIC durante todo el curso acad\u00e9mico de 2023.<\/p>\n<\/div><\/div><div class=\"w-separator size_small\"><\/div><div class=\"w-btn-wrapper align_left\"><a class=\"w-btn us-btn-style_1\" href=\"https:\/\/www.fundacionnuriagarcia.org\"><span class=\"w-btn-label\">DESCUBRE M\u00c1S<\/span><\/a><\/div><\/div><\/div><\/div><div class=\"vc_col-sm-6 wpb_column vc_column_container  hide_on_mobiles has_bg_color\"><div class=\"vc_column-inner us_custom_5e188607 us_animate_this\"><div class=\"wpb_wrapper\"><div class=\"w-separator us_custom_6fcbfd5f size_huge\"><\/div><\/div><\/div><\/div><\/div><\/div><\/section><section class=\"l-section wpb_row height_small\"><div class=\"l-section-h i-cf\"><div class=\"g-cols vc_row via_flex valign_top type_default stacking_default\"><div class=\"vc_col-sm-12 wpb_column vc_column_container\"><div class=\"vc_column-inner\"><div class=\"wpb_wrapper\"><div class=\"w-separator size_small\"><\/div><\/div><\/div><\/div><\/div><\/div><\/section>\n","protected":false},"excerpt":{"rendered":"COMPROMISOS : COMPROMISOS : UN PASO M\u00c1S para dejar un mundo mejor a generaciones futuras.En Tailored Perfumes, tenemos cuidado en cada aspecto del proceso: nos preocupamos por c\u00f3mo obtenemos los recursos, por la calidad de nuestros productos, por las emisiones de nuestras instalaciones, por el bienestar de nuestro equipo y nos preocupamos por nuestro impacto...","protected":false},"author":1,"featured_media":0,"parent":0,"menu_order":0,"comment_status":"closed","ping_status":"closed","template":"","meta":{"footnotes":""},"class_list":["post-1635","page","type-page","status-publish","hentry"],"_links":{"self":[{"href":"https:\/\/www.tailoredperfumes.com\/es\/wp-json\/wp\/v2\/pages\/1635"}],"collection":[{"href":"https:\/\/www.tailoredperfumes.com\/es\/wp-json\/wp\/v2\/pages"}],"about":[{"href":"https:\/\/www.tailoredperfumes.com\/es\/wp-json\/wp\/v2\/types\/page"}],"author":[{"embeddable":true,"href":"https:\/\/www.tailoredperfumes.com\/es\/wp-json\/wp\/v2\/users\/1"}],"replies":[{"embeddable":true,"href":"https:\/\/www.tailoredperfumes.com\/es\/wp-json\/wp\/v2\/comments?post=1635"}],"version-history":[{"count":18,"href":"https:\/\/www.tailoredperfumes.com\/es\/wp-json\/wp\/v2\/pages\/1635\/revisions"}],"predecessor-version":[{"id":2123,"href":"https:\/\/www.tailoredperfumes.com\/es\/wp-json\/wp\/v2\/pages\/1635\/revisions\/2123"}],"wp:attachment":[{"href":"https:\/\/www.tailoredperfumes.com\/es\/wp-json\/wp\/v2\/media?parent=1635"}],"curies":[{"name":"wp","href":"https:\/\/api.w.org\/{rel}","templated":true}]}}