{"id":1638,"date":"2023-09-14T16:34:33","date_gmt":"2023-09-14T14:34:33","guid":{"rendered":"https:\/\/www.tailoredperfumes.com\/contacto\/"},"modified":"2024-09-27T09:35:28","modified_gmt":"2024-09-27T07:35:28","slug":"contacto","status":"publish","type":"page","link":"https:\/\/www.tailoredperfumes.com\/es\/contacto\/","title":{"rendered":"CONTACTO"},"content":{"rendered":"<section class=\"l-section wpb_row us_custom_92fa26d6 us_animate_this height_large\"><div class=\"l-section-h i-cf\"><div class=\"g-cols vc_row via_flex valign_top type_default stacking_default\"><div class=\"vc_col-sm-12 wpb_column vc_column_container\"><div class=\"vc_column-inner\"><div class=\"wpb_wrapper\"><div class=\"g-cols wpb_row via_flex valign_middle type_default stacking_default\"><div class=\"vc_col-sm-12 wpb_column vc_column_container\"><div class=\"vc_column-inner\"><div class=\"wpb_wrapper\"><div class=\"w-separator size_large\"><\/div><div class=\"w-separator size_large\"><\/div><div class=\"wpb_text_column\"><div class=\"wpb_wrapper\"><h1 style=\"text-align: center;\">\u00a1 CONT\u00c1CTANOS !<\/h1>\n<p style=\"text-align: center;\">Nos encanta tener visitas.<\/p>\n<\/div><\/div><\/div><\/div><\/div><\/div><\/div><\/div><\/div><\/div><\/div><\/section><section class=\"l-section wpb_row height_medium\"><div class=\"l-section-h i-cf\"><div class=\"g-cols vc_row via_flex valign_top type_default stacking_default\"><div class=\"vc_col-sm-5 wpb_column vc_column_container\"><div class=\"vc_column-inner\"><div class=\"wpb_wrapper\"><div class=\"wpb_text_column\"><div class=\"wpb_wrapper\"><h2>[ BARCELONA ]<\/h2>\n<p>Rambla de Catalunya 92, \u00c1tico<br \/>\n08008 Barcelona<br \/>\n+34 936 355 335<br \/>\ncontact@tailoredperfumes.com<\/p>\n<\/div><\/div><\/div><\/div><\/div><div class=\"vc_col-sm-2 wpb_column vc_column_container\"><div class=\"vc_column-inner\"><div class=\"wpb_wrapper\"><\/div><\/div><\/div><div class=\"vc_col-sm-5 wpb_column vc_column_container\"><div class=\"vc_column-inner\"><div class=\"wpb_wrapper\"><div class=\"wpb_text_column\"><div class=\"wpb_wrapper\"><h2>[ GAV\u00c1 ]<\/h2>\n<p>C\/ Miquel-Servet 27<br \/>\n08850 Gav\u00e1, Barcelona<br \/>\n+34 936 355 335<br \/>\ncontact@tailoredperfumes.com<\/p>\n<\/div><\/div><\/div><\/div><\/div><\/div><\/div><\/section><section class=\"l-section wpb_row height_medium\"><div class=\"l-section-h i-cf\"><div class=\"g-cols vc_row via_flex valign_top type_default stacking_default\"><div class=\"vc_col-sm-12 wpb_column vc_column_container\"><div class=\"vc_column-inner\"><div class=\"wpb_wrapper\">[vc_raw_html]JTVCZmMlMjBpZCUzRCUyMjIlMjIlNUQlNUIlMkZmYyU1RA==[\/vc_raw_html]<\/div><\/div><\/div><\/div><\/div><\/section><section class=\"l-section wpb_row height_auto\"><div class=\"l-section-h i-cf\"><div class=\"g-cols vc_row via_flex valign_top type_default stacking_default\"><div class=\"vc_col-sm-12 wpb_column vc_column_container\"><div class=\"vc_column-inner\"><div class=\"wpb_wrapper\"><div class=\"w-separator size_large\"><\/div><\/div><\/div><\/div><\/div><\/div><\/section>\n","protected":false},"excerpt":{"rendered":"\u00a1 CONT\u00c1CTANOS ! Nos encanta tener visitas. [ BARCELONA ] Rambla de Catalunya 92, \u00c1tico 08008 Barcelona +34 936 355 335 contact@tailoredperfumes.com [ GAV\u00c1 ] C\/ Miquel-Servet 27 08850 Gav\u00e1, Barcelona +34 936 355 335 contact@tailoredperfumes.com [vc_raw_html]JTVCZmMlMjBpZCUzRCUyMjIlMjIlNUQlNUIlMkZmYyU1RA==[\/vc_raw_html]","protected":false},"author":1,"featured_media":0,"parent":0,"menu_order":0,"comment_status":"closed","ping_status":"closed","template":"","meta":{"footnotes":""},"class_list":["post-1638","page","type-page","status-publish","hentry"],"_links":{"self":[{"href":"https:\/\/www.tailoredperfumes.com\/es\/wp-json\/wp\/v2\/pages\/1638"}],"collection":[{"href":"https:\/\/www.tailoredperfumes.com\/es\/wp-json\/wp\/v2\/pages"}],"about":[{"href":"https:\/\/www.tailoredperfumes.com\/es\/wp-json\/wp\/v2\/types\/page"}],"author":[{"embeddable":true,"href":"https:\/\/www.tailoredperfumes.com\/es\/wp-json\/wp\/v2\/users\/1"}],"replies":[{"embeddable":true,"href":"https:\/\/www.tailoredperfumes.com\/es\/wp-json\/wp\/v2\/comments?post=1638"}],"version-history":[{"count":4,"href":"https:\/\/www.tailoredperfumes.com\/es\/wp-json\/wp\/v2\/pages\/1638\/revisions"}],"predecessor-version":[{"id":2551,"href":"https:\/\/www.tailoredperfumes.com\/es\/wp-json\/wp\/v2\/pages\/1638\/revisions\/2551"}],"wp:attachment":[{"href":"https:\/\/www.tailoredperfumes.com\/es\/wp-json\/wp\/v2\/media?parent=1638"}],"curies":[{"name":"wp","href":"https:\/\/api.w.org\/{rel}","templated":true}]}}