{"id":1671,"date":"2023-09-06T18:40:27","date_gmt":"2023-09-06T16:40:27","guid":{"rendered":"https:\/\/www.tailoredperfumes.com\/about-us\/"},"modified":"2024-01-12T14:02:39","modified_gmt":"2024-01-12T13:02:39","slug":"about-us","status":"publish","type":"page","link":"https:\/\/www.tailoredperfumes.com\/fr\/about-us\/","title":{"rendered":"\u00c0 PROPOS"},"content":{"rendered":"<section class=\"l-section wpb_row us_custom_755f54c6 has_text_color us_animate_this hide_on_default hide_on_laptops hide_on_tablets height_medium width_full with_img\"><div class=\"l-section-img\" role=\"img\" data-img-width=\"1170\" data-img-height=\"2532\" style=\"background-image: url(https:\/\/www.tailoredperfumes.com\/wp-content\/uploads\/2023\/12\/bodegon.jpg);background-repeat: no-repeat;\"><\/div><div class=\"l-section-overlay\" style=\"background:var(--color-header-top-transparent-bg)\"><\/div><div class=\"l-section-h i-cf\"><div class=\"g-cols vc_row via_flex valign_top type_default stacking_default\"><div class=\"vc_col-sm-12 wpb_column vc_column_container\"><div class=\"vc_column-inner\"><div class=\"wpb_wrapper\"><div class=\"w-separator size_custom\" style=\"height:20vh\"><\/div><div class=\"w-separator size_custom\" style=\"height:20vh\"><\/div><div class=\"g-cols wpb_row via_flex valign_middle type_default stacking_default\"><div class=\"vc_col-sm-12 wpb_column vc_column_container\"><div class=\"vc_column-inner us_custom_f8d5593d\"><div class=\"wpb_wrapper\"><div class=\"wpb_text_column us_custom_cdec492e\"><div class=\"wpb_wrapper\"><h1 style=\"text-align: center;\">DANS LES D\u00c9FIS,<br \/>\nNOTRE SUCC\u00c8S<\/h1>\n<\/div><\/div><\/div><\/div><\/div><\/div><div class=\"w-separator size_custom\" style=\"height:20px\"><\/div><div class=\"g-cols wpb_row via_flex valign_middle type_default stacking_default\"><div class=\"vc_col-sm-12 wpb_column vc_column_container\"><div class=\"vc_column-inner\"><div class=\"wpb_wrapper\"><div class=\"wpb_text_column us_custom_6eff2b48\"><div class=\"wpb_wrapper\"><p>Cr\u00e9ant des produits hautement d\u00e9sirables qui laissent leur marque.<\/p>\n<\/div><\/div><\/div><\/div><\/div><\/div><div class=\"w-separator size_custom\" style=\"height:10vh\"><\/div><\/div><\/div><\/div><\/div><\/div><\/section><section class=\"l-section wpb_row us_custom_755f54c6 has_text_color us_animate_this hide_on_mobiles height_huge width_full with_img\"><div class=\"l-section-img\" role=\"img\" data-img-width=\"2560\" data-img-height=\"1260\" style=\"background-image: url(https:\/\/www.tailoredperfumes.com\/wp-content\/uploads\/2023\/11\/FONDO3-scaled.jpg);background-repeat: no-repeat;\"><\/div><div class=\"l-section-overlay\" style=\"background:var(--color-header-top-transparent-bg)\"><\/div><div class=\"l-section-h i-cf\"><div class=\"g-cols vc_row via_flex valign_top type_default stacking_default\"><div class=\"vc_col-sm-12 wpb_column vc_column_container\"><div class=\"vc_column-inner\"><div class=\"wpb_wrapper\"><div class=\"w-separator size_custom\" style=\"height:20vh\"><\/div><div class=\"w-separator size_custom\" style=\"height:20vh\"><\/div><div class=\"g-cols wpb_row via_flex valign_middle type_default stacking_default\"><div class=\"vc_col-sm-12 wpb_column vc_column_container\"><div class=\"vc_column-inner us_custom_f8d5593d\"><div class=\"wpb_wrapper\"><div class=\"wpb_text_column us_custom_cdec492e\"><div class=\"wpb_wrapper\"><h1 style=\"text-align: center;\">DANS LES D\u00c9FIS,<br \/>\nNOTRE SUCC\u00c8S<\/h1>\n<\/div><\/div><\/div><\/div><\/div><\/div><div class=\"w-separator size_custom\" style=\"height:20px\"><\/div><div class=\"g-cols wpb_row via_flex valign_middle type_default stacking_default\"><div class=\"vc_col-sm-12 wpb_column vc_column_container\"><div class=\"vc_column-inner\"><div class=\"wpb_wrapper\"><div class=\"w-text us_custom_3b90d396\"><span url class=\"w-text-h\"><span class=\"w-text-value\">Cr\u00e9ant des produits hautement d\u00e9sirables qui laissent leur marque.<\/span><\/span><\/div><\/div><\/div><\/div><\/div><div class=\"w-separator size_custom\" style=\"height:10vh\"><\/div><\/div><\/div><\/div><\/div><\/div><\/section><section class=\"l-section wpb_row us_custom_19737bc8 height_medium\"><div class=\"l-section-h i-cf\"><div class=\"g-cols vc_row via_flex valign_middle type_default stacking_default\"><div class=\"vc_col-sm-6 wpb_column vc_column_container  hide_on_mobiles has_bg_color\"><div class=\"vc_column-inner us_custom_a6cb6123 us_animate_this\"><div class=\"wpb_wrapper\"><div class=\"w-separator size_huge\"><\/div><div class=\"w-separator size_large\"><\/div><div class=\"w-separator size_large\"><\/div><\/div><\/div><\/div><div class=\"vc_col-sm-6 wpb_column vc_column_container\"><div class=\"vc_column-inner us_custom_5aeccaed us_animate_this\"><div class=\"wpb_wrapper\"><div class=\"w-separator size_huge\"><\/div><div class=\"w-text us_custom_5d6d44d7\"><span url class=\"w-text-h\"><span class=\"w-text-value\">NOTRE MISSION<\/span><\/span><\/div><div class=\"w-separator size_small\"><\/div><div class=\"wpb_text_column\"><div class=\"wpb_wrapper\"><h2>CONCEVOIR DES PARFUMS POUR LE FUTUR<\/h2>\n<\/div><\/div><div class=\"w-separator size_small\"><\/div><div class=\"wpb_text_column\"><div class=\"wpb_wrapper\"><p>Nous cherchons \u00e0 cr\u00e9er des produits hautement d\u00e9sirables et m\u00e9morables, enrichis d\u2019exp\u00e9riences qui transforment le quotidien. Pionni\u00e8re dans son secteur, Tailored Perfumes introduit une nouvelle g\u00e9n\u00e9ration de produits destin\u00e9s \u00e0 d\u00e9fier l\u2019industrie de la beaut\u00e9. Une approche qui s\u2019est traduite par un succ\u00e8s commercial, affichant des ventes exceptionnelles et d\u00e9crochant plusieurs prix de design et d\u2019innovation dans le secteur de la beaut\u00e9.<\/p>\n<\/div><\/div><div class=\"w-separator size_huge\"><\/div><\/div><\/div><\/div><\/div><\/div><\/section><section class=\"l-section wpb_row height_medium\"><div class=\"l-section-h i-cf\"><div class=\"g-cols vc_row via_flex valign_top type_default stacking_default\"><div class=\"vc_col-sm-3 wpb_column vc_column_container\"><div class=\"vc_column-inner\"><div class=\"wpb_wrapper\"><\/div><\/div><\/div><div class=\"vc_col-sm-6 wpb_column vc_column_container\"><div class=\"vc_column-inner\"><div class=\"wpb_wrapper\"><div class=\"w-text us_custom_c7ea7611\"><span url class=\"w-text-h\"><span class=\"w-text-value\">ENTREPRISE ENTI\u00c8REMENT INT\u00c9GR\u00c9E<\/span><\/span><\/div><div class=\"w-separator size_small\"><\/div><h2 class=\"w-text us_custom_eb849559\"><span url class=\"w-text-h\"><span class=\"w-text-value\">NOTRE D\u00c9MARCHE<\/span><\/span><\/h2><div class=\"wpb_text_column\"><div class=\"wpb_wrapper\"><p style=\"text-align: center;\">Nous accordons une attention exceptionnelle<br \/>\n\u00e0 chaque \u00e9tape de chaque projet, depuis la<br \/>\nconception initiale jusqu\u2019\u00e0 ce qu\u2019ils<br \/>\nparviennent aux mains <u>de nos consommateurs<\/u>.<\/p>\n<\/div><\/div><\/div><\/div><\/div><div class=\"vc_col-sm-3 wpb_column vc_column_container\"><div class=\"vc_column-inner\"><div class=\"wpb_wrapper\"><\/div><\/div><\/div><\/div><\/div><\/section><section class=\"l-section wpb_row height_auto\"><div class=\"l-section-h i-cf\"><div class=\"g-cols vc_row via_flex valign_middle type_default stacking_default\"><div class=\"vc_col-sm-6 wpb_column vc_column_container  has_bg_color stretched\"><div class=\"vc_column-inner us_custom_ba401948 us_animate_this\"><div class=\"wpb_wrapper\"><\/div><\/div><\/div><div class=\"vc_col-sm-6 wpb_column vc_column_container\"><div class=\"vc_column-inner us_custom_0df8e7b0 us_animate_this\"><div class=\"wpb_wrapper\"><h4 class=\"w-text\"><span url class=\"w-text-h\"><span class=\"w-text-value\">CONCEPT &amp; DESIGN<\/span><\/span><\/h4><div class=\"wpb_text_column\"><div class=\"wpb_wrapper\"><p>Collaborant avec des experts en tendances nous anticipons et cr\u00e9ons des arch\u00e9types de consommateurs, avec leurs d\u00e9sirs et besoins sp\u00e9cifiques. Il ne s\u2019agit pas simplement d\u2019un produit, mais d\u2019un r\u00eave que nous souhaitons offrir \u00e0 nos consommateurs.<br \/>\nNous donnons vie \u00e0 ces r\u00eaves gr\u00e2ce \u00e0 nos designers internes et \u00e0 des collaborations avec les meilleures agences du secteur. Nous associons rapidit\u00e9, cr\u00e9ativit\u00e9, pr\u00e9cision et excellence.<\/p>\n<\/div><\/div><\/div><\/div><\/div><\/div><\/div><\/section><section class=\"l-section wpb_row height_auto\"><div class=\"l-section-h i-cf\"><div class=\"g-cols vc_row via_flex valign_middle type_default reversed stacking_default\"><div class=\"vc_col-sm-6 wpb_column vc_column_container\"><div class=\"vc_column-inner us_custom_98ad0217 us_animate_this\"><div class=\"wpb_wrapper\"><h4 class=\"w-text us_custom_f03ee871\"><span url class=\"w-text-h\"><span class=\"w-text-value\">ING\u00c9NIERIE &amp; D\u00c9VELOPPEMENT DE PRODUIT<\/span><\/span><\/h4><div class=\"wpb_text_column\"><div class=\"wpb_wrapper\"><p style=\"text-align: right;\">Notre \u00e9quipe d\u00e9di\u00e9e \u00e0 l\u2019ing\u00e9nierie et au d\u00e9veloppement produit travaille avec des logiciels 3D de pointe pour visualiser et affiner les concepts de design avec une pr\u00e9cision remarquable. Par le biais de prototypages et tests rigoureux, nous garantissons que nos projets sont non seulement r\u00e9alisables, mais aussi de la plus haute qualit\u00e9, conformes \u00e0 nos standards de contr\u00f4le qualit\u00e9 et de performance.<\/p>\n<\/div><\/div><\/div><\/div><\/div><div class=\"vc_col-sm-6 wpb_column vc_column_container  has_bg_color stretched\"><div class=\"vc_column-inner us_custom_52b0c4c9 us_animate_this\"><div class=\"wpb_wrapper\"><\/div><\/div><\/div><\/div><\/div><\/section><section class=\"l-section wpb_row height_auto\"><div class=\"l-section-h i-cf\"><div class=\"g-cols vc_row via_flex valign_middle type_default stacking_default\"><div class=\"vc_col-sm-6 wpb_column vc_column_container  has_bg_color stretched\"><div class=\"vc_column-inner us_custom_4354b4e5 us_animate_this\"><div class=\"wpb_wrapper\"><\/div><\/div><\/div><div class=\"vc_col-sm-6 wpb_column vc_column_container\"><div class=\"vc_column-inner us_custom_68139eed us_animate_this\"><div class=\"wpb_wrapper\"><h4 class=\"w-text\"><span url class=\"w-text-h\"><span class=\"w-text-value\">USINE &amp; INSTALLATIONS<\/span><\/span><\/h4><div class=\"wpb_text_column\"><div class=\"wpb_wrapper\"><p>Situ\u00e9es \u00e0 Barcelone, nos installations de fabrication sont \u00e9quip\u00e9es de machines de remplissage enti\u00e8rement automatiques et d\u2019un contr\u00f4le qualit\u00e9 int\u00e9gr\u00e9 pour les lignes de production. Elles comprennent \u00e9galement deux centres de distribution.<br \/>\nRespectueuses de l\u2019environnement, nos infrastructures sont conformes aux normes ISO.<\/p>\n<\/div><\/div><\/div><\/div><\/div><\/div><\/div><\/section><section class=\"l-section wpb_row height_auto\"><div class=\"l-section-h i-cf\"><div class=\"g-cols vc_row via_flex valign_middle type_default reversed stacking_default\"><div class=\"vc_col-sm-6 wpb_column vc_column_container\"><div class=\"vc_column-inner us_custom_98ad0217 us_animate_this\"><div class=\"wpb_wrapper\"><h4 class=\"w-text us_custom_f03ee871\"><span url class=\"w-text-h\"><span class=\"w-text-value\">D\u00c9VELOPPEMENT DE MARQUE &amp; MARKETING MODERNE<\/span><\/span><\/h4><div class=\"wpb_text_column\"><div class=\"wpb_wrapper\"><p style=\"text-align: right;\">Notre strat\u00e9gie marketing d\u00e9passe la simple attraction ; elle vise \u00e0 \u00e9tablir une v\u00e9ritable connexion. Comprendre le quotidien des consommateurs est essentiel pour nous. Ainsi, notre contenu marketing est sp\u00e9cialement con\u00e7u pour r\u00e9sonner avec force, atteignant des publics partout dans le monde via des campagnes, des plateformes digitales, des actions m\u00e9diatiques, et des points de vente direct.<\/p>\n<\/div><\/div><\/div><\/div><\/div><div class=\"vc_col-sm-6 wpb_column vc_column_container  has_bg_color stretched\"><div class=\"vc_column-inner us_custom_2923f54b us_animate_this\"><div class=\"wpb_wrapper\"><\/div><\/div><\/div><\/div><\/div><\/section><section class=\"l-section wpb_row height_auto\"><div class=\"l-section-h i-cf\"><div class=\"g-cols vc_row via_flex valign_middle type_default stacking_default\"><div class=\"vc_col-sm-6 wpb_column vc_column_container  has_bg_color stretched\"><div class=\"vc_column-inner us_custom_38c78567 us_animate_this\"><div class=\"wpb_wrapper\"><\/div><\/div><\/div><div class=\"vc_col-sm-6 wpb_column vc_column_container\"><div class=\"vc_column-inner us_custom_68139eed us_animate_this\"><div class=\"wpb_wrapper\"><h4 class=\"w-text\"><span url class=\"w-text-h\"><span class=\"w-text-value\">LABORATOIRE<\/span><\/span><\/h4><div class=\"wpb_text_column\"><div class=\"wpb_wrapper\"><p>En collaboration avec les meilleures maisons de parfumerie et des parfumeurs de renomm\u00e9e mondiale, nous cr\u00e9ons des compositions olfactives uniques pour nos projets. Nous proc\u00e9dons ensuite \u00e0 des \u00e9valuations internes, \u00e0 des tests de conformit\u00e9 r\u00e9glementaire et \u00e0 l\u2019\u00e9laboration de formules certifi\u00e9es au sein de notre d\u00e9partement de cr\u00e9ation de fragrances.<\/p>\n<\/div><\/div><\/div><\/div><\/div><\/div><\/div><\/section><section class=\"l-section wpb_row height_auto\"><div class=\"l-section-h i-cf\"><div class=\"g-cols vc_row via_flex valign_middle type_default reversed stacking_default\"><div class=\"vc_col-sm-6 wpb_column vc_column_container\"><div class=\"vc_column-inner us_custom_98ad0217 us_animate_this\"><div class=\"wpb_wrapper\"><h4 class=\"w-text us_custom_f03ee871\"><span url class=\"w-text-h\"><span class=\"w-text-value\">DISTRIBUTION<\/span><\/span><\/h4><div class=\"wpb_text_column\"><div class=\"wpb_wrapper\"><p style=\"text-align: right;\">Bas\u00e9e en Espagne, notre soci\u00e9t\u00e9 dispose d&rsquo;un r\u00e9seau de distribution mondial, atteignant plus de 100 pays et 30 000 points de vente, mettant ainsi en avant son portefeuille de marques internationales. Des grands magasins jusqu\u2019aux cha\u00eenes de distribution de masse, nous \u00e9laborons des strat\u00e9gies pour renforcer l&rsquo;image de marque et maximiser son potentiel.<\/p>\n<\/div><\/div><\/div><\/div><\/div><div class=\"vc_col-sm-6 wpb_column vc_column_container  has_bg_color stretched\"><div class=\"vc_column-inner us_custom_da519c41 us_animate_this\"><div class=\"wpb_wrapper\"><\/div><\/div><\/div><\/div><\/div><\/section><section class=\"l-section wpb_row height_large\"><div class=\"l-section-h i-cf\"><div class=\"g-cols vc_row via_flex valign_top type_default stacking_default\"><div class=\"vc_col-sm-12 wpb_column vc_column_container\"><div class=\"vc_column-inner\"><div class=\"wpb_wrapper\"><div class=\"w-btn-wrapper align_center\"><a class=\"w-btn us-btn-style_1\" href=\"https:\/\/www.tailoredperfumes.com\/fr\/contact\/\"><span class=\"w-btn-label\">NOUS CONTACTER<\/span><\/a><\/div><\/div><\/div><\/div><\/div><\/div><\/section><section class=\"l-section wpb_row height_medium\"><div class=\"l-section-overlay\" style=\"background:#cccac3\"><\/div><div class=\"l-section-h i-cf\"><div class=\"g-cols vc_row via_flex valign_top type_default stacking_default\"><div class=\"vc_col-sm-2 wpb_column vc_column_container\"><div class=\"vc_column-inner\"><div class=\"wpb_wrapper\"><\/div><\/div><\/div><div class=\"vc_col-sm-8 wpb_column vc_column_container\"><div class=\"vc_column-inner\"><div class=\"wpb_wrapper\"><div class=\"w-text us_custom_c7ea7611\"><span url class=\"w-text-h\"><span class=\"w-text-value\">PRIX ET HONNEURS<\/span><\/span><\/div><div class=\"w-separator size_small\"><\/div><div class=\"wpb_text_column\"><div class=\"wpb_wrapper\"><h2 style=\"text-align: center;\">ENTREPRISE PRIM\u00c9E EN DESIGN ET INNOVATION<\/h2>\n<\/div><\/div><\/div><\/div><\/div><div class=\"vc_col-sm-2 wpb_column vc_column_container\"><div class=\"vc_column-inner\"><div class=\"wpb_wrapper\"><\/div><\/div><\/div><div class=\"vc_col-sm-12 wpb_column vc_column_container\"><div class=\"vc_column-inner\"><div class=\"wpb_wrapper\"><div class=\"w-separator size_small with_line width_default thick_1 style_solid color_text align_center\"><div class=\"w-separator-h\"><\/div><\/div><div class=\"g-cols wpb_row via_flex valign_top type_default stacking_default\"><div class=\"vc_col-sm-7 wpb_column vc_column_container\"><div class=\"vc_column-inner\"><div class=\"wpb_wrapper\"><div class=\"wpb_text_column\"><div class=\"wpb_wrapper\"><h5>COSMOPOLITAN BEAUTY AWARD|GOLD SEDUCTION WOMEN\u2019SECRET<\/h5>\n<\/div><\/div><\/div><\/div><\/div><div class=\"vc_col-sm-5 wpb_column vc_column_container\"><div class=\"vc_column-inner\"><div class=\"wpb_wrapper\"><div class=\"wpb_text_column us_custom_d8d93378\"><div class=\"wpb_wrapper\"><p style=\"text-align: right;\">COSMOPOLITAN BEAUTY AWARDS (HUNGARY)\u00a0\u00a0\u00a0\u00a0\u00a0\u00a0\u00a0 2023<\/p>\n<\/div><\/div><\/div><\/div><\/div><\/div><div class=\"w-separator size_small with_line width_default thick_1 style_solid color_text align_center\"><div class=\"w-separator-h\"><\/div><\/div><div class=\"g-cols wpb_row via_flex valign_top type_default stacking_default\"><div class=\"vc_col-sm-7 wpb_column vc_column_container\"><div class=\"vc_column-inner\"><div class=\"wpb_wrapper\"><div class=\"wpb_text_column\"><div class=\"wpb_wrapper\"><h5>WINNER CERTIFICATE IN PACKAGING INNOVATION|PEPE JEANS BRIGHT<\/h5>\n<\/div><\/div><\/div><\/div><\/div><div class=\"vc_col-sm-5 wpb_column vc_column_container\"><div class=\"vc_column-inner\"><div class=\"wpb_wrapper\"><div class=\"wpb_text_column us_custom_b885f9de\"><div class=\"wpb_wrapper\"><p style=\"text-align: right;\">PCD INNOVATION AWARDS 2023 (PARIS) \u00a0\u00a0\u00a0\u00a0\u00a0\u00a0 2023<\/p>\n<\/div><\/div><\/div><\/div><\/div><\/div><div class=\"w-separator size_small with_line width_default thick_1 style_solid color_text align_center\"><div class=\"w-separator-h\"><\/div><\/div><div class=\"g-cols wpb_row via_flex valign_top type_default stacking_default\"><div class=\"vc_col-sm-7 wpb_column vc_column_container\"><div class=\"vc_column-inner\"><div class=\"wpb_wrapper\"><div class=\"wpb_text_column\"><div class=\"wpb_wrapper\"><h5>BEST MASCULINE FRAGRANCE|PEPE JEANS COCKTAIL FOR HIM<\/h5>\n<\/div><\/div><\/div><\/div><\/div><div class=\"vc_col-sm-5 wpb_column vc_column_container\"><div class=\"vc_column-inner\"><div class=\"wpb_wrapper\"><div class=\"wpb_text_column us_custom_d8d93378\"><div class=\"wpb_wrapper\"><p style=\"text-align: right;\">GLAMOUR GLAMMIES 2023 (HUNGARY) \u00a0\u00a0\u00a0\u00a0\u00a0\u00a0 2023<\/p>\n<\/div><\/div><\/div><\/div><\/div><\/div><div class=\"w-separator size_small with_line width_default thick_1 style_solid color_text align_center\"><div class=\"w-separator-h\"><\/div><\/div><div class=\"g-cols wpb_row via_flex valign_top type_default stacking_default\"><div class=\"vc_col-sm-7 wpb_column vc_column_container\"><div class=\"vc_column-inner\"><div class=\"wpb_wrapper\"><div class=\"wpb_text_column\"><div class=\"wpb_wrapper\"><h5>BEST WOMEN\u2019S LIFESTYLE FRAGRANCE|INTIMATE WOMEN\u2019SECRET<\/h5>\n<\/div><\/div><\/div><\/div><\/div><div class=\"vc_col-sm-5 wpb_column vc_column_container\"><div class=\"vc_column-inner\"><div class=\"wpb_wrapper\"><div class=\"wpb_text_column us_custom_d8d93378\"><div class=\"wpb_wrapper\"><p style=\"text-align: right;\">ACADEMIA DEL PERFUME (SPAIN) \u00a0\u00a0\u00a0\u00a0\u00a0\u00a0 2021<\/p>\n<\/div><\/div><\/div><\/div><\/div><\/div><div class=\"w-separator size_small with_line width_default thick_1 style_solid color_text align_center\"><div class=\"w-separator-h\"><\/div><\/div><div class=\"g-cols wpb_row via_flex valign_top type_default stacking_default\"><div class=\"vc_col-sm-7 wpb_column vc_column_container\"><div class=\"vc_column-inner\"><div class=\"wpb_wrapper\"><div class=\"wpb_text_column\"><div class=\"wpb_wrapper\"><h5>BEST FEMININE PRODUCT DESIGN|PEPE JEANS LIFE IS NOW<\/h5>\n<\/div><\/div><\/div><\/div><\/div><div class=\"vc_col-sm-5 wpb_column vc_column_container\"><div class=\"vc_column-inner\"><div class=\"wpb_wrapper\"><div class=\"wpb_text_column us_custom_d8d93378\"><div class=\"wpb_wrapper\"><p style=\"text-align: right;\">PENTAWARDS SILVER (UK) \u00a0\u00a0\u00a0\u00a0\u00a0\u00a0 2019<\/p>\n<\/div><\/div><\/div><\/div><\/div><\/div><div class=\"w-separator size_small with_line width_default thick_1 style_solid color_text align_center\"><div class=\"w-separator-h\"><\/div><\/div><div class=\"g-cols wpb_row via_flex valign_top type_default stacking_default\"><div class=\"vc_col-sm-7 wpb_column vc_column_container\"><div class=\"vc_column-inner\"><div class=\"wpb_wrapper\"><div class=\"wpb_text_column\"><div class=\"wpb_wrapper\"><h5>BEST MASCULINE PRODUCT DESIGN|PEPE JEANS LIFE IS NOW<\/h5>\n<\/div><\/div><\/div><\/div><\/div><div class=\"vc_col-sm-5 wpb_column vc_column_container\"><div class=\"vc_column-inner\"><div class=\"wpb_wrapper\"><div class=\"wpb_text_column us_custom_d8d93378\"><div class=\"wpb_wrapper\"><p style=\"text-align: right;\">PENTAWARDS SILVER (UK) \u00a0\u00a0\u00a0\u00a0\u00a0\u00a0 2019<\/p>\n<\/div><\/div><\/div><\/div><\/div><\/div><div class=\"w-separator size_small with_line width_default thick_1 style_solid color_text align_center\"><div class=\"w-separator-h\"><\/div><\/div><div class=\"g-cols wpb_row via_flex valign_top type_default stacking_default\"><div class=\"vc_col-sm-7 wpb_column vc_column_container\"><div class=\"vc_column-inner\"><div class=\"wpb_wrapper\"><div class=\"wpb_text_column\"><div class=\"wpb_wrapper\"><h5>BEST NEW FEMININE FRAGRANCE|PEPE JEANS LIFE IS NOW<\/h5>\n<\/div><\/div><\/div><\/div><\/div><div class=\"vc_col-sm-5 wpb_column vc_column_container\"><div class=\"vc_column-inner\"><div class=\"wpb_wrapper\"><div class=\"wpb_text_column us_custom_d8d93378\"><div class=\"wpb_wrapper\"><p style=\"text-align: right;\">BEAUTY GLOBAL AWARDS (DUBAI) \u00a0\u00a0\u00a0\u00a0\u00a0\u00a0 2019<\/p>\n<\/div><\/div><\/div><\/div><\/div><\/div><\/div><\/div><\/div><\/div><\/div><\/section><section class=\"l-section wpb_row height_large\"><div class=\"l-section-h i-cf\"><div class=\"g-cols vc_row via_flex valign_top type_default stacking_default\"><div class=\"vc_col-sm-12 wpb_column vc_column_container\"><div class=\"vc_column-inner\"><div class=\"wpb_wrapper\"><div class=\"w-btn-wrapper align_center\"><a class=\"w-btn us-btn-style_1\" href=\"https:\/\/www.tailoredperfumes.com\/fr\/house-of-brands\/\"><span class=\"w-btn-label\">NOS MARQUES<\/span><\/a><\/div><div class=\"w-separator hide_on_default hide_on_laptops hide_on_tablets size_medium\"><\/div><\/div><\/div><\/div><\/div><\/div><\/section>\n","protected":false},"excerpt":{"rendered":"DANS LES D\u00c9FIS, NOTRE SUCC\u00c8S Cr\u00e9ant des produits hautement d\u00e9sirables qui laissent leur marque. DANS LES D\u00c9FIS, NOTRE SUCC\u00c8S Cr\u00e9ant des produits hautement d\u00e9sirables qui laissent leur marque.NOTRE MISSIONCONCEVOIR DES PARFUMS POUR LE FUTUR Nous cherchons \u00e0 cr\u00e9er des produits hautement d\u00e9sirables et m\u00e9morables, enrichis d\u2019exp\u00e9riences qui transforment le quotidien. Pionni\u00e8re dans son secteur, Tailored...","protected":false},"author":1,"featured_media":0,"parent":0,"menu_order":0,"comment_status":"closed","ping_status":"closed","template":"","meta":{"footnotes":""},"class_list":["post-1671","page","type-page","status-publish","hentry"],"_links":{"self":[{"href":"https:\/\/www.tailoredperfumes.com\/fr\/wp-json\/wp\/v2\/pages\/1671"}],"collection":[{"href":"https:\/\/www.tailoredperfumes.com\/fr\/wp-json\/wp\/v2\/pages"}],"about":[{"href":"https:\/\/www.tailoredperfumes.com\/fr\/wp-json\/wp\/v2\/types\/page"}],"author":[{"embeddable":true,"href":"https:\/\/www.tailoredperfumes.com\/fr\/wp-json\/wp\/v2\/users\/1"}],"replies":[{"embeddable":true,"href":"https:\/\/www.tailoredperfumes.com\/fr\/wp-json\/wp\/v2\/comments?post=1671"}],"version-history":[{"count":20,"href":"https:\/\/www.tailoredperfumes.com\/fr\/wp-json\/wp\/v2\/pages\/1671\/revisions"}],"predecessor-version":[{"id":2231,"href":"https:\/\/www.tailoredperfumes.com\/fr\/wp-json\/wp\/v2\/pages\/1671\/revisions\/2231"}],"wp:attachment":[{"href":"https:\/\/www.tailoredperfumes.com\/fr\/wp-json\/wp\/v2\/media?parent=1671"}],"curies":[{"name":"wp","href":"https:\/\/api.w.org\/{rel}","templated":true}]}}