{"id":1681,"date":"2023-10-06T07:29:29","date_gmt":"2023-10-06T05:29:29","guid":{"rendered":"https:\/\/www.tailoredperfumes.com\/?page_id=1681"},"modified":"2024-01-12T14:04:26","modified_gmt":"2024-01-12T13:04:26","slug":"nos-engagements","status":"publish","type":"page","link":"https:\/\/www.tailoredperfumes.com\/fr\/nos-engagements\/","title":{"rendered":"NOS ENGAGEMENTS"},"content":{"rendered":"<section class=\"l-section wpb_row us_custom_92fa26d6 us_animate_this height_medium\"><div class=\"l-section-h i-cf\"><div class=\"g-cols vc_row via_flex valign_top type_default stacking_default\"><div class=\"vc_col-sm-12 wpb_column vc_column_container\"><div class=\"vc_column-inner\"><div class=\"wpb_wrapper\"><div class=\"w-separator size_small\"><\/div><div class=\"w-separator size_small\"><\/div><div class=\"w-separator size_medium\"><\/div><div class=\"g-cols wpb_row via_flex valign_middle type_default stacking_default\"><div class=\"vc_col-sm-12 wpb_column vc_column_container\"><div class=\"vc_column-inner\"><div class=\"wpb_wrapper\"><div class=\"wpb_text_column hide_on_mobiles\"><div class=\"wpb_wrapper\"><h2 style=\"text-align: center;\">NOTRE ENGAGEMENT :<\/h2>\n<\/div><\/div><div class=\"wpb_text_column hide_on_default hide_on_laptops hide_on_tablets\"><div class=\"wpb_wrapper\"><h3 style=\"text-align: center;\">NOTRE ENGAGEMENT :<\/h3>\n<\/div><\/div><div class=\"w-separator size_custom\" style=\"height:10px\"><\/div><div class=\"wpb_text_column\"><div class=\"wpb_wrapper\"><h1 style=\"text-align: center;\">UN PAS EN AVANT<\/h1>\n<\/div><\/div><div class=\"w-separator size_small\"><\/div><div class=\"w-text us_custom_17e976bd\"><span url class=\"w-text-h\"><span class=\"w-text-value\">pour offrir un avenir meilleur aux futures g\u00e9n\u00e9rations.<\/span><\/span><\/div><\/div><\/div><\/div><\/div><div class=\"w-separator size_small\"><\/div><div class=\"w-separator hide_on_default hide_on_laptops hide_on_tablets size_large\"><\/div><div class=\"wpb_text_column\"><div class=\"wpb_wrapper\"><p style=\"text-align: center;\">Chez Tailored Perfumes, chaque aspect compte pour nous. Nous veillons \u00e0 la source de nos ressources, \u00e0 la qualit\u00e9 de nos produits, \u00e0 l\u2019impact environnemental de nos installations, au bien-\u00eatre de nos collaborateurs et au respect des communaut\u00e9s \u00e0 travers le monde. \u00c0 travers nos engagements conscients, nous esp\u00e9rons cr\u00e9er un changement positif et durable.<\/p>\n<\/div><\/div><\/div><\/div><\/div><\/div><\/div><\/section><section class=\"l-section wpb_row height_small\"><div class=\"l-section-h i-cf\"><div class=\"g-cols vc_row via_flex valign_top type_default stacking_default\"><div class=\"vc_col-sm-4 wpb_column vc_column_container\"><div class=\"vc_column-inner\"><div class=\"wpb_wrapper\"><div class=\"w-image has_ratio align_center\"><div url class=\"w-image-h\"><div style=\"padding-bottom:75%\"><\/div><img loading=\"lazy\" decoding=\"async\" width=\"734\" height=\"550\" src=\"https:\/\/www.tailoredperfumes.com\/wp-content\/uploads\/2023\/11\/vete.jpg\" class=\"attachment-full size-full\" alt=\"\" srcset=\"https:\/\/www.tailoredperfumes.com\/wp-content\/uploads\/2023\/11\/vete.jpg 734w, https:\/\/www.tailoredperfumes.com\/wp-content\/uploads\/2023\/11\/vete-300x225.jpg 300w, https:\/\/www.tailoredperfumes.com\/wp-content\/uploads\/2023\/11\/vete-534x400.jpg 534w\" sizes=\"(max-width: 734px) 100vw, 734px\" \/><\/div><\/div><div class=\"w-separator size_small\"><\/div><div class=\"w-separator hide_on_default hide_on_laptops hide_on_tablets size_medium\"><\/div><div class=\"wpb_text_column\"><div class=\"wpb_wrapper\"><h4 style=\"text-align: center;\">FORMULATION ET<br \/>\nSOURCING \u00c9THIQUES<\/h4>\n<\/div><\/div><div class=\"w-separator size_small\"><\/div><div class=\"wpb_text_column\"><div class=\"wpb_wrapper\"><p style=\"text-align: center;\">Nous s\u00e9lectionnons des ingr\u00e9dients de la plus haute qualit\u00e9, garantissant non seulement une qualit\u00e9 olfactive premium, mais aussi des pratiques d\u2019extraction \u00e9thiques. Nous priorisons la tra\u00e7abilit\u00e9 et utilisons de plus en plus de mati\u00e8res premi\u00e8res certifi\u00e9es. Nos formules de parfums sont strictement contr\u00f4l\u00e9es pour assurer une qualit\u00e9 s\u00fbre et certifi\u00e9e.<\/p>\n<\/div><\/div><div class=\"w-separator hide_on_default hide_on_laptops hide_on_tablets size_medium\"><\/div><\/div><\/div><\/div><div class=\"vc_col-sm-4 wpb_column vc_column_container\"><div class=\"vc_column-inner\"><div class=\"wpb_wrapper\"><div class=\"w-image has_ratio align_center\"><div url class=\"w-image-h\"><div style=\"padding-bottom:75%\"><\/div><img loading=\"lazy\" decoding=\"async\" width=\"800\" height=\"583\" src=\"https:\/\/www.tailoredperfumes.com\/wp-content\/uploads\/2023\/11\/b2.jpg\" class=\"attachment-full size-full\" alt=\"\" srcset=\"https:\/\/www.tailoredperfumes.com\/wp-content\/uploads\/2023\/11\/b2.jpg 800w, https:\/\/www.tailoredperfumes.com\/wp-content\/uploads\/2023\/11\/b2-300x219.jpg 300w, https:\/\/www.tailoredperfumes.com\/wp-content\/uploads\/2023\/11\/b2-549x400.jpg 549w\" sizes=\"(max-width: 800px) 100vw, 800px\" \/><\/div><\/div><div class=\"w-separator size_small\"><\/div><div class=\"w-separator hide_on_default hide_on_laptops hide_on_tablets size_medium\"><\/div><div class=\"wpb_text_column\"><div class=\"wpb_wrapper\"><h4 style=\"text-align: center;\">GESTION RESPONSABLE<br \/>\nDES PRODUITS<\/h4>\n<\/div><\/div><div class=\"w-separator size_small\"><\/div><div class=\"wpb_text_column\"><div class=\"wpb_wrapper\"><p style=\"text-align: center;\">Une approche qui vise \u00e0 minimiser les d\u00e9chets en innovant dans le domaine des emballages et des solutions de flacons. Nous favorisons l\u2019\u00e9conomie circulaire, en int\u00e9grant les principes de recyclabilit\u00e9 dans nos emballages et en privil\u00e9giant les mat\u00e9riaux recycl\u00e9s et recyclables.<\/p>\n<\/div><\/div><div class=\"w-separator hide_on_default hide_on_laptops hide_on_tablets size_medium\"><\/div><\/div><\/div><\/div><div class=\"vc_col-sm-4 wpb_column vc_column_container\"><div class=\"vc_column-inner\"><div class=\"wpb_wrapper\"><div class=\"w-image has_ratio align_center\"><div url class=\"w-image-h\"><div style=\"padding-bottom:75%\"><\/div><img loading=\"lazy\" decoding=\"async\" width=\"800\" height=\"583\" src=\"https:\/\/www.tailoredperfumes.com\/wp-content\/uploads\/2023\/11\/b3.jpg\" class=\"attachment-full size-full\" alt=\"\" srcset=\"https:\/\/www.tailoredperfumes.com\/wp-content\/uploads\/2023\/11\/b3.jpg 800w, https:\/\/www.tailoredperfumes.com\/wp-content\/uploads\/2023\/11\/b3-300x219.jpg 300w, https:\/\/www.tailoredperfumes.com\/wp-content\/uploads\/2023\/11\/b3-549x400.jpg 549w\" sizes=\"(max-width: 800px) 100vw, 800px\" \/><\/div><\/div><div class=\"w-separator size_small\"><\/div><div class=\"w-separator hide_on_default hide_on_laptops hide_on_tablets size_medium\"><\/div><div class=\"wpb_text_column\"><div class=\"wpb_wrapper\"><h4 style=\"text-align: center;\">ACTION SOCIALE<\/h4>\n<\/div><\/div><div class=\"w-separator size_small\"><\/div><div class=\"wpb_text_column\"><div class=\"wpb_wrapper\"><p style=\"text-align: center;\">Notre collaboration avec la fondation Nuria Garc\u00eda depuis 2012 a permis d\u2019am\u00e9liorer les conditions de vie de milliers d\u2019enfants, en contribuant \u00e0 des projets dans les domaines de la sant\u00e9, de l\u2019\u00e9ducation, de la nutrition et de l\u2019int\u00e9gration sociale \u00e0 l\u2019\u00e9chelle mondiale.<\/p>\n<\/div><\/div><\/div><\/div><\/div><\/div><\/div><\/section><section class=\"l-section wpb_row height_small\"><div class=\"l-section-h i-cf\"><div class=\"g-cols vc_row via_flex valign_top type_default stacking_default\"><div class=\"vc_col-sm-2 wpb_column vc_column_container\"><div class=\"vc_column-inner\"><div class=\"wpb_wrapper\"><\/div><\/div><\/div><div class=\"vc_col-sm-4 wpb_column vc_column_container\"><div class=\"vc_column-inner\"><div class=\"wpb_wrapper\"><div class=\"w-image has_ratio align_center\"><div url class=\"w-image-h\"><div style=\"padding-bottom:75%\"><\/div><img loading=\"lazy\" decoding=\"async\" width=\"800\" height=\"583\" src=\"https:\/\/www.tailoredperfumes.com\/wp-content\/uploads\/2023\/11\/b4.jpg\" class=\"attachment-full size-full\" alt=\"\" srcset=\"https:\/\/www.tailoredperfumes.com\/wp-content\/uploads\/2023\/11\/b4.jpg 800w, https:\/\/www.tailoredperfumes.com\/wp-content\/uploads\/2023\/11\/b4-300x219.jpg 300w, https:\/\/www.tailoredperfumes.com\/wp-content\/uploads\/2023\/11\/b4-549x400.jpg 549w\" sizes=\"(max-width: 800px) 100vw, 800px\" \/><\/div><\/div><div class=\"w-separator size_small\"><\/div><div class=\"w-separator hide_on_default hide_on_laptops hide_on_tablets size_medium\"><\/div><div class=\"wpb_text_column\"><div class=\"wpb_wrapper\"><h4 style=\"text-align: center;\">FABRICATION<br \/>\nRESPONSABLE<\/h4>\n<\/div><\/div><div class=\"w-separator size_small\"><\/div><div class=\"wpb_text_column\"><div class=\"wpb_wrapper\"><p style=\"text-align: center;\">R\u00e9duction des d\u00e9chets dans toute la cha\u00eene de valeur, des \u00e9missions d\u2019usine, de la consommation d\u2019eau et am\u00e9lioration de l\u2019efficacit\u00e9 \u00e9nerg\u00e9tique. Conformit\u00e9 aux normes (ISO- 14001 \/ ISO22716) AUDIT SOCIAL (SMETA). Fabriqu\u00e9 en Europe et respectueux de l\u2019environnement.<\/p>\n<\/div><\/div><div class=\"w-separator hide_on_default hide_on_laptops hide_on_tablets size_medium\"><\/div><\/div><\/div><\/div><div class=\"vc_col-sm-4 wpb_column vc_column_container\"><div class=\"vc_column-inner\"><div class=\"wpb_wrapper\"><div class=\"w-image has_ratio align_center\"><div url class=\"w-image-h\"><div style=\"padding-bottom:75%\"><\/div><img loading=\"lazy\" decoding=\"async\" width=\"730\" height=\"550\" src=\"https:\/\/www.tailoredperfumes.com\/wp-content\/uploads\/2023\/11\/manos.jpg\" class=\"attachment-full size-full\" alt=\"\" srcset=\"https:\/\/www.tailoredperfumes.com\/wp-content\/uploads\/2023\/11\/manos.jpg 730w, https:\/\/www.tailoredperfumes.com\/wp-content\/uploads\/2023\/11\/manos-300x226.jpg 300w, https:\/\/www.tailoredperfumes.com\/wp-content\/uploads\/2023\/11\/manos-531x400.jpg 531w\" sizes=\"(max-width: 730px) 100vw, 730px\" \/><\/div><\/div><div class=\"w-separator size_small\"><\/div><div class=\"w-separator hide_on_default hide_on_laptops hide_on_tablets size_medium\"><\/div><div class=\"wpb_text_column\"><div class=\"wpb_wrapper\"><h4 style=\"text-align: center;\">RESPECT &amp; EGALIT\u00c9<\/h4>\n<\/div><\/div><div class=\"w-separator size_small\"><\/div><div class=\"wpb_text_column\"><div class=\"wpb_wrapper\"><p style=\"text-align: center;\">Nous veillons \u00e0 l\u2019int\u00e9grit\u00e9 de nos pratiques d\u2019entreprise, ainsi qu\u2019\u00e0 nos relations avec nos marques et fournisseurs. Notre soci\u00e9t\u00e9 s\u2019engage r\u00e9solument \u00e0 promouvoir un climat de respect et d\u2019\u00e9galit\u00e9, assurant un traitement juste et digne pour tous nos collaborateurs et clients.<\/p>\n<\/div><\/div><\/div><\/div><\/div><div class=\"vc_col-sm-2 wpb_column vc_column_container\"><div class=\"vc_column-inner\"><div class=\"wpb_wrapper\"><\/div><\/div><\/div><\/div><\/div><\/section><section class=\"l-section wpb_row height_small\"><div class=\"l-section-h i-cf\"><div class=\"g-cols vc_row via_flex valign_top type_default stacking_default\"><div class=\"vc_col-sm-12 wpb_column vc_column_container\"><div class=\"vc_column-inner\"><div class=\"wpb_wrapper\"><div class=\"w-separator size_huge\"><\/div><\/div><\/div><\/div><\/div><\/div><\/section><section class=\"l-section wpb_row us_custom_6985308a height_large\"><div class=\"l-section-h i-cf\"><div class=\"g-cols vc_row via_flex valign_middle type_default stacking_default\"><div class=\"vc_col-sm-6 wpb_column vc_column_container  stretched\"><div class=\"vc_column-inner us_custom_3d32b995 us_animate_this\"><div class=\"wpb_wrapper\"><div class=\"w-video align_none ratio_16x9\"><div class=\"w-video-h\"><video  preload=\"auto\" playsinline controls autoplay loop muted><source type=\"video\/mp4\" src=\"https:\/\/www.tailoredperfumes.com\/wp-content\/uploads\/2023\/11\/Bright_ProductReveal_Text.mp4\" \/><\/video><\/div><div class=\"w-video-icon\" style=\"font-size:1.5rem;background:rgba(0,0,0,0.5);color:#fff\"><\/div><\/div><\/div><\/div><\/div><div class=\"vc_col-sm-6 wpb_column vc_column_container\"><div class=\"vc_column-inner us_custom_8f7b07a9 us_animate_this\"><div class=\"wpb_wrapper\"><div class=\"w-text us_custom_5d6d44d7\"><span url class=\"w-text-h\"><span class=\"w-text-value\">GESTION RESPONSABLE DES PRODUITS \u00b7 \u00c9TUDE DE CAS<\/span><\/span><\/div><div class=\"w-separator size_small\"><\/div><h3 class=\"w-text\"><span url class=\"w-text-h\"><span class=\"w-text-value\">LAUR\u00c9AT DES PCD PARIS INNOVATION AWARDS 2023 |<br \/>\nPEPE JEANS BRIGHT<\/span><\/span><\/h3><div class=\"wpb_text_column\"><div class=\"wpb_wrapper\"><p>Le parfum f\u00e9minin Pepe Jeans Bright propose un syst\u00e8me de recharge innovant pour le flacon, avec un vaporisateur \u00e0 vis r\u00e9utilisable \u00e0 l\u2019infini, permettant ainsi de r\u00e9duire consid\u00e9rablement les d\u00e9chets de mat\u00e9riaux. Ce syst\u00e8me garantit une qualit\u00e9 et une conservation optimales du parfum, tout en offrant un produit respectueux de l\u2019environnement, fabriqu\u00e9 \u00e0 partir de mat\u00e9riaux recycl\u00e9s et recyclables.<\/p>\n<\/div><\/div><div class=\"w-separator size_small\"><\/div><div class=\"w-btn-wrapper align_left\"><a class=\"w-btn us-btn-style_1\" href=\"http:\/\/www.pepejeansperfumes.com\/p\/3\"><span class=\"w-btn-label\">D\u00c9COUVRIR BRIGHT<\/span><\/a><\/div><\/div><\/div><\/div><\/div><\/div><\/section><section class=\"l-section wpb_row us_custom_46611adf height_huge\"><div class=\"l-section-h i-cf\"><div class=\"g-cols vc_row via_flex valign_middle type_default stacking_default\"><div class=\"vc_col-sm-6 wpb_column vc_column_container\"><div class=\"vc_column-inner us_custom_965e6ee3 us_animate_this\"><div class=\"wpb_wrapper\"><div class=\"w-text us_custom_5d6d44d7\"><span url class=\"w-text-h\"><span class=\"w-text-value\">ACTION SOCIALE \u00b7 \u00c9TUDE DE CAS<\/span><\/span><\/div><div class=\"w-separator size_small\"><\/div><div class=\"w-image hide_on_default hide_on_laptops hide_on_tablets align_none\"><div url class=\"w-image-h\"><img loading=\"lazy\" decoding=\"async\" width=\"998\" height=\"600\" src=\"https:\/\/www.tailoredperfumes.com\/wp-content\/uploads\/2023\/11\/b6.jpg\" class=\"attachment-large size-large\" alt=\"\" srcset=\"https:\/\/www.tailoredperfumes.com\/wp-content\/uploads\/2023\/11\/b6.jpg 998w, https:\/\/www.tailoredperfumes.com\/wp-content\/uploads\/2023\/11\/b6-300x180.jpg 300w, https:\/\/www.tailoredperfumes.com\/wp-content\/uploads\/2023\/11\/b6-600x361.jpg 600w\" sizes=\"(max-width: 998px) 100vw, 998px\" \/><\/div><\/div><div class=\"w-separator hide_on_default hide_on_laptops hide_on_tablets size_large\"><\/div><div class=\"wpb_text_column\"><div class=\"wpb_wrapper\"><h3 style=\"text-align: left;\">FONDATION NURIA GARCIA<br \/>\n&amp; TAILORED PERFUMES<\/h3>\n<\/div><\/div><div class=\"w-separator size_small\"><\/div><div class=\"wpb_text_column\"><div class=\"wpb_wrapper\"><p>Babies Uganda, une ONG ougandaise, est un partenaire de longue date de la fondation, soutenant pr\u00e8s de 10 000 enfants chaque ann\u00e9e. Cette organisation g\u00e8re deux orphelinats, une \u00e9cole primaire et \u00e9l\u00e9mentaire avec plus de 600 \u00e9l\u00e8ves, un internat pour enfants d\u00e9ficients visuels (CEVIC), une clinique dentaire, un centre de soins primaires et de maternit\u00e9, ainsi que deux \u00e9coles sur l\u2019\u00eele de Zinga. Avec le soutien de Tailored Perfumes, tous les frais de l\u2019internat CEVIC seront enti\u00e8rement couverts pour l\u2019ann\u00e9e scolaire 2023.<\/p>\n<\/div><\/div><div class=\"w-separator size_small\"><\/div><div class=\"w-btn-wrapper align_left\"><a class=\"w-btn us-btn-style_1\" href=\"https:\/\/www.fundacionnuriagarcia.org\"><span class=\"w-btn-label\">EN SAVOIR PLUS<\/span><\/a><\/div><\/div><\/div><\/div><div class=\"vc_col-sm-6 wpb_column vc_column_container  hide_on_mobiles has_bg_color\"><div class=\"vc_column-inner us_custom_5e188607 us_animate_this\"><div class=\"wpb_wrapper\"><div class=\"w-separator us_custom_6fcbfd5f size_huge\"><\/div><\/div><\/div><\/div><\/div><\/div><\/section><section class=\"l-section wpb_row height_small\"><div class=\"l-section-h i-cf\"><div class=\"g-cols vc_row via_flex valign_top type_default stacking_default\"><div class=\"vc_col-sm-12 wpb_column vc_column_container\"><div class=\"vc_column-inner\"><div class=\"wpb_wrapper\"><div class=\"w-separator size_small\"><\/div><\/div><\/div><\/div><\/div><\/div><\/section>\n","protected":false},"excerpt":{"rendered":"NOTRE ENGAGEMENT : NOTRE ENGAGEMENT : UN PAS EN AVANT pour offrir un avenir meilleur aux futures g\u00e9n\u00e9rations.Chez Tailored Perfumes, chaque aspect compte pour nous. Nous veillons \u00e0 la source de nos ressources, \u00e0 la qualit\u00e9 de nos produits, \u00e0 l\u2019impact environnemental de nos installations, au bien-\u00eatre de nos collaborateurs et au respect des communaut\u00e9s...","protected":false},"author":1,"featured_media":0,"parent":0,"menu_order":0,"comment_status":"closed","ping_status":"closed","template":"","meta":{"footnotes":""},"class_list":["post-1681","page","type-page","status-publish","hentry"],"_links":{"self":[{"href":"https:\/\/www.tailoredperfumes.com\/fr\/wp-json\/wp\/v2\/pages\/1681"}],"collection":[{"href":"https:\/\/www.tailoredperfumes.com\/fr\/wp-json\/wp\/v2\/pages"}],"about":[{"href":"https:\/\/www.tailoredperfumes.com\/fr\/wp-json\/wp\/v2\/types\/page"}],"author":[{"embeddable":true,"href":"https:\/\/www.tailoredperfumes.com\/fr\/wp-json\/wp\/v2\/users\/1"}],"replies":[{"embeddable":true,"href":"https:\/\/www.tailoredperfumes.com\/fr\/wp-json\/wp\/v2\/comments?post=1681"}],"version-history":[{"count":14,"href":"https:\/\/www.tailoredperfumes.com\/fr\/wp-json\/wp\/v2\/pages\/1681\/revisions"}],"predecessor-version":[{"id":2233,"href":"https:\/\/www.tailoredperfumes.com\/fr\/wp-json\/wp\/v2\/pages\/1681\/revisions\/2233"}],"wp:attachment":[{"href":"https:\/\/www.tailoredperfumes.com\/fr\/wp-json\/wp\/v2\/media?parent=1681"}],"curies":[{"name":"wp","href":"https:\/\/api.w.org\/{rel}","templated":true}]}}