{"id":1730,"date":"2023-09-06T18:40:51","date_gmt":"2023-09-06T16:40:51","guid":{"rendered":"https:\/\/www.tailoredperfumes.com\/blog\/"},"modified":"2024-01-17T12:07:48","modified_gmt":"2024-01-17T11:07:48","slug":"blog","status":"publish","type":"page","link":"https:\/\/www.tailoredperfumes.com\/fr\/blog\/","title":{"rendered":"ACTUALIT\u00c9S"},"content":{"rendered":"<section class=\"l-section wpb_row height_medium\"><div class=\"l-section-h i-cf\"><div class=\"g-cols vc_row via_flex valign_top type_default stacking_default\" style=\"--additional-gap:1rem;\"><div class=\"vc_col-sm-12 wpb_column vc_column_container\"><div class=\"vc_column-inner\"><div class=\"wpb_wrapper\"><div class=\"wpb_text_column\"><div class=\"wpb_wrapper\"><h2 style=\"text-align: left;\">LES DERNI\u00c8RES NOUVELLES<br \/>\nDE TAILORED<\/h2>\n<\/div><\/div><div class=\"w-separator size_large\"><\/div><\/div><\/div><\/div><div class=\"vc_col-sm-8 wpb_column vc_column_container\"><div class=\"vc_column-inner\"><div class=\"wpb_wrapper\"><div class=\"w-grid type_grid layout_1770\" id=\"us_grid_1\" style=\"--gap:2rem;\" data-filterable=\"true\"><style>.layout_1770 .w-grid-item-h{}.layout_1770 .usg_post_image_1{margin-bottom:1rem!important}.layout_1770 .usg_post_title_1{margin-bottom:0.5rem!important}.layout_1770 .usg_hwrapper_1{color:#1a1a1a!important;font-size:0.9rem!important;margin-top:15px!important;margin-bottom:15px!important}.layout_1770 .usg_post_taxonomy_1{font-size:15px!important;letter-spacing:1px!important;font-family:\"FuturaLTPro-Book\"!important;text-transform:uppercase!important}.layout_1770 .usg_post_content_1{max-width:800px!important;margin-top:0.5rem!important}.layout_1770 .usg_post_date_1{font-size:15px!important;letter-spacing:1px!important;font-family:\"FuturaLTPro-Book\"!important;text-transform:uppercase!important}.layout_1770 .usg_hwrapper_2{margin-top:15px!important;margin-bottom:40px!important;padding-top:15px!important;padding-bottom:40px!important}.layout_1770 .usg_text_1{font-size:15px!important;letter-spacing:1px!important;font-family:\"FuturaLTPro-Book\"!important}.layout_1770 .usg_text_2{font-size:0.5rem!important}<\/style><div class=\"w-grid-list\">\t<article class=\"w-grid-item post-2681 post type-post status-publish format-standard has-post-thumbnail hentry category-fragance-fr tag-beauty-fr tag-perfumery-fr tag-trends-fr\" data-id=\"2681\">\r\n\t\t<div class=\"w-grid-item-h\">\r\n\t\t\t\t\t\t<div class=\"w-post-elm post_image usg_post_image_1 stretched\"><a href=\"https:\/\/www.tailoredperfumes.com\/fr\/intimate-delight-une-celebration-de-la-feminite-et-de-la-passion\/\" aria-label=\"INTIMATE DELIGHT: UNE C\u00c9L\u00c9BRATION DE LA F\u00c9MINIT\u00c9 ET DE LA PASSION\"><img loading=\"lazy\" decoding=\"async\" width=\"1024\" height=\"724\" src=\"https:\/\/www.tailoredperfumes.com\/wp-content\/uploads\/2024\/09\/WS-INTIMATE-DELIGHT-PAGINA-WS-1024x724.jpg\" class=\"attachment-large size-large wp-post-image\" alt=\"\" srcset=\"https:\/\/www.tailoredperfumes.com\/wp-content\/uploads\/2024\/09\/WS-INTIMATE-DELIGHT-PAGINA-WS-1024x724.jpg 1024w, https:\/\/www.tailoredperfumes.com\/wp-content\/uploads\/2024\/09\/WS-INTIMATE-DELIGHT-PAGINA-WS-300x212.jpg 300w, https:\/\/www.tailoredperfumes.com\/wp-content\/uploads\/2024\/09\/WS-INTIMATE-DELIGHT-PAGINA-WS-566x400.jpg 566w, https:\/\/www.tailoredperfumes.com\/wp-content\/uploads\/2024\/09\/WS-INTIMATE-DELIGHT-PAGINA-WS-600x424.jpg 600w\" sizes=\"(max-width: 1024px) 100vw, 1024px\" \/><\/a><\/div><div class=\"w-hwrapper usg_hwrapper_1 has_text_color align_none valign_top wrap\" style=\"--hwrapper-gap:0.8rem\"><time class=\"w-post-elm post_date usg_post_date_1 entry-date published\" datetime=\"2024-11-11T12:31:34+01:00\">11 novembre 2024<\/time><div class=\"w-text usg_text_2 icon_atleft\"><span url class=\"w-text-h\"><i class=\"fas fa-circle\"><\/i><span class=\"w-text-value\"><\/span><\/span><\/div><div class=\"w-post-elm post_taxonomy usg_post_taxonomy_1 style_simple\"><span class=\"term-32 term-fragance-fr\">FRAGRANCE<\/span><\/div><\/div><h3 class=\"w-post-elm post_title usg_post_title_1 entry-title color_link_inherit\"><a href=\"https:\/\/www.tailoredperfumes.com\/fr\/intimate-delight-une-celebration-de-la-feminite-et-de-la-passion\/\">INTIMATE DELIGHT: UNE C\u00c9L\u00c9BRATION DE LA F\u00c9MINIT\u00c9 ET DE LA PASSION<\/a><\/h3><div class=\"w-post-elm post_content usg_post_content_1\">Intimate Delight, la nouvelle Eau de Parfum de Women\u2019secret, est une fragrance qui incarne l\u2019essence de l\u2019empowerment f\u00e9minin, la passion et l\u2019optimisme. Con\u00e7u pour envelopper les femmes d\u2019une aura de confiance, Intimate Delight est bien plus qu\u2019un simple parfum: c\u2019est un rappel de la force int\u00e9rieure que poss\u00e8de chaque femme\u2026<\/div><div class=\"w-hwrapper usg_hwrapper_2 align_none valign_middle\" style=\"--hwrapper-gap:3rem\"><div class=\"w-text usg_text_1 icon_atright\"><a href=\"https:\/\/www.tailoredperfumes.com\/fr\/intimate-delight-une-celebration-de-la-feminite-et-de-la-passion\/\" class=\"w-text-h\"><span class=\"w-text-value\">EN SAVOIR PLUS<\/span><i class=\"fal fa-arrow-right\"><\/i><\/a><\/div><\/div>\t\t<\/div>\r\n\t<\/article>\r\n\t<article class=\"w-grid-item post-2451 post type-post status-publish format-standard has-post-thumbnail hentry category-fragance-fr\" data-id=\"2451\">\r\n\t\t<div class=\"w-grid-item-h\">\r\n\t\t\t\t\t\t<div class=\"w-post-elm post_image usg_post_image_1 stretched\"><a href=\"https:\/\/www.tailoredperfumes.com\/fr\/orquidea-recompense-par-lacademie-du-parfum\/\" aria-label=\"ORQU\u00cdDEA, R\u00c9COMPENS\u00c9 PAR L&rsquo;ACAD\u00c9MIE DU PARFUM\"><img loading=\"lazy\" decoding=\"async\" width=\"1024\" height=\"724\" src=\"https:\/\/www.tailoredperfumes.com\/wp-content\/uploads\/2024\/01\/image-1-1024x724.png\" class=\"attachment-large size-large wp-post-image\" alt=\"\" srcset=\"https:\/\/www.tailoredperfumes.com\/wp-content\/uploads\/2024\/01\/image-1-1024x724.png 1024w, https:\/\/www.tailoredperfumes.com\/wp-content\/uploads\/2024\/01\/image-1-300x212.png 300w, https:\/\/www.tailoredperfumes.com\/wp-content\/uploads\/2024\/01\/image-1-566x400.png 566w, https:\/\/www.tailoredperfumes.com\/wp-content\/uploads\/2024\/01\/image-1-600x424.png 600w\" sizes=\"(max-width: 1024px) 100vw, 1024px\" \/><\/a><\/div><div class=\"w-hwrapper usg_hwrapper_1 has_text_color align_none valign_top wrap\" style=\"--hwrapper-gap:0.8rem\"><time class=\"w-post-elm post_date usg_post_date_1 entry-date published\" datetime=\"2024-01-22T14:53:36+01:00\">22 janvier 2024<\/time><div class=\"w-text usg_text_2 icon_atleft\"><span url class=\"w-text-h\"><i class=\"fas fa-circle\"><\/i><span class=\"w-text-value\"><\/span><\/span><\/div><div class=\"w-post-elm post_taxonomy usg_post_taxonomy_1 style_simple\"><span class=\"term-32 term-fragance-fr\">FRAGRANCE<\/span><\/div><\/div><h3 class=\"w-post-elm post_title usg_post_title_1 entry-title color_link_inherit\"><a href=\"https:\/\/www.tailoredperfumes.com\/fr\/orquidea-recompense-par-lacademie-du-parfum\/\">ORQU\u00cdDEA, R\u00c9COMPENS\u00c9 PAR L&rsquo;ACAD\u00c9MIE DU PARFUM<\/a><\/h3><div class=\"w-post-elm post_content usg_post_content_1\">Pedro del Hierro a conquis le c\u0153ur de la Perfume Academy avec sa derni\u00e8re cr\u00e9ation Orqu\u00eddea, une composition qui fait preuve d&rsquo;\u00e9l\u00e9gance par excellence. Captivante et sophistiqu\u00e9e, elle a remport\u00e9 le prix du Meilleur Parfum F\u00e9minin Lifestyle. Cette r\u00e9ussite exceptionnelle enrichit non seulement la culture du parfum, mais conf\u00e8re \u00e9galement\u2026<\/div><div class=\"w-hwrapper usg_hwrapper_2 align_none valign_middle\" style=\"--hwrapper-gap:3rem\"><div class=\"w-text usg_text_1 icon_atright\"><a href=\"https:\/\/www.tailoredperfumes.com\/fr\/orquidea-recompense-par-lacademie-du-parfum\/\" class=\"w-text-h\"><span class=\"w-text-value\">EN SAVOIR PLUS<\/span><i class=\"fal fa-arrow-right\"><\/i><\/a><\/div><\/div>\t\t<\/div>\r\n\t<\/article>\r\n\t<article class=\"w-grid-item post-1758 post type-post status-publish format-standard has-post-thumbnail hentry category-fragance-fr tag-parfumerie tag-prix\" data-id=\"1758\">\r\n\t\t<div class=\"w-grid-item-h\">\r\n\t\t\t\t\t\t<div class=\"w-post-elm post_image usg_post_image_1 stretched\"><a href=\"https:\/\/www.tailoredperfumes.com\/fr\/a-new-statement-of-masculinity\/\" aria-label=\"UNE NOUVELLE D\u00c9CLARATION DE MASCULINIT\u00c9\"><img loading=\"lazy\" decoding=\"async\" width=\"1024\" height=\"478\" src=\"https:\/\/www.tailoredperfumes.com\/wp-content\/uploads\/2023\/09\/Captura-de-Pantalla-2023-11-03-a-las-9.07.49-1024x478.png\" class=\"attachment-large size-large wp-post-image\" alt=\"\" srcset=\"https:\/\/www.tailoredperfumes.com\/wp-content\/uploads\/2023\/09\/Captura-de-Pantalla-2023-11-03-a-las-9.07.49-1024x478.png 1024w, https:\/\/www.tailoredperfumes.com\/wp-content\/uploads\/2023\/09\/Captura-de-Pantalla-2023-11-03-a-las-9.07.49-300x140.png 300w, https:\/\/www.tailoredperfumes.com\/wp-content\/uploads\/2023\/09\/Captura-de-Pantalla-2023-11-03-a-las-9.07.49-600x280.png 600w, https:\/\/www.tailoredperfumes.com\/wp-content\/uploads\/2023\/09\/Captura-de-Pantalla-2023-11-03-a-las-9.07.49.png 1500w\" sizes=\"(max-width: 1024px) 100vw, 1024px\" \/><\/a><\/div><div class=\"w-hwrapper usg_hwrapper_1 has_text_color align_none valign_top wrap\" style=\"--hwrapper-gap:0.8rem\"><time class=\"w-post-elm post_date usg_post_date_1 entry-date published\" datetime=\"2023-10-16T08:23:31+02:00\">16 octobre 2023<\/time><div class=\"w-text usg_text_2 icon_atleft\"><span url class=\"w-text-h\"><i class=\"fas fa-circle\"><\/i><span class=\"w-text-value\"><\/span><\/span><\/div><div class=\"w-post-elm post_taxonomy usg_post_taxonomy_1 style_simple\"><span class=\"term-32 term-fragance-fr\">FRAGRANCE<\/span><\/div><\/div><h3 class=\"w-post-elm post_title usg_post_title_1 entry-title color_link_inherit\"><a href=\"https:\/\/www.tailoredperfumes.com\/fr\/a-new-statement-of-masculinity\/\">UNE NOUVELLE D\u00c9CLARATION DE MASCULINIT\u00c9<\/a><\/h3><div class=\"w-post-elm post_content usg_post_content_1\">SoBold est caract\u00e8re, force et r\u00e9bellion. Cette fragrance s\u2019adresse aux non-conformistes qui trouvent la libert\u00e9 en \u00e9tablissant leurs propres r\u00e8gles, en rejetant l\u2019ordre et en exprimant leurs d\u00e9sirs. Avec SoBold, le caract\u00e8re et\u00a0l\u2019ADN de Pepe Jeans se ressentent plus intens\u00e9ment que jamais. Une fragrance pleine de caract\u00e8re, \u00e0 la fois\u2026<\/div><div class=\"w-hwrapper usg_hwrapper_2 align_none valign_middle\" style=\"--hwrapper-gap:3rem\"><div class=\"w-text usg_text_1 icon_atright\"><a href=\"https:\/\/www.tailoredperfumes.com\/fr\/a-new-statement-of-masculinity\/\" class=\"w-text-h\"><span class=\"w-text-value\">EN SAVOIR PLUS<\/span><i class=\"fal fa-arrow-right\"><\/i><\/a><\/div><\/div>\t\t<\/div>\r\n\t<\/article>\r\n\t<article class=\"w-grid-item post-1757 post type-post status-publish format-standard has-post-thumbnail hentry category-fragance-fr tag-beauty-fr tag-perfumery-fr tag-trends-fr\" data-id=\"1757\">\r\n\t\t<div class=\"w-grid-item-h\">\r\n\t\t\t\t\t\t<div class=\"w-post-elm post_image usg_post_image_1 stretched\"><a href=\"https:\/\/www.tailoredperfumes.com\/fr\/the-essence-of-a-cosmopolitan-man\/\" aria-label=\"L\u2019ESSENCE DE L\u2019HOMME COSMOPOLITE\"><img loading=\"lazy\" decoding=\"async\" width=\"1024\" height=\"452\" src=\"https:\/\/www.tailoredperfumes.com\/wp-content\/uploads\/2023\/08\/Screenshot-2023-09-27-at-09.37.45-1024x452.png\" class=\"attachment-large size-large wp-post-image\" alt=\"\" srcset=\"https:\/\/www.tailoredperfumes.com\/wp-content\/uploads\/2023\/08\/Screenshot-2023-09-27-at-09.37.45-1024x452.png 1024w, https:\/\/www.tailoredperfumes.com\/wp-content\/uploads\/2023\/08\/Screenshot-2023-09-27-at-09.37.45-300x133.png 300w, https:\/\/www.tailoredperfumes.com\/wp-content\/uploads\/2023\/08\/Screenshot-2023-09-27-at-09.37.45-600x265.png 600w\" sizes=\"(max-width: 1024px) 100vw, 1024px\" \/><\/a><\/div><div class=\"w-hwrapper usg_hwrapper_1 has_text_color align_none valign_top wrap\" style=\"--hwrapper-gap:0.8rem\"><time class=\"w-post-elm post_date usg_post_date_1 entry-date published\" datetime=\"2023-08-16T07:09:24+02:00\">16 ao\u00fbt 2023<\/time><div class=\"w-text usg_text_2 icon_atleft\"><span url class=\"w-text-h\"><i class=\"fas fa-circle\"><\/i><span class=\"w-text-value\"><\/span><\/span><\/div><div class=\"w-post-elm post_taxonomy usg_post_taxonomy_1 style_simple\"><span class=\"term-32 term-fragance-fr\">FRAGRANCE<\/span><\/div><\/div><h3 class=\"w-post-elm post_title usg_post_title_1 entry-title color_link_inherit\"><a href=\"https:\/\/www.tailoredperfumes.com\/fr\/the-essence-of-a-cosmopolitan-man\/\">L\u2019ESSENCE DE L\u2019HOMME COSMOPOLITE<\/a><\/h3><div class=\"w-post-elm post_content usg_post_content_1\">Absolute incarne l\u2019essence d\u2019un homme cosmopolite. Inspir\u00e9 par l\u2019atmosph\u00e8re vibrante de la capitale britannique, Hackett London pr\u00e9sente une fragrance distingu\u00e9e et s\u00e9duisante avec une touche britannique. \u00c9labor\u00e9 avec une grande minutie, Absolute d\u00e9gage sophistication et raffinement. C\u2019est une fragrance polyvalente offrant un attrait intemporel. Le design du flacon puise son\u2026<\/div><div class=\"w-hwrapper usg_hwrapper_2 align_none valign_middle\" style=\"--hwrapper-gap:3rem\"><div class=\"w-text usg_text_1 icon_atright\"><a href=\"https:\/\/www.tailoredperfumes.com\/fr\/the-essence-of-a-cosmopolitan-man\/\" class=\"w-text-h\"><span class=\"w-text-value\">EN SAVOIR PLUS<\/span><i class=\"fal fa-arrow-right\"><\/i><\/a><\/div><\/div>\t\t<\/div>\r\n\t<\/article>\r\n<\/div><div class=\"w-grid-preloader\"><div class=\"g-preloader type_1\">\r\n\t<div><\/div>\r\n<\/div>\r\n<\/div>\t<div class=\"w-grid-json hidden\" onclick='return {&quot;action&quot;:&quot;us_ajax_grid&quot;,&quot;ajax_url&quot;:&quot;https:\\\/\\\/www.tailoredperfumes.com\\\/wp-admin\\\/admin-ajax.php&quot;,&quot;infinite_scroll&quot;:0,&quot;max_num_pages&quot;:1,&quot;pagination&quot;:&quot;none&quot;,&quot;permalink_url&quot;:&quot;https:\\\/\\\/www.tailoredperfumes.com\\\/fr\\\/wp-json\\\/wp\\\/v2\\\/pages\\\/1730\\\/&quot;,&quot;template_vars&quot;:{&quot;columns&quot;:&quot;1&quot;,&quot;exclude_items&quot;:&quot;none&quot;,&quot;img_size&quot;:&quot;default&quot;,&quot;ignore_items_size&quot;:0,&quot;items_layout&quot;:&quot;1770&quot;,&quot;items_offset&quot;:&quot;1&quot;,&quot;load_animation&quot;:&quot;none&quot;,&quot;overriding_link&quot;:&quot;%7B%22url%22%3A%22%22%7D&quot;,&quot;post_id&quot;:0,&quot;query_args&quot;:{&quot;post_type&quot;:[&quot;post&quot;],&quot;tax_query&quot;:[{&quot;taxonomy&quot;:&quot;category&quot;,&quot;field&quot;:&quot;slug&quot;,&quot;terms&quot;:[&quot;fragance-fr&quot;]}],&quot;post_status&quot;:[&quot;publish&quot;],&quot;posts_per_page&quot;:&quot;10&quot;},&quot;orderby_query_args&quot;:{&quot;orderby&quot;:{&quot;date&quot;:&quot;DESC&quot;}},&quot;type&quot;:&quot;grid&quot;,&quot;us_grid_ajax_index&quot;:1,&quot;us_grid_filter_params&quot;:null,&quot;us_grid_index&quot;:1,&quot;_us_grid_post_type&quot;:&quot;post&quot;,&quot;page_args&quot;:[],&quot;lang&quot;:&quot;fr&quot;}}'><\/div>\r\n\t<\/div><\/div><\/div><\/div><div class=\"vc_col-sm-4 wpb_column vc_column_container\"><div class=\"vc_column-inner\"><div class=\"wpb_wrapper\">[vc_widget_sidebar sidebar_id=\u00a0\u00bbdefault_sidebar\u00a0\u00bb]<\/div><\/div><\/div><\/div><\/div><\/section>\n","protected":false},"excerpt":{"rendered":"Absolute incarne l\u2019essence d\u2019un homme cosmopolite. Inspir\u00e9 par l\u2019atmosph\u00e8re vibrante de la capitale britannique, Hackett London pr\u00e9sente une fragrance distingu\u00e9e et s\u00e9duisante avec une touche britannique. \u00c9labor\u00e9 avec une grande minutie, Absolute d\u00e9gage sophistication et raffinement. C\u2019est une fragrance polyvalente offrant un attrait intemporel. Le design du flacon puise son inspiration de l\u2019art du tailleur,...","protected":false},"author":1,"featured_media":0,"parent":0,"menu_order":0,"comment_status":"closed","ping_status":"closed","template":"","meta":{"footnotes":""},"class_list":["post-1730","page","type-page","status-publish","hentry"],"_links":{"self":[{"href":"https:\/\/www.tailoredperfumes.com\/fr\/wp-json\/wp\/v2\/pages\/1730"}],"collection":[{"href":"https:\/\/www.tailoredperfumes.com\/fr\/wp-json\/wp\/v2\/pages"}],"about":[{"href":"https:\/\/www.tailoredperfumes.com\/fr\/wp-json\/wp\/v2\/types\/page"}],"author":[{"embeddable":true,"href":"https:\/\/www.tailoredperfumes.com\/fr\/wp-json\/wp\/v2\/users\/1"}],"replies":[{"embeddable":true,"href":"https:\/\/www.tailoredperfumes.com\/fr\/wp-json\/wp\/v2\/comments?post=1730"}],"version-history":[{"count":8,"href":"https:\/\/www.tailoredperfumes.com\/fr\/wp-json\/wp\/v2\/pages\/1730\/revisions"}],"predecessor-version":[{"id":2244,"href":"https:\/\/www.tailoredperfumes.com\/fr\/wp-json\/wp\/v2\/pages\/1730\/revisions\/2244"}],"wp:attachment":[{"href":"https:\/\/www.tailoredperfumes.com\/fr\/wp-json\/wp\/v2\/media?parent=1730"}],"curies":[{"name":"wp","href":"https:\/\/api.w.org\/{rel}","templated":true}]}}