{"id":3167,"date":"2024-09-25T10:13:20","date_gmt":"2024-09-25T08:13:20","guid":{"rendered":"https:\/\/www.tailoredperfumes.com\/?page_id=3167"},"modified":"2024-09-27T12:45:01","modified_gmt":"2024-09-27T10:45:01","slug":"politique-reseaux-sociaux","status":"publish","type":"page","link":"https:\/\/www.tailoredperfumes.com\/fr\/politique-reseaux-sociaux\/","title":{"rendered":"POLITIQUE R\u00c9SEAUX SOCIAUX"},"content":{"rendered":"<h2 style=\"text-align: center;\"><strong>POLITIQUE R\u00c9SEAUX SOCIAUX<\/strong><\/h2>\n<p>&nbsp;<\/p>\n<h3>1. INFORMATION \u00c0 L&rsquo;UTILISATEUR<\/h3>\n<p>Qui est responsable du traitement de vos donn\u00e9es personnelles ?<\/p>\n<p>TAILORED PERFUMES SL sera responsable du traitement des donn\u00e9es personnelles des PERSONNES qui ont proc\u00e9d\u00e9 \u00e0 la cr\u00e9ation d&rsquo;un profil sur l&rsquo;un de ses r\u00e9seaux sociaux, et elles seront trait\u00e9es conform\u00e9ment aux dispositions du R\u00e8glement (UE) 2016\/679 du 27 avril (RGPD), Loi Organique 3\/2018 du 5 d\u00e9cembre (LOPDGDD) et Loi sur les services de la soci\u00e9t\u00e9 de l&rsquo;information et du commerce \u00e9lectronique (LSSI), fournissant les informations de traitement suivantes :<\/p>\n<p><strong>Pourquoi traitons-nous vos donn\u00e9es personnelles ?<\/strong><\/p>\n<p>Finalit\u00e9 du traitement : maintenir une relation entre l&rsquo;UTILISATEUR et TAILORED PERFUMES SL (ci-apr\u00e8s le RESPONSABLE) qui peut comprendre les op\u00e9rations suivantes :<\/p>\n<p>Traiter les demandes et les interrogations adress\u00e9es au responsable<br \/>\nInformer sur les activit\u00e9s et \u00e9v\u00e9nements organis\u00e9s par le responsable<br \/>\nInformer sur les produits ou services offerts par la personne responsable<br \/>\nInteragissez via les profils officiels<\/p>\n<p>Lorsque le RESPONSABLE collecte et traite des donn\u00e9es personnelles via ses r\u00e9seaux sociaux, les UTILISATEURS seront inform\u00e9s de la finalit\u00e9 de la collecte des donn\u00e9es, ainsi que de leurs droits relatifs \u00e0 leurs donn\u00e9es personnelles. Les donn\u00e9es personnelles seront utilis\u00e9es uniquement aux fins indiqu\u00e9es et seront conserv\u00e9es en toute s\u00e9curit\u00e9.<\/p>\n<p>Base juridique du traitement : le consentement explicite accord\u00e9 par l&rsquo;UTILISATEUR pour le traitement de ses donn\u00e9es personnelles pour une ou plusieurs finalit\u00e9s sp\u00e9cifiques (article 6.1.a RGPD).<\/p>\n<p>D&rsquo;autre part, l&rsquo;UTILISATEUR peut acc\u00e9der \u00e0 tout moment aux politiques de confidentialit\u00e9 du r\u00e9seau social lui-m\u00eame, ainsi que configurer son profil pour garantir sa confidentialit\u00e9.<\/p>\n<p><strong>Combien de temps conserverons-nous vos donn\u00e9es personnelles ?<\/strong><\/p>\n<p>Crit\u00e8res de conservation des donn\u00e9es : elles seront conserv\u00e9es tant que l&rsquo;UTILISATEUR ne r\u00e9voque pas le consentement donn\u00e9 comme indiqu\u00e9 dans la pr\u00e9sente politique de confidentialit\u00e9.<\/p>\n<p><strong>\u00c0 qui fournissons-nous vos donn\u00e9es personnelles ?<\/strong><\/p>\n<p>Communication de donn\u00e9es : les informations fournies par l&rsquo;UTILISATEUR \u00e0 travers les r\u00e9seaux sociaux du RESPONSABLE, y compris ses donn\u00e9es personnelles, peuvent \u00eatre publi\u00e9es, toujours en fonction des services que l&rsquo;UTILISATEUR utilise, afin qu&rsquo;elles puissent \u00eatre rendues publiques par d&rsquo;autres utilisateurs tiers. des r\u00e9seaux sociaux. Depuis le profil de chaque r\u00e9seau social, l&rsquo;UTILISATEUR peut configurer les informations qu&rsquo;il souhaite rendre publiques dans chaque cas, voir les autorisations qui ont \u00e9t\u00e9 accord\u00e9es, les supprimer ou les d\u00e9sactiver, comme toute application tierce qu&rsquo;il ne souhaite plus utiliser. .<\/p>\n<p>Toutefois, aucune communication de donn\u00e9es personnelles \u00e0 des tiers en dehors du r\u00e9seau social n&rsquo;est pr\u00e9vue sauf, si elle est indispensable au d\u00e9veloppement et \u00e0 l&rsquo;ex\u00e9cution des finalit\u00e9s du traitement, \u00e0 nos fournisseurs.<br \/>\nde services li\u00e9s aux communications, avec lesquels le RESPONSABLE a sign\u00e9 les contrats de confidentialit\u00e9 et de traitement des donn\u00e9es requis par la r\u00e9glementation en vigueur sur la confidentialit\u00e9.<\/p>\n<p><strong>Quels sont vos droits ?<\/strong><\/p>\n<p>Droits qui assistent l&rsquo;UTILISATEUR\u00a0: ils ne peuvent \u00eatre satisfaits que par rapport aux informations qui sont sous le contr\u00f4le du RESPONSABLE.<\/p>\n<p>Droit de retirer son consentement \u00e0 tout moment.<br \/>\nDroit d&rsquo;acc\u00e8s, de rectification, de portabilit\u00e9 et de suppression de vos donn\u00e9es, et limitation ou opposition \u00e0 leur traitement.<br \/>\nDroit de d\u00e9poser une r\u00e9clamation aupr\u00e8s de l&rsquo;autorit\u00e9 de contr\u00f4le (www.aepd.es) si vous estimez que le traitement n&rsquo;est pas conforme \u00e0 la r\u00e9glementation en vigueur.<\/p>\n<p>Coordonn\u00e9es pour exercer vos droits :<\/p>\n<p>PARFUMS SUR MESURE SL Ayala, 82 &#8211; 28001 Madrid (Madrid). Courriel : lcapdevila@air-val.com<br \/>\nLa politique de confidentialit\u00e9 compl\u00e8te est disponible sur<\/p>\n<h3>2. UTILISATION DU PROFIL<\/h3>\n<p><strong>Le CONTROLEUR<\/strong> effectuera les actions suivantes :<\/p>\n<p>Acc\u00e8s aux informations de profil public.<br \/>\nPublication sur le profil de l&rsquo;UTILISATEUR de toutes les informations d\u00e9j\u00e0 publi\u00e9es sur le r\u00e9seau social du RESPONSABLE.<br \/>\nEnvoyez des messages personnels et individuels via les r\u00e9seaux sociaux.<br \/>\nMises \u00e0 jour de l&rsquo;\u00e9tat de la page qui seront publi\u00e9es dans le profil de l&rsquo;UTILISATEUR.<\/p>\n<p><strong>L&rsquo;UTILISATEUR<\/strong> peut \u00e0 tout moment contr\u00f4ler ses connexions, \u00e9liminer les contenus qui ne l&rsquo;int\u00e9ressent plus et restreindre les personnes avec lesquelles il partage ses connexions ; Pour ce faire, vous devez acc\u00e9der \u00e0 vos param\u00e8tres o\u00f9 vous trouverez<br \/>\ndiff\u00e9rentes possibilit\u00e9s de configuration en fonction du degr\u00e9 de confidentialit\u00e9 du profil utilisateur sur le r\u00e9seau social.<\/p>\n<h3>3. PUBLICATIONS<\/h3>\n<p>L&rsquo;objectif des r\u00e9seaux sociaux est de donner de la visibilit\u00e9 et de la diffusion des activit\u00e9s r\u00e9alis\u00e9es par le RESPONSABLE. Ces outils stockent des donn\u00e9es personnelles sur les serveurs des services respectifs et sont r\u00e9gis par leur propre politique de confidentialit\u00e9.<\/p>\n<p>L&rsquo;UTILISATEUR, une fois qu&rsquo;il est follower ou qu&rsquo;il a rejoint le r\u00e9seau social du CONTROLEUR, peut publier des commentaires, des liens, des images, photographies ou tout autre type de contenu multim\u00e9dia pris en charge par celui-ci. L&rsquo;UTILISATEUR, dans tous les cas, doit \u00eatre propri\u00e9taire du contenu publi\u00e9, jouir des droits d&rsquo;auteur et de propri\u00e9t\u00e9 intellectuelle ou avoir le consentement des tiers concern\u00e9s.<\/p>\n<p>Toute publication sur le r\u00e9seau social, qu&rsquo;il s&rsquo;agisse de textes, graphiques, photographies, vid\u00e9os, etc., est express\u00e9ment interdite. qui portent atteinte ou sont susceptibles de porter atteinte \u00e0 la moralit\u00e9, \u00e0 l&rsquo;\u00e9thique, au bon go\u00fbt ou \u00e0 la biens\u00e9ance, et\/ou qui portent atteinte,<br \/>\nvioler ou violer les droits de propri\u00e9t\u00e9 intellectuelle ou industrielle, le droit \u00e0 l\u2019image ou la Loi. Les commentaires ou contenus offensants, diffamatoires, ill\u00e9gaux ou inappropri\u00e9s ne seront pas tol\u00e9r\u00e9s sur les profils de l\u2019entreprise. Le<br \/>\nLa soci\u00e9t\u00e9 se r\u00e9serve le droit de supprimer ces commentaires ou contenus et de bloquer les utilisateurs responsables.<\/p>\n<p>Dans ces cas, le RESPONSABLE se r\u00e9serve le droit de supprimer imm\u00e9diatement le contenu, sans communication pr\u00e9alable, et peut demander le blocage permanent de l&rsquo;UTILISATEUR.<\/p>\n<p>Le RESPONSABLE ne sera pas responsable du contenu librement publi\u00e9 par l&rsquo;UTILISATEUR.<\/p>\n<p>L&rsquo;UTILISATEUR doit garder \u00e0 l&rsquo;esprit que ses publications seront connues des autres utilisateurs, c&rsquo;est pourquoi il est lui-m\u00eame le premier responsable de sa vie priv\u00e9e.<\/p>\n<p>Les images qui pourraient \u00eatre publi\u00e9es sur le r\u00e9seau social ne seront stock\u00e9es dans aucun fichier par le RESPONSABLE, mais elles resteront sur le r\u00e9seau social.<\/p>\n<h3>4. DONN\u00c9ES DES MINEURS OU DES PERSONNES \u00c0 CAPACIT\u00c9S SP\u00c9CIALES<\/h3>\n<p>Il est recommand\u00e9 de consulter et de lire les conditions d&rsquo;utilisation et la politique de confidentialit\u00e9 de chaque r\u00e9seau social au moment de l&rsquo;inscription, en tenant compte des diff\u00e9rentes conditions d&rsquo;\u00e2ge pour l&rsquo;inscription.<\/p>\n<p>De m\u00eame, le RESPONSABLE sera express\u00e9ment exon\u00e9r\u00e9 de toute responsabilit\u00e9 pouvant d\u00e9couler de l&rsquo;utilisation des r\u00e9seaux sociaux par des mineurs ou des personnes ayant des capacit\u00e9s particuli\u00e8res et dont l&rsquo;acc\u00e8s devra s&rsquo;effectuer sous la surveillance et le contr\u00f4le de leurs repr\u00e9sentants l\u00e9gaux.<\/p>\n<p>Le RESPONSABLE se r\u00e9serve le droit de modifier cette politique \u00e0 tout moment. Les modifications seront communiqu\u00e9es via nos profils de r\u00e9seaux sociaux et\/ou notre site Web.<\/p>\n","protected":false},"excerpt":{"rendered":"<p>POLITIQUE R\u00c9SEAUX SOCIAUX &nbsp; 1. INFORMATION \u00c0 L&rsquo;UTILISATEUR Qui est responsable du traitement de vos donn\u00e9es personnelles ? TAILORED PERFUMES SL sera responsable du traitement des donn\u00e9es personnelles des PERSONNES qui ont proc\u00e9d\u00e9 \u00e0 la cr\u00e9ation d&rsquo;un profil sur l&rsquo;un de ses r\u00e9seaux sociaux, et elles seront trait\u00e9es conform\u00e9ment aux dispositions du R\u00e8glement (UE) 2016\/679&#8230;<\/p>\n","protected":false},"author":8,"featured_media":0,"parent":0,"menu_order":0,"comment_status":"closed","ping_status":"closed","template":"","meta":{"footnotes":""},"class_list":["post-3167","page","type-page","status-publish","hentry"],"_links":{"self":[{"href":"https:\/\/www.tailoredperfumes.com\/fr\/wp-json\/wp\/v2\/pages\/3167"}],"collection":[{"href":"https:\/\/www.tailoredperfumes.com\/fr\/wp-json\/wp\/v2\/pages"}],"about":[{"href":"https:\/\/www.tailoredperfumes.com\/fr\/wp-json\/wp\/v2\/types\/page"}],"author":[{"embeddable":true,"href":"https:\/\/www.tailoredperfumes.com\/fr\/wp-json\/wp\/v2\/users\/8"}],"replies":[{"embeddable":true,"href":"https:\/\/www.tailoredperfumes.com\/fr\/wp-json\/wp\/v2\/comments?post=3167"}],"version-history":[{"count":4,"href":"https:\/\/www.tailoredperfumes.com\/fr\/wp-json\/wp\/v2\/pages\/3167\/revisions"}],"predecessor-version":[{"id":3299,"href":"https:\/\/www.tailoredperfumes.com\/fr\/wp-json\/wp\/v2\/pages\/3167\/revisions\/3299"}],"wp:attachment":[{"href":"https:\/\/www.tailoredperfumes.com\/fr\/wp-json\/wp\/v2\/media?parent=3167"}],"curies":[{"name":"wp","href":"https:\/\/api.w.org\/{rel}","templated":true}]}}