{"id":3186,"date":"2024-09-25T10:50:43","date_gmt":"2024-09-25T08:50:43","guid":{"rendered":"https:\/\/www.tailoredperfumes.com\/?page_id=3186"},"modified":"2024-09-27T12:37:54","modified_gmt":"2024-09-27T10:37:54","slug":"politique-matiere-cookies","status":"publish","type":"page","link":"https:\/\/www.tailoredperfumes.com\/fr\/politique-matiere-cookies\/","title":{"rendered":"POLITIQUE MATI\u00c8RE COOKIES"},"content":{"rendered":"<h2 style=\"text-align: center;\"><strong>POLITIQUE EN MATI\u00c8RE DE COOKIES<\/strong><\/h2>\n<p>&nbsp;<\/p>\n<p>Le but de cette politique en mati\u00e8re de cookies est d&rsquo;informer de mani\u00e8re claire et pr\u00e9cise sur les cookies utilis\u00e9s sur notre site Internet.<\/p>\n<p>Nous utilisons nos propres cookies et ceux de tiers pour am\u00e9liorer nos services, personnaliser notre site Web, faciliter la navigation de nos utilisateurs, vous offrir une meilleure exp\u00e9rience d&rsquo;utilisation du site Web, identifier<br \/>\nprobl\u00e8mes pour l&rsquo;am\u00e9liorer, effectuer des mesures et des statistiques d&rsquo;utilisation et vous montrer des publicit\u00e9s li\u00e9es \u00e0 vos pr\u00e9f\u00e9rences en analysant l&rsquo;utilisation du site Web.<\/p>\n<p>Nous vous informons que nous pouvons utiliser des cookies sur votre ordinateur \u00e0 condition que l&rsquo;utilisateur ait donn\u00e9 son consentement, sauf dans les cas o\u00f9 les cookies sont n\u00e9cessaires \u00e0 la navigation sur notre site Internet. Si vous donnez votre consentement, nous pouvons utiliser des cookies qui nous permettront d&rsquo;en savoir plus sur vos pr\u00e9f\u00e9rences et de personnaliser notre site Web en fonction de vos int\u00e9r\u00eats individuels.<\/p>\n<p>&nbsp;<\/p>\n<h3>QUE SONT LES COOKIES ?<\/h3>\n<p>Les cookies et autres technologies similaires, telles que les objets locaux partag\u00e9s, les cookies flash ou les pixels, sont des outils utilis\u00e9s par les serveurs Web pour stocker et r\u00e9cup\u00e9rer des informations sur leurs visiteurs, ainsi que pour assurer le bon fonctionnement du site.<\/p>\n<p>&nbsp;<\/p>\n<h3>TYPES DE COOKIES<\/h3>\n<p><strong>Types de cookies selon l&rsquo;entit\u00e9 qui les g\u00e8re :<\/strong><\/p>\n<p><strong>Cookies propres :<\/strong> sont ceux qui sont envoy\u00e9s \u00e0 l&rsquo;\u00e9quipement terminal de l&rsquo;utilisateur \u00e0 partir d&rsquo;un ordinateur ou d&rsquo;un domaine g\u00e9r\u00e9 par le propri\u00e9taire du site Web et \u00e0 partir duquel est fourni le service demand\u00e9 par l&rsquo;utilisateur.<br \/>\n<strong>Cookies tiers :<\/strong> sont ceux qui sont envoy\u00e9s \u00e0 l&rsquo;\u00e9quipement terminal de l&rsquo;utilisateur \u00e0 partir d&rsquo;un ordinateur ou d&rsquo;un domaine qui n&rsquo;est pas g\u00e9r\u00e9 par le propri\u00e9taire du site Web \u00e0 partir duquel le service demand\u00e9 par l&rsquo;utilisateur est fourni, mais par une autre entit\u00e9 qui traite les donn\u00e9es. obtenus gr\u00e2ce aux cookies. De m\u00eame, dans le cas o\u00f9 des cookies sont install\u00e9s \u00e0 partir d&rsquo;un ordinateur ou d&rsquo;un domaine g\u00e9r\u00e9 par le propri\u00e9taire du site Web mais que les informations collect\u00e9es \u00e0 travers eux sont g\u00e9r\u00e9es par un tiers, ils seront \u00e9galement consid\u00e9r\u00e9s comme des cookies de tiers.<\/p>\n<p><strong>Types de cookies selon leur finalit\u00e9 :<\/strong><\/p>\n<p><strong>Cookies techniques<\/strong> : sont ceux qui permettent \u00e0 l&rsquo;utilisateur de naviguer sur un site Internet, une plateforme ou une application et d&rsquo;utiliser les diff\u00e9rentes options ou services qui y existent,<br \/>\ny compris ceux que l&rsquo;\u00e9diteur utilise pour permettre la gestion et le fonctionnement du site Internet et permettre ses fonctions et services, comme, par exemple, le contr\u00f4le du trafic et de la communication des donn\u00e9es, l&rsquo;identification de la session, l&rsquo;acc\u00e8s aux parties \u00e0 acc\u00e8s restreint, la m\u00e9morisation des \u00e9l\u00e9ments qui composent un commander, effectuer le processus d&rsquo;achat d&rsquo;une commande, g\u00e9rer le paiement, contr\u00f4ler les fraudes li\u00e9es \u00e0 la s\u00e9curit\u00e9 du service, faire la demande d&rsquo;inscription ou de participation \u00e0 un \u00e9v\u00e9nement, comptabiliser les visites aux fins de facturation des licences du logiciel avec lequel le service \u0153uvres (site Internet, plateforme ou application), utiliser des \u00e9l\u00e9ments de s\u00e9curit\u00e9 lors de la navigation, stocker du contenu pour la diffusion de vid\u00e9os ou de sons, permettre du contenu dynamique (par exemple, animation de chargement d&rsquo;un texte ou d&rsquo;une image) ou partager du contenu via les r\u00e9seaux sociaux.<\/p>\n<p>Appartiennent \u00e9galement \u00e0 cette cat\u00e9gorie, en raison de leur nature technique, les cookies qui permettent la gestion, de la mani\u00e8re la plus efficace possible, des espaces publicitaires qui, en tant qu&rsquo;autre \u00e9l\u00e9ment de conception ou \u00ab\u00a0mise en page\u00a0\u00bb du service offert \u00e0 l&rsquo;utilisateur, que l&rsquo;\u00e9diteur a inclus dans une page Web, une application ou une plateforme en fonction de crit\u00e8res tels que le contenu \u00e9dit\u00e9, sans collecter d&rsquo;informations aupr\u00e8s des utilisateurs \u00e0 des fins diff\u00e9rentes, telles que la personnalisation de ce contenu publicitaire ou d&rsquo;autres contenus .<\/p>\n<p><strong>Cookies de pr\u00e9f\u00e9rence ou de personnalisation :<\/strong> ce sont ceux qui permettent \u00e0 l&rsquo;utilisateur de m\u00e9moriser des informations afin que l&rsquo;utilisateur puisse acc\u00e9der au service avec certaines caract\u00e9ristiques qui peuvent diff\u00e9rencier son exp\u00e9rience des autres.<br \/>\ndes autres utilisateurs, comme par exemple la langue, le nombre de r\u00e9sultats \u00e0 afficher lorsque l&rsquo;utilisateur effectue une recherche, l&rsquo;apparence ou le contenu du service en fonction du type de navigateur par lequel l&rsquo;utilisateur acc\u00e8de au service ou de la r\u00e9gion \u00e0 partir duquel vous acc\u00e9dez au service, etc.<br \/>\n<strong>Cookies d&rsquo;analyse ou de mesure :<\/strong> ce sont ceux qui permettent \u00e0 leur responsable de suivre et d&rsquo;analyser le comportement des utilisateurs des sites Internet auxquels ils sont li\u00e9s, y compris le<br \/>\nquantification des impacts des publicit\u00e9s. Les informations collect\u00e9es via ce type de cookies sont utilis\u00e9es pour mesurer l&rsquo;activit\u00e9 des sites Web, des applications ou des plateformes, afin d&rsquo;introduire des am\u00e9liorations bas\u00e9es sur l&rsquo;analyse des donn\u00e9es d&rsquo;utilisation effectu\u00e9es par les utilisateurs du service.<br \/>\nCookies de publicit\u00e9 comportementale : ce sont ceux qui permettent de g\u00e9rer, de la mani\u00e8re la plus efficace possible, les espaces publicitaires du site Internet. Ces cookies stockent des informations du comportement des utilisateurs obtenue gr\u00e2ce \u00e0 l&rsquo;observation continue de leurs habitudes de navigation, ce qui permet le d\u00e9veloppement d&rsquo;un profil sp\u00e9cifique pour afficher des publicit\u00e9s bas\u00e9es sur celui-ci.<br \/>\nCookies de g\u00e9olocalisation : ils sont utilis\u00e9s pour savoir o\u00f9 se trouve un utilisateur lorsqu&rsquo;il demande un service. Ce cookie est anonyme et sert par exemple \u00e0 vous proposer des informations adapt\u00e9es en fonction du pays dans lequel vous vous trouvez.<\/p>\n<p><strong>Types de cookies selon leur dur\u00e9e d&rsquo;activation :<\/strong><\/p>\n<p><strong>Cookies de session\u00a0:<\/strong> ce sont ceux con\u00e7us pour collecter et stocker des donn\u00e9es pendant que l&rsquo;utilisateur acc\u00e8de \u00e0 une page Web. Ils sont g\u00e9n\u00e9ralement utilis\u00e9s pour stocker des informations qu&rsquo;il est int\u00e9ressant de conserver uniquement pour la fourniture du service demand\u00e9 par l&rsquo;utilisateur en une seule occasion (par exemple, une liste de produits achet\u00e9s) et qui disparaissent \u00e0 la fin de la session.<br \/>\n<strong>Cookies persistants :<\/strong> sont ceux dans lesquels les donn\u00e9es continuent \u00e0 \u00eatre stock\u00e9es dans le terminal et peuvent \u00eatre consult\u00e9es et trait\u00e9es pendant une dur\u00e9e d\u00e9finie par le responsable du cookie, qui peut aller de quelques minutes \u00e0 plusieurs ann\u00e9es.<\/p>\n<p>&nbsp;<\/p>\n<p>&nbsp;<\/p>\n<p>&nbsp;<\/p>\n<p>&nbsp;<\/p>\n<h3>COMMENT LES COOKIES SONT-ILS D\u00c9SACTIV\u00c9S DANS LES NAVIGATEURS ?<\/h3>\n<p>L&rsquo;utilisateur peut, \u00e0 tout moment, autoriser, bloquer ou supprimer les cookies install\u00e9s sur son ordinateur en modifiant les param\u00e8tres de configuration du navigateur install\u00e9 sur son ordinateur :<\/p>\n<p>Param\u00e8tres <a href=\"https:\/\/support.google.com\/chrome\/answer\/95647?hl=es&amp;sc_ref_bbva=https%3A%2F%2Fwww.bbva.es%2Fsistema%2Fmeta%2Faviso-legal%2Findex.jsp\">Chrome<\/a> -&gt; Afficher les options avanc\u00e9es -&gt; Confidentialit\u00e9 -&gt; Param\u00e8tres de contenu. Pour plus d&rsquo;informations, vous pouvez consulter le <a href=\"https:\/\/support.google.com\/chrome\/answer\/95647?hl=es&amp;ref_topic=3434352\">support Google<\/a> ou l&rsquo;aide du navigateur.<br \/>\nOutils <a href=\"https:\/\/www.microsoft.com\/es-es\/edge\">Edge<\/a> -&gt; Options Internet -&gt; Confidentialit\u00e9 -&gt; Param\u00e8tres. Pour plus d&rsquo;informations, vous pouvez consulter le <a href=\"http:\/\/windows.microsoft.com\/es-es\/internet-explorer\/delete-managecookies#ie=ie-11\">support Microsoft<\/a> ou l&rsquo;aide du navigateur.<br \/>\n<a href=\"http:\/\/support.mozilla.org\/es\/kb\/habilitar-y-deshabilitar-cookies-que-los-sitios-we?sc_ref_bbva=https%3A%2F%2Fwww.bbva.es%2Fsistema%2Fmeta%2Faviso-legal%2Findex.jsp\">Firefox<\/a> Outils -&gt; Options -&gt; Confidentialit\u00e9 -&gt; Historique -&gt; Param\u00e8tres personnalis\u00e9s. Pour plus d&rsquo;informations, vous pouvez consulter le <a href=\"https:\/\/support.mozilla.org\/es\/\">support Mozilla<\/a> ou l&rsquo;aide du navigateur.<br \/>\nPr\u00e9f\u00e9rences <a href=\"http:\/\/support.apple.com\/kb\/ph5042?sc_ref_bbva=https%3A%2F%2Fwww.bbva.es%2Fsistema%2Fmeta%2Faviso-legal%2Findex.jsp\">Safari<\/a> -&gt; S\u00e9curit\u00e9. Pour plus d&rsquo;informations, vous pouvez consulter <a href=\"https:\/\/support.apple.com\/es-es\/HT201265\">l&rsquo;assistance Apple<\/a> ou l&rsquo;aide du navigateur.<\/p>\n<p>La d\u00e9sactivation des cookies n&#8217;emp\u00eache pas la navigation sur le site Web, m\u00eame si l&rsquo;utilisation de certains de ses services peut \u00eatre limit\u00e9e et, par cons\u00e9quent, votre exp\u00e9rience de navigation peut \u00eatre moins satisfaisante.<\/p>\n<p>&nbsp;<\/p>\n<h3>RETIRER LE CONSENTEMENT<\/h3>\n<p>L&rsquo;utilisateur peut \u00e0 tout moment retirer son consentement relatif \u00e0 la Politique de Cookies, et supprimer les cookies stock\u00e9s sur son ordinateur \u00e0 travers les param\u00e8tres et configurations de son navigateur Internet, indiqu\u00e9s ci-dessus, ainsi qu&rsquo;en acc\u00e9dant \u00e0 notre panneau de configuration : LIEN DU PANNEAU DE CONFIGURATION.<\/p>\n<p>Cette politique de cookies peut \u00eatre modifi\u00e9e \u00e0 tout moment lorsque la l\u00e9gislation en vigueur l&rsquo;exige ou en cas de variation dans le type de cookies utilis\u00e9s sur le site Web. Par cons\u00e9quent, nous recommandons<br \/>\nr\u00e9visez cette politique chaque fois que vous acc\u00e9dez \u00e0 notre site Web afin d\u2019\u00eatre correctement inform\u00e9 sur comment et pourquoi nous utilisons des cookies.<\/p>\n","protected":false},"excerpt":{"rendered":"<p>POLITIQUE EN MATI\u00c8RE DE COOKIES &nbsp; Le but de cette politique en mati\u00e8re de cookies est d&rsquo;informer de mani\u00e8re claire et pr\u00e9cise sur les cookies utilis\u00e9s sur notre site Internet. Nous utilisons nos propres cookies et ceux de tiers pour am\u00e9liorer nos services, personnaliser notre site Web, faciliter la navigation de nos utilisateurs, vous offrir&#8230;<\/p>\n","protected":false},"author":8,"featured_media":0,"parent":0,"menu_order":0,"comment_status":"closed","ping_status":"closed","template":"","meta":{"footnotes":""},"class_list":["post-3186","page","type-page","status-publish","hentry"],"_links":{"self":[{"href":"https:\/\/www.tailoredperfumes.com\/fr\/wp-json\/wp\/v2\/pages\/3186"}],"collection":[{"href":"https:\/\/www.tailoredperfumes.com\/fr\/wp-json\/wp\/v2\/pages"}],"about":[{"href":"https:\/\/www.tailoredperfumes.com\/fr\/wp-json\/wp\/v2\/types\/page"}],"author":[{"embeddable":true,"href":"https:\/\/www.tailoredperfumes.com\/fr\/wp-json\/wp\/v2\/users\/8"}],"replies":[{"embeddable":true,"href":"https:\/\/www.tailoredperfumes.com\/fr\/wp-json\/wp\/v2\/comments?post=3186"}],"version-history":[{"count":3,"href":"https:\/\/www.tailoredperfumes.com\/fr\/wp-json\/wp\/v2\/pages\/3186\/revisions"}],"predecessor-version":[{"id":3298,"href":"https:\/\/www.tailoredperfumes.com\/fr\/wp-json\/wp\/v2\/pages\/3186\/revisions\/3298"}],"wp:attachment":[{"href":"https:\/\/www.tailoredperfumes.com\/fr\/wp-json\/wp\/v2\/media?parent=3186"}],"curies":[{"name":"wp","href":"https:\/\/api.w.org\/{rel}","templated":true}]}}