{"id":3189,"date":"2024-09-25T10:55:34","date_gmt":"2024-09-25T08:55:34","guid":{"rendered":"https:\/\/www.tailoredperfumes.com\/?page_id=3189"},"modified":"2024-09-27T11:33:30","modified_gmt":"2024-09-27T09:33:30","slug":"polique-de-confidentialite","status":"publish","type":"page","link":"https:\/\/www.tailoredperfumes.com\/fr\/polique-de-confidentialite\/","title":{"rendered":"POLITIQUE DE CONFIDENTIALIT\u00c9"},"content":{"rendered":"<h2 style=\"text-align: center;\"><strong>POLITIQUE DE CONFIDENTIALIT\u00c9 ET DE PROTECTION DES DONN\u00c9ES PERSONNELLES<\/strong><\/h2>\n<p>&nbsp;<\/p>\n<h3>Contr\u00f4leur de donn\u00e9es<\/h3>\n<p><strong>La soci\u00e9t\u00e9 responsable du traitement de vos donn\u00e9es dans le cadre de la pr\u00e9sente Politique de Confidentialit\u00e9 est\u00a0:<\/strong><\/p>\n<p>PERFUMES TAILORED SL<br \/>\nNIF : B66718479<br \/>\nMaison: Ayala 82, 2 izq 28001 Madrid, Espa\u00f1a<br \/>\nAdresse e-mail : contact@tailoredperfumes.com<br \/>\nInternet : https:\/\/www.tailoredperfumes.com\/fr\/<br \/>\nT\u00e9l\u00e9phone: 936355335<br \/>\nInscrite au Registre du Commerce de<\/p>\n<p>Chez TAILORED PERFUMES SL, nous reconnaissons l\u2019importance de prot\u00e9ger vos informations personnelles et nous nous engageons \u00e0 les traiter de mani\u00e8re responsable et conform\u00e9ment aux lois sur la protection des donn\u00e9es.<\/p>\n<p>Cette politique de confidentialit\u00e9 vise \u00e0 r\u00e9glementer tous les aspects li\u00e9s au traitement des donn\u00e9es des diff\u00e9rents utilisateurs qui naviguent ou fournissent leurs donn\u00e9es personnelles \u00e0 travers les diff\u00e9rents formulaires situ\u00e9s sur le site.<\/p>\n<h3>Donn\u00e9es personnelles<\/h3>\n<p>Les donn\u00e9es personnelles sont des informations qui vous identifient ou vous rendent identifiable. A travers le site Internet, dans les cases pr\u00e9vues \u00e0 cet effet, nous collectons les donn\u00e9es personnelles que l&rsquo;utilisateur nous communique : nom, pr\u00e9nom, email, t\u00e9l\u00e9phone, adresse postale, ville, etc., ainsi que toutes les donn\u00e9es que l&rsquo;utilisateur a volontairement nous fournit \u00e0 travers l&rsquo;un des r\u00e9seaux sociaux pour lesquels l&rsquo;utilisateur est inscrit. Dans ce cas, la confidentialit\u00e9 d\u00e9pendra des param\u00e8tres \u00e9tablis par l\u2019utilisateur ainsi que des termes et conditions du r\u00e9seau social lui-m\u00eame.<\/p>\n<p>La visite de l&rsquo;utilisateur sur le site Internet n&rsquo;implique pas qu&rsquo;il doive fournir des informations sur ses donn\u00e9es personnelles. Cependant, si elles sont fournies, les donn\u00e9es seront trait\u00e9es licitement sous r\u00e9serve \u00e0 tout moment des principes et droits contenus dans le RGPD 2016\/679 du 27 avril 2016 et le LOPDGDD 3\/2018 du 5 d\u00e9cembre.<\/p>\n<p><strong>Finalit\u00e9, dur\u00e9e et l\u00e9gitimit\u00e9 du traitement :<\/strong><\/p>\n<p>Nous traiterons les donn\u00e9es que l&rsquo;utilisateur nous fournit aux fins suivantes :<\/p>\n<p>R\u00e9pondez \u00e0 la demande ou \u00e0 la demande formul\u00e9e par l&rsquo;utilisateur via le formulaire de contact situ\u00e9 sur le site Internet. Nous collectons et traitons les donn\u00e9es personnelles de l&rsquo;utilisateur pour pouvoir traiter et g\u00e9rer votre demande, une requ\u00eate ou toute demande que vous formulez via ledit formulaire. Nous conserverons ces donn\u00e9es pendant le temps n\u00e9cessaire pour r\u00e9pondre \u00e0 votre demande et pendant la dur\u00e9e fix\u00e9e par la loi avec une dur\u00e9e minimale de 3 ans.<\/p>\n<p>La base de l\u00e9gitimation du traitement des donn\u00e9es sera le consentement donn\u00e9 par l&rsquo;utilisateur en cochant la case d&rsquo;acceptation de notre politique de confidentialit\u00e9 avant d&rsquo;envoyer la demande. L&rsquo;utilisateur a le droit de r\u00e9voquer son consentement \u00e0 tout moment sans affecter la lic\u00e9it\u00e9 du traitement fond\u00e9 sur le consentement pr\u00e9alable \u00e0 son retrait.<\/p>\n<p>Am\u00e9liorez votre exp\u00e9rience de navigation sur le Web. Nous conserverons ces donn\u00e9es aussi longtemps que l&rsquo;utilisateur ne r\u00e9voque pas son consentement \u00e0 leur traitement en supprimant les cookies et pendant la dur\u00e9e fix\u00e9e par la loi avec une dur\u00e9e minimale de 3 ans.<\/p>\n<p>La base de la l\u00e9gitimit\u00e9 pour am\u00e9liorer votre exp\u00e9rience lors de la navigation sur le site Web est le consentement donn\u00e9 par l&rsquo;utilisateur en acceptant les cookies. L&rsquo;utilisateur a le droit de r\u00e9voquer son consentement \u00e0 tout moment sans affecter la l\u00e9galit\u00e9 du traitement bas\u00e9 sur le consentement pr\u00e9alable \u00e0 son retrait.<\/p>\n<p>G\u00e9rer nos r\u00e9seaux sociaux et vous envoyer des informations sur nos activit\u00e9s et produits. Nous conserverons ces donn\u00e9es aussi longtemps que l&rsquo;utilisateur ne r\u00e9voque pas son consentement \u00e0 leur traitement et pendant la dur\u00e9e fix\u00e9e par la loi avec une dur\u00e9e minimale de 3 ans.<\/p>\n<p>La base l\u00e9gitime pour g\u00e9rer nos r\u00e9seaux sociaux et vous envoyer nos activit\u00e9s et actualit\u00e9s est le consentement que vous nous donnez \u00e0 cet effet. L&rsquo;utilisateur a le droit de r\u00e9voquer son consentement \u00e0 tout moment\u00a0 \u00a0 \u00a0 \u00a0 \u00a0 \u00a0 \u00a0 \u00a0 \u00a0 \u00a0\u00a0 \u00a0 \u00a0 sans affecter la l\u00e9galit\u00e9 du traitement bas\u00e9 sur le consentement pr\u00e9alable \u00e0 son retrait.<\/p>\n<h3>Transfert ou communication de donn\u00e9es personnelles et transferts internationaux<\/h3>\n<p>Vos donn\u00e9es ne seront pas communiqu\u00e9es ou transf\u00e9r\u00e9es \u00e0 des tiers, sauf en cas d&rsquo;obligation l\u00e9gale ou de prestataires li\u00e9s au responsable du traitement qui agissent en tant que sous-traitants.<\/p>\n<p>Nos serveurs sont situ\u00e9s dans l&rsquo;Union europ\u00e9enne et, en g\u00e9n\u00e9ral, nous faisons appel \u00e0 des prestataires de services \u00e9galement situ\u00e9s dans l&rsquo;Espace \u00e9conomique europ\u00e9en ou dans des pays d\u00e9clar\u00e9s avec un niveau de protection ad\u00e9quat.<\/p>\n<p>Si nous devons faire appel \u00e0 des prestataires externes n\u00e9cessitant la transmission de donn\u00e9es personnelles en dehors de l&rsquo;Union europ\u00e9enne ou dans des pays qui n&rsquo;ont pas \u00e9t\u00e9 d\u00e9clar\u00e9s avec un niveau de protection ad\u00e9quat, nous garantirons la s\u00e9curit\u00e9 et la l\u00e9gitimit\u00e9 du traitement de vos donn\u00e9es par des d\u00e9cisions de ad\u00e9quation, clauses types, r\u00e8gles d&rsquo;entreprise contraignantes, exceptions ou tout autre instrument approuv\u00e9 par l&rsquo;autorit\u00e9 de contr\u00f4le offrant des garanties ad\u00e9quates.<\/p>\n<h3>Mise \u00e0 jour des donn\u00e9es<\/h3>\n<p>Il est important que pour que nous puissions maintenir \u00e0 jour les donn\u00e9es personnelles, l&rsquo;utilisateur nous informe toujours de toute modification de celles-ci, sinon nous ne sommes pas responsables de leur v\u00e9racit\u00e9.<\/p>\n<p>L&rsquo;utilisateur garantit que les donn\u00e9es personnelles fournies sont v\u00e9ridiques, garantissant que toutes les informations fournies correspondent \u00e0 la situation r\u00e9elle, qu&rsquo;elles sont mises \u00e0 jour et exactes, et est tenu de communiquer toute modification.<\/p>\n<h3>Donn\u00e9es de tiers<\/h3>\n<p>Si l&rsquo;utilisateur fournit des donn\u00e9es provenant de tiers \u00e0 quelque fin que ce soit \u00e0 TAILORED PERFUMES SL, il garantit qu&rsquo;il a obtenu ces donn\u00e9es de mani\u00e8re licite, qu&rsquo;il a pr\u00e9alablement inform\u00e9 les personnes concern\u00e9es, en obtenant leur consentement pour les communiquer et que les informations fournies sont exactes et v\u00e9ridiques.<\/p>\n<h3>Caract\u00e8re obligatoire des informations demand\u00e9es<\/h3>\n<p>Tous nos formulaires comportent un ast\u00e9risque (*) dans les donn\u00e9es obligatoires. Si l&rsquo;utilisateur ne fournit pas ces champs, ou ne coche pas la case pour accepter la politique de confidentialit\u00e9, l&rsquo;envoi des informations ne sera pas autoris\u00e9.<\/p>\n<h3>Droits des parties int\u00e9ress\u00e9es<\/h3>\n<p>Vous avez le droit d&rsquo;acc\u00e9der \u00e0 vos donn\u00e9es et d&rsquo;obtenir la confirmation de leur traitement, ainsi qu&rsquo;une copie des donn\u00e9es personnelles faisant l&rsquo;objet du traitement. Vous avez le droit de les mettre \u00e0 jour et de demander la rectification des donn\u00e9es inexactes ou de demander leur suppression lorsque les donn\u00e9es ne sont pas n\u00e9cessaires aux finalit\u00e9s pour lesquelles elles ont \u00e9t\u00e9 collect\u00e9es. Vous pouvez demander la limitation du traitement de vos donn\u00e9es et vous opposer \u00e0 leur traitement en r\u00e9voquant votre consentement, ainsi qu&rsquo;exercer le droit \u00e0 la portabilit\u00e9 des donn\u00e9es. De m\u00eame, vous avez le droit de ne pas faire l\u2019objet de d\u00e9cisions fond\u00e9es uniquement sur le traitement automatis\u00e9 de vos donn\u00e9es personnelles. Vous pouvez exercer vos droits en nous contactant \u00e0 lcapdevila@air-val.com. Si vous estimez que vos droits n&rsquo;ont pas \u00e9t\u00e9 correctement respect\u00e9s, vous avez le droit de d\u00e9poser une r\u00e9clamation aupr\u00e8s de l&rsquo;autorit\u00e9 de<br \/>\ncontr\u00f4le sur www.aepd.es.<\/p>\n<h3>Traitement des donn\u00e9es des mineurs<\/h3>\n<p>Celui qui fournit les donn\u00e9es \u00e0 travers les formulaires de ce site et accepte leur traitement d\u00e9clare avoir plus de 14 ans, et l&rsquo;acc\u00e8s et l&rsquo;utilisation du portail sont interdits aux mineurs de moins de 14 ans. Si, \u00e0 tout moment, le responsable du traitement d\u00e9tecte qu&rsquo;un mineur de moins de 14 ans a fourni des donn\u00e9es personnelles, nous proc\u00e9derons \u00e0 leur annulation. De m\u00eame, les parents ou tuteurs peuvent dans tous les cas contacter TAILORED PERFUMES SL pour bloquer le compte d&rsquo;acc\u00e8s des mineurs dont ils ont la garde et qui se sont inscrits en falsifiant leur identit\u00e9.<\/p>\n<h3>R\u00e9seaux sociaux<\/h3>\n<p>Le but des outils comme Facebook, Twitter, Instagram, etc. ou d&rsquo;autres r\u00e9seaux sociaux est de donner de la visibilit\u00e9 et de la diffusion aux activit\u00e9s men\u00e9es par notre organisation. Ces outils stockent des donn\u00e9es personnelles sur les serveurs des services respectifs et sont r\u00e9gis par leur propre politique de confidentialit\u00e9. Il est recommand\u00e9 de consulter et de lire les conditions d&rsquo;utilisation et la politique de confidentialit\u00e9 du r\u00e9seau social au moment de l&rsquo;inscription, en tenant compte des diff\u00e9rentes possibilit\u00e9s de configuration en fonction du degr\u00e9 de confidentialit\u00e9 du profil de l&rsquo;utilisateur sur le r\u00e9seau social.<\/p>\n<p>De m\u00eame, le Responsable du traitement se r\u00e9serve le droit d&rsquo;\u00e9liminer de ses r\u00e9seaux sociaux toute information publi\u00e9e par des tiers qui viole la loi, les incite \u00e0 le faire ou contient des messages portant atteinte \u00e0 la dignit\u00e9 des personnes ou des institutions. Ainsi que le droit de bloquer ou de signaler le profil auteur de ces messages.<\/p>\n<p><strong>Traitement des cookies<\/strong><\/p>\n<p>Un cookie est un petit fichier t\u00e9l\u00e9charg\u00e9 et stock\u00e9 sur l&rsquo;ordinateur de l&rsquo;utilisateur lorsque celui-ci acc\u00e8de \u00e0 une page Web. Les cookies permettent, entre autres, au site Web de stocker et de r\u00e9cup\u00e9rer des informations sur les habitudes de navigation de l&rsquo;utilisateur ou de son \u00e9quipement et, en fonction des informations qu&rsquo;ils contiennent et de la mani\u00e8re dont il utilise son \u00e9quipement, ils peuvent \u00eatre utilis\u00e9s pour reconna\u00eetre l&rsquo;utilisateur. .<\/p>\n<p>L&rsquo;utilisateur a la possibilit\u00e9 d&#8217;emp\u00eacher la g\u00e9n\u00e9ration de cookies en s\u00e9lectionnant l&rsquo;option correspondante dans son programme de navigation. Vous pouvez obtenir plus d\u2019informations en lisant notre Politique de Cookies.<\/p>\n","protected":false},"excerpt":{"rendered":"<p>POLITIQUE DE CONFIDENTIALIT\u00c9 ET DE PROTECTION DES DONN\u00c9ES PERSONNELLES &nbsp; Contr\u00f4leur de donn\u00e9es La soci\u00e9t\u00e9 responsable du traitement de vos donn\u00e9es dans le cadre de la pr\u00e9sente Politique de Confidentialit\u00e9 est\u00a0: PERFUMES TAILORED SL NIF : B66718479 Maison: Ayala 82, 2 izq 28001 Madrid, Espa\u00f1a Adresse e-mail : contact@tailoredperfumes.com Internet : https:\/\/www.tailoredperfumes.com\/fr\/ T\u00e9l\u00e9phone: 936355335 Inscrite&#8230;<\/p>\n","protected":false},"author":8,"featured_media":0,"parent":0,"menu_order":0,"comment_status":"closed","ping_status":"closed","template":"","meta":{"footnotes":""},"class_list":["post-3189","page","type-page","status-publish","hentry"],"_links":{"self":[{"href":"https:\/\/www.tailoredperfumes.com\/fr\/wp-json\/wp\/v2\/pages\/3189"}],"collection":[{"href":"https:\/\/www.tailoredperfumes.com\/fr\/wp-json\/wp\/v2\/pages"}],"about":[{"href":"https:\/\/www.tailoredperfumes.com\/fr\/wp-json\/wp\/v2\/types\/page"}],"author":[{"embeddable":true,"href":"https:\/\/www.tailoredperfumes.com\/fr\/wp-json\/wp\/v2\/users\/8"}],"replies":[{"embeddable":true,"href":"https:\/\/www.tailoredperfumes.com\/fr\/wp-json\/wp\/v2\/comments?post=3189"}],"version-history":[{"count":5,"href":"https:\/\/www.tailoredperfumes.com\/fr\/wp-json\/wp\/v2\/pages\/3189\/revisions"}],"predecessor-version":[{"id":3294,"href":"https:\/\/www.tailoredperfumes.com\/fr\/wp-json\/wp\/v2\/pages\/3189\/revisions\/3294"}],"wp:attachment":[{"href":"https:\/\/www.tailoredperfumes.com\/fr\/wp-json\/wp\/v2\/media?parent=3189"}],"curies":[{"name":"wp","href":"https:\/\/api.w.org\/{rel}","templated":true}]}}